{"id":768161,"date":"2025-08-28T13:11:15","date_gmt":"2025-08-28T10:11:15","guid":{"rendered":"https:\/\/roveyayinevi.com.tr\/index.php\/urun\/gezegeni-nasil-duzeltiriz\/"},"modified":"2026-04-15T03:34:02","modified_gmt":"2026-04-15T00:34:02","slug":"gezegeni-nasil-duzeltiriz","status":"publish","type":"product","link":"https:\/\/roveyayinevi.com.tr\/index.php\/urun\/gezegeni-nasil-duzeltiriz\/","title":{"rendered":"Gezegeni Nas\u0131l D\u00fczeltiriz?"},"content":{"rendered":"<p>\u201cBa\u015fta gen\u00e7ler olmak \u00fczere pek \u00e7ok insan iklim de\u011fi\u015fikli\u011fi, k\u00fcresel zehirlenme, pandemiler, n\u00fckleer sava\u015f gibi muazzam k\u00fcresel sorunlar\u0131 \u00e7\u00f6zme g\u00f6revinin devasal\u0131\u011f\u0131 kar\u015f\u0131s\u0131nda umutsuzlu\u011fa kap\u0131ld\u0131\u011f\u0131n\u0131 s\u00f6yl\u00fcyor. Umutsuzlu\u011fun panzehri eylemdir. Bu kitap tamamen eylemle ilgili; neler yap\u0131lmas\u0131 gerekti\u011fini anlatan zengin bir bilimsel literat\u00fcrden ve di\u011fer g\u00fcvenilir kaynaklardan al\u0131nan tavsiyelerin dam\u0131t\u0131lmas\u0131yla olu\u015ftu.\u201d \u0130nsanl\u0131\u011f\u0131n kar\u015f\u0131 kar\u015f\u0131ya oldu\u011fu b\u00fcy\u00fcyen yok olu\u015f tehlikesini konu edinen Gezegeni Nas\u0131l D\u00fczeltiriz? ya\u015fam tarz\u0131m\u0131z\u0131n felakete yol a\u00e7an sonu\u00e7lar\u0131ndan ka\u00e7\u0131nmak i\u00e7in hem k\u00fcresel hem de ki\u015fisel d\u00fczeyde yapabileceklerimize, yapmak zorunda olduklar\u0131m\u0131za odaklan\u0131yor.<\/p>\n","protected":false},"excerpt":{"rendered":"<p>\u201cBa\u015fta gen\u00e7ler olmak \u00fczere pek \u00e7ok insan iklim de\u011fi\u015fikli\u011fi, k\u00fcresel zehirlenme, pandemiler, n\u00fckleer sava\u015f gibi muazzam k\u00fcresel sorunlar\u0131 \u00e7\u00f6zme g\u00f6revinin devasal\u0131\u011f\u0131 kar\u015f\u0131s\u0131nda umutsuzlu\u011fa kap\u0131ld\u0131\u011f\u0131n\u0131 s\u00f6yl\u00fcyor. Umutsuzlu\u011fun<span class=\"excerpt-hellip\"> [\u2026]<\/span><\/p>\n","protected":false},"featured_media":0,"template":"","meta":{"_monsterinsights_skip_tracking":false,"_monsterinsights_sitenote_active":false,"_monsterinsights_sitenote_note":"","_monsterinsights_sitenote_category":0},"product_brand":[],"product_cat":[14787,13488],"product_tag":[],"class_list":{"0":"post-768161","1":"product","2":"type-product","3":"status-publish","5":"product_cat-diger-toplum-ve-insan","6":"product_cat-toplum-ve-insan","7":"pa_cilt-ciltsiz","8":"pa_tur-kitap","9":"pa_yayinevi-is-bankasi-kultur-yayinlari","10":"pa_yazar-julian-cribb","12":"first","13":"instock","14":"sale","15":"shipping-taxable","16":"purchasable","17":"product-type-simple"},"_links":{"self":[{"href":"https:\/\/roveyayinevi.com.tr\/index.php\/wp-json\/wp\/v2\/product\/768161","targetHints":{"allow":["GET"]}}],"collection":[{"href":"https:\/\/roveyayinevi.com.tr\/index.php\/wp-json\/wp\/v2\/product"}],"about":[{"href":"https:\/\/roveyayinevi.com.tr\/index.php\/wp-json\/wp\/v2\/types\/product"}],"wp:attachment":[{"href":"https:\/\/roveyayinevi.com.tr\/index.php\/wp-json\/wp\/v2\/media?parent=768161"}],"wp:term":[{"taxonomy":"product_brand","embeddable":true,"href":"https:\/\/roveyayinevi.com.tr\/index.php\/wp-json\/wp\/v2\/product_brand?post=768161"},{"taxonomy":"product_cat","embeddable":true,"href":"https:\/\/roveyayinevi.com.tr\/index.php\/wp-json\/wp\/v2\/product_cat?post=768161"},{"taxonomy":"product_tag","embeddable":true,"href":"https:\/\/roveyayinevi.com.tr\/index.php\/wp-json\/wp\/v2\/product_tag?post=768161"}],"curies":[{"name":"wp","href":"https:\/\/api.w.org\/{rel}","templated":true}]}}