{"id":768160,"date":"2025-08-28T13:11:13","date_gmt":"2025-08-28T10:11:13","guid":{"rendered":"https:\/\/roveyayinevi.com.tr\/index.php\/urun\/arayanlar-icin-aciklamali-bilgelik-2\/"},"modified":"2026-04-15T03:34:02","modified_gmt":"2026-04-15T00:34:02","slug":"arayanlar-icin-aciklamali-bilgelik-2","status":"publish","type":"product","link":"https:\/\/roveyayinevi.com.tr\/index.php\/urun\/arayanlar-icin-aciklamali-bilgelik-2\/","title":{"rendered":"Arayanlar \u0130\u00e7in A\u00e7\u0131klamal\u0131 Bilgelik"},"content":{"rendered":"<p>\u201cEzelden beri insanlar kendilerine varolu\u015fun anlam\u0131n\u0131 sormu\u015flard\u0131r. Sadece yemek yemek, uyumak, \u00fcremek, \u00e7al\u0131\u015fmak ve e\u011flenmek i\u00e7in mi d\u00fcnyaday\u0131z? Yoksa insan hayat\u0131n\u0131n ba\u015fka bir anlam\u0131 olabilir mi? Erkekler, kad\u0131nlar farkl\u0131 d\u00f6nemler boyunca farkl\u0131 farkl\u0131 yerlerde hep bu soruya cevap aram\u0131\u015flard\u0131r. Bilgilerinin ve deneyimlerinin bir sonucu olarak da birbirine yakla\u015fan cevaplar ortaya koymu\u015flard\u0131r. Derler ki, k\u0131sa varolu\u015fumuz i\u00e7inde en \u00f6nemli \u015fey, m\u00fcmk\u00fcn olan en iyi hayat\u0131 s\u00fcrd\u00fcrebilmek i\u00e7in kalbimizle ve akl\u0131m\u0131zla ya\u015famay\u0131 \u00f6\u011frenmektir. \u0130nsanl\u0131\u011fa eri\u015febilmek, ruhumuzu g\u00f6lgeleyen ve ba\u015fkas\u0131yla ili\u015fkilerimizi zehirleyen k\u00f6t\u00fcl\u00fckleri yenebilmek i\u00e7in&#8230; \u0130\u015fte \u2018bilgelik\u2019 dedi\u011fimiz budur. Soylu, bilin\u00e7li, ayd\u0131nl\u0131k, sorumluluk y\u00fcklenmi\u015f, sevgi dolu, uyumlu, adil, huzurlu, ne\u015feli ve \u00f6zg\u00fcr bir hayat idealine y\u00f6nelmek.\u201d<\/p>\n","protected":false},"excerpt":{"rendered":"<p>\u201cEzelden beri insanlar kendilerine varolu\u015fun anlam\u0131n\u0131 sormu\u015flard\u0131r. Sadece yemek yemek, uyumak, \u00fcremek, \u00e7al\u0131\u015fmak ve e\u011flenmek i\u00e7in mi d\u00fcnyaday\u0131z? Yoksa insan hayat\u0131n\u0131n ba\u015fka bir anlam\u0131 olabilir mi?<span class=\"excerpt-hellip\"> [\u2026]<\/span><\/p>\n","protected":false},"featured_media":0,"template":"","meta":{"_monsterinsights_skip_tracking":false,"_monsterinsights_sitenote_active":false,"_monsterinsights_sitenote_note":"","_monsterinsights_sitenote_category":0},"product_brand":[],"product_cat":[12364,12376],"product_tag":[],"class_list":{"0":"post-768160","1":"product","2":"type-product","3":"status-publish","5":"product_cat-genel-konular","6":"product_cat-kisisel-gelisim","7":"pa_cilt-ciltsiz","8":"pa_tur-kitap","9":"pa_yayinevi-is-bankasi-kultur-yayinlari","10":"pa_yazar-frederic-lenoir","12":"first","13":"instock","14":"sale","15":"shipping-taxable","16":"purchasable","17":"product-type-simple"},"_links":{"self":[{"href":"https:\/\/roveyayinevi.com.tr\/index.php\/wp-json\/wp\/v2\/product\/768160","targetHints":{"allow":["GET"]}}],"collection":[{"href":"https:\/\/roveyayinevi.com.tr\/index.php\/wp-json\/wp\/v2\/product"}],"about":[{"href":"https:\/\/roveyayinevi.com.tr\/index.php\/wp-json\/wp\/v2\/types\/product"}],"wp:attachment":[{"href":"https:\/\/roveyayinevi.com.tr\/index.php\/wp-json\/wp\/v2\/media?parent=768160"}],"wp:term":[{"taxonomy":"product_brand","embeddable":true,"href":"https:\/\/roveyayinevi.com.tr\/index.php\/wp-json\/wp\/v2\/product_brand?post=768160"},{"taxonomy":"product_cat","embeddable":true,"href":"https:\/\/roveyayinevi.com.tr\/index.php\/wp-json\/wp\/v2\/product_cat?post=768160"},{"taxonomy":"product_tag","embeddable":true,"href":"https:\/\/roveyayinevi.com.tr\/index.php\/wp-json\/wp\/v2\/product_tag?post=768160"}],"curies":[{"name":"wp","href":"https:\/\/api.w.org\/{rel}","templated":true}]}}