{"id":768158,"date":"2025-08-28T13:11:09","date_gmt":"2025-08-28T10:11:09","guid":{"rendered":"https:\/\/roveyayinevi.com.tr\/index.php\/urun\/morg-sokagi-cinayetleri\/"},"modified":"2026-04-15T03:34:02","modified_gmt":"2026-04-15T00:34:02","slug":"morg-sokagi-cinayetleri","status":"publish","type":"product","link":"https:\/\/roveyayinevi.com.tr\/index.php\/urun\/morg-sokagi-cinayetleri\/","title":{"rendered":"Morg Soka\u011f\u0131 Cinayetleri"},"content":{"rendered":"<p>Hi\u00e7 \u015f\u00fcphe yoktu \u00f6l\u00fcyd\u00fc; hem de daha \u00f6nce hi\u00e7 ya\u015famam\u0131\u015f gibi \u00f6l\u00fc.\u201d     \u201cMorg Soka\u011f\u0131 Cinayetleri\u201dni okurken sen de \u00e7o\u011fu okur gibi ayn\u0131 c\u00fcmleyi kuracaks\u0131n: \u201cAcaba sonra ne olacak?\u201d Edgar Allan Poe\u2019nun merak uyand\u0131ran kaleminden korku ve gerilim hik\u00e2yeleri g\u00fcn\u00fcm\u00fcz okurunun dikkatini \u00e7eken t\u00fcrden. O nedenle Poe; \u201ckorku\u201d, \u201cgerilim\u201d ve \u201cpolisiye\u201d t\u00fcr\u00fcn\u00fcn b\u00fcy\u00fck ustas\u0131 diye an\u0131l\u0131yor. Bu \u00fcnvan\u0131 fazlas\u0131yla hak etti\u011fini hik\u00e2yeleri okurken fark edeceksiniz. Morg Soka\u011f\u0131 Cinayetleri, birbirinden etkileyici, merak uyand\u0131r\u0131c\u0131, \u00fcrk\u00fct\u00fcc\u00fc, korkutucu, d\u00fc\u015f\u00fcnd\u00fcr\u00fcc\u00fc hik\u00e2yeleri ihtiva ediyor. Deh\u015fetli olaylarla, tuhaf karakterlerle ve esrarengiz durumlarla kar\u015f\u0131la\u015fmaya haz\u0131r olun. <\/p>\n","protected":false},"excerpt":{"rendered":"<p>Hi\u00e7 \u015f\u00fcphe yoktu \u00f6l\u00fcyd\u00fc; hem de daha \u00f6nce hi\u00e7 ya\u015famam\u0131\u015f gibi \u00f6l\u00fc.\u201d \u201cMorg Soka\u011f\u0131 Cinayetleri\u201dni okurken sen de \u00e7o\u011fu okur gibi ayn\u0131 c\u00fcmleyi kuracaks\u0131n: \u201cAcaba sonra<span class=\"excerpt-hellip\"> [\u2026]<\/span><\/p>\n","protected":false},"featured_media":0,"template":"","meta":{"_monsterinsights_skip_tracking":false,"_monsterinsights_sitenote_active":false,"_monsterinsights_sitenote_note":"","_monsterinsights_sitenote_category":0},"product_brand":[],"product_cat":[12291,17033],"product_tag":[],"class_list":{"0":"post-768158","1":"product","2":"type-product","3":"status-publish","5":"product_cat-edebiyat","6":"product_cat-korku-gerilim","7":"pa_cilt-ciltli","8":"pa_tur-kitap","9":"pa_yayinevi-q-yayinlari","10":"pa_yazar-edgar-allan-poe","12":"first","13":"instock","14":"sale","15":"shipping-taxable","16":"purchasable","17":"product-type-simple"},"_links":{"self":[{"href":"https:\/\/roveyayinevi.com.tr\/index.php\/wp-json\/wp\/v2\/product\/768158","targetHints":{"allow":["GET"]}}],"collection":[{"href":"https:\/\/roveyayinevi.com.tr\/index.php\/wp-json\/wp\/v2\/product"}],"about":[{"href":"https:\/\/roveyayinevi.com.tr\/index.php\/wp-json\/wp\/v2\/types\/product"}],"wp:attachment":[{"href":"https:\/\/roveyayinevi.com.tr\/index.php\/wp-json\/wp\/v2\/media?parent=768158"}],"wp:term":[{"taxonomy":"product_brand","embeddable":true,"href":"https:\/\/roveyayinevi.com.tr\/index.php\/wp-json\/wp\/v2\/product_brand?post=768158"},{"taxonomy":"product_cat","embeddable":true,"href":"https:\/\/roveyayinevi.com.tr\/index.php\/wp-json\/wp\/v2\/product_cat?post=768158"},{"taxonomy":"product_tag","embeddable":true,"href":"https:\/\/roveyayinevi.com.tr\/index.php\/wp-json\/wp\/v2\/product_tag?post=768158"}],"curies":[{"name":"wp","href":"https:\/\/api.w.org\/{rel}","templated":true}]}}