{"id":768155,"date":"2025-08-28T13:11:05","date_gmt":"2025-08-28T10:11:05","guid":{"rendered":"https:\/\/roveyayinevi.com.tr\/index.php\/urun\/gocebeler-dunyamizi-sekillendiren-gezginler\/"},"modified":"2026-04-15T03:34:01","modified_gmt":"2026-04-15T00:34:01","slug":"gocebeler-dunyamizi-sekillendiren-gezginler","status":"publish","type":"product","link":"https:\/\/roveyayinevi.com.tr\/index.php\/urun\/gocebeler-dunyamizi-sekillendiren-gezginler\/","title":{"rendered":"G\u00f6\u00e7ebeler \u2013 D\u00fcnyam\u0131z\u0131 \u015eekillendiren Gezginler"},"content":{"rendered":"<p>G\u00f6\u00e7ebeler yerle\u015fik toplumlar ile gezgin toplumlar aras\u0131ndaki d\u00f6n\u00fc\u015ft\u00fcr\u00fcc\u00fc ve \u00e7o\u011fu kez kanl\u0131 ili\u015fkinin binlerce y\u0131ll\u0131k tarihini inceliyor. Anthony Sattin bu iki farkl\u0131 ya\u015fam tarz\u0131n\u0131n s\u0131kl\u0131kla g\u00f6z ard\u0131 edilmi\u015f ve birbirinden ayr\u0131lmaz ba\u011flant\u0131lar\u0131n\u0131 a\u00e7\u0131klarken, insanl\u0131\u011f\u0131n uygarl\u0131k maceras\u0131na benzersiz bir bak\u0131\u015f sunuyor.   Bizi insan k\u0131lan tedirginlik\/yerinde duramama halinin evrimsel biyolojisi ve psikolojisini ara\u015ft\u0131ran Sattin\u2019in bu kapsaml\u0131 \u00e7al\u0131\u015fmas\u0131, Kitab\u0131 Mukaddes \u00f6ncesi d\u00f6nemden g\u00fcn\u00fcm\u00fczdeki gerileyi\u015f s\u00fcrecine dek, g\u00f6\u00e7ebeli\u011fin uygarl\u0131\u011f\u0131m\u0131z\u0131 besleyen etkileyici g\u00fcc\u00fcn\u00fc anlat\u0131yor.   G\u00f6\u00e7ebeler Neolitik Devrim\u2019den Roma \u0130mparatorlu\u011fu\u2019nun \u00e7\u00f6k\u00fc\u015f\u00fcne, Arap, Mo\u011fol ve Bab\u00fcr imparatorluklar\u0131ndan \u0130pek Yolu\u2019na ve modern k\u00fclt\u00fcre uzanan s\u0131ra d\u0131\u015f\u0131 bir tarih yolculu\u011fu.   \u201c\u00c7ekici hik\u00e2yeleri tarihin destans\u0131 ilerleyi\u015fiyle harmanlayan ve masals\u0131 \u00e7a\u011fr\u0131\u015f\u0131mlar uyand\u0131ran edebi bir yap\u0131t\u2026\u201d Jerry Brotton   \u201cVicdan \u00f6zg\u00fcrl\u00fc\u011f\u00fcn\u00fcn, hareket ve yer de\u011fi\u015ftirme \u00f6zg\u00fcrl\u00fc\u011f\u00fcn\u00fcn co\u015fkulu bir savunusu; ba\u011f\u0131ms\u0131zl\u0131\u011fa, \u00f6zg\u00fcr ruha ve do\u011fan\u0131n ritimleriyle uyum i\u00e7inde olmaya romantik bir \u00f6vg\u00fc.\u201d Marc David Baer   \u201cGazeteci ve seyahat yazar\u0131 Sattin\u2019den, g\u00f6\u00e7ebe k\u00fclt\u00fcrlerin modern uygarl\u0131\u011f\u0131n geli\u015fiminde oynad\u0131\u011f\u0131 role ili\u015fkin ayd\u0131nlat\u0131c\u0131 bir inceleme.\u201d Publishers Weekly   \u201cS\u0131n\u0131rlarla b\u00f6l\u00fcnm\u00fc\u015f g\u00fcn\u00fcm\u00fcz d\u00fcnyas\u0131na ili\u015fkin sars\u0131c\u0131 dersler sunan, g\u00fczellik ve b\u00fcy\u00fcleyici ritimle dolu bir kitap.\u201d The Times   \u201cSattin, m\u00fcthi\u015f bir hik\u00e2ye anlat\u0131c\u0131s\u0131.\u201d New York Times <\/p>\n","protected":false},"excerpt":{"rendered":"<p>G\u00f6\u00e7ebeler yerle\u015fik toplumlar ile gezgin toplumlar aras\u0131ndaki d\u00f6n\u00fc\u015ft\u00fcr\u00fcc\u00fc ve \u00e7o\u011fu kez kanl\u0131 ili\u015fkinin binlerce y\u0131ll\u0131k tarihini inceliyor. Anthony Sattin bu iki farkl\u0131 ya\u015fam tarz\u0131n\u0131n s\u0131kl\u0131kla g\u00f6z<span class=\"excerpt-hellip\"> [\u2026]<\/span><\/p>\n","protected":false},"featured_media":0,"template":"","meta":{"_monsterinsights_skip_tracking":false,"_monsterinsights_sitenote_active":false,"_monsterinsights_sitenote_note":"","_monsterinsights_sitenote_category":0},"product_brand":[],"product_cat":[12370,12304],"product_tag":[],"class_list":{"0":"post-768155","1":"product","2":"type-product","3":"status-publish","5":"product_cat-arastirma-inceleme","6":"product_cat-tarih","7":"pa_cilt-ciltsiz","8":"pa_tur-kitap","9":"pa_yayinevi-yapi-kredi-yayinlari","10":"pa_yazar-anthony-sattin","12":"first","13":"instock","14":"sale","15":"shipping-taxable","16":"purchasable","17":"product-type-simple"},"_links":{"self":[{"href":"https:\/\/roveyayinevi.com.tr\/index.php\/wp-json\/wp\/v2\/product\/768155","targetHints":{"allow":["GET"]}}],"collection":[{"href":"https:\/\/roveyayinevi.com.tr\/index.php\/wp-json\/wp\/v2\/product"}],"about":[{"href":"https:\/\/roveyayinevi.com.tr\/index.php\/wp-json\/wp\/v2\/types\/product"}],"wp:attachment":[{"href":"https:\/\/roveyayinevi.com.tr\/index.php\/wp-json\/wp\/v2\/media?parent=768155"}],"wp:term":[{"taxonomy":"product_brand","embeddable":true,"href":"https:\/\/roveyayinevi.com.tr\/index.php\/wp-json\/wp\/v2\/product_brand?post=768155"},{"taxonomy":"product_cat","embeddable":true,"href":"https:\/\/roveyayinevi.com.tr\/index.php\/wp-json\/wp\/v2\/product_cat?post=768155"},{"taxonomy":"product_tag","embeddable":true,"href":"https:\/\/roveyayinevi.com.tr\/index.php\/wp-json\/wp\/v2\/product_tag?post=768155"}],"curies":[{"name":"wp","href":"https:\/\/api.w.org\/{rel}","templated":true}]}}