{"id":768147,"date":"2025-08-28T13:10:52","date_gmt":"2025-08-28T10:10:52","guid":{"rendered":"https:\/\/roveyayinevi.com.tr\/index.php\/urun\/doktora-gidiyorum-hareketli-buyuyorum-serisi-8\/"},"modified":"2026-04-15T03:34:01","modified_gmt":"2026-04-15T00:34:01","slug":"doktora-gidiyorum-hareketli-buyuyorum-serisi-8","status":"publish","type":"product","link":"https:\/\/roveyayinevi.com.tr\/index.php\/urun\/doktora-gidiyorum-hareketli-buyuyorum-serisi-8\/","title":{"rendered":"Doktora Gidiyorum &#8211; Hareketli B\u00fcy\u00fcyorum Serisi 8"},"content":{"rendered":"<p>\u00c7ocuklar\u0131n doktor korkusunu yat\u0131\u015ft\u0131rmak i\u00e7in yararlanaca\u011f\u0131n\u0131z resimli ve hareketli bir kitap!   Merakl\u0131 anne babalara yard\u0131mc\u0131 olacak bu resimli ve hareketli kitaplar uyku vakti, giyinmek, yemek yemek, emzik al\u0131\u015fkanl\u0131\u011f\u0131n\u0131 b\u0131rakmak, tuvalet e\u011fitimi, payla\u015fmak, doktor korkusunu yat\u0131\u015ft\u0131rmak ve \u00e7ocuklar\u0131n en sevdikleri oyuncak gibi temel konularda haz\u0131rlanm\u0131\u015ft\u0131r. 0-3 ya\u015f grubuna \u00f6zel olarak haz\u0131rlanan bu kitaplar\u0131n sayfalar\u0131 daha kal\u0131nd\u0131r, kitap sayfalar\u0131nda hareketli par\u00e7alar, \u00e7arklar yer al\u0131r ve k\u00f6\u015feleri yuvarlak tasarlanm\u0131\u015ft\u0131r.<\/p>\n","protected":false},"excerpt":{"rendered":"<p>\u00c7ocuklar\u0131n doktor korkusunu yat\u0131\u015ft\u0131rmak i\u00e7in yararlanaca\u011f\u0131n\u0131z resimli ve hareketli bir kitap! Merakl\u0131 anne babalara yard\u0131mc\u0131 olacak bu resimli ve hareketli kitaplar uyku vakti, giyinmek, yemek yemek,<span class=\"excerpt-hellip\"> [\u2026]<\/span><\/p>\n","protected":false},"featured_media":0,"template":"","meta":{"_monsterinsights_skip_tracking":false,"_monsterinsights_sitenote_active":false,"_monsterinsights_sitenote_note":"","_monsterinsights_sitenote_category":0},"product_brand":[],"product_cat":[12274,12518],"product_tag":[],"class_list":{"0":"post-768147","1":"product","2":"type-product","3":"status-publish","5":"product_cat-cocuk-ve-genclik-kitaplari","6":"product_cat-okul-oncesi-kitaplar","7":"pa_cilt-ciltli","8":"pa_tur-kitap","9":"pa_yayinevi-yapi-kredi-yayinlari","10":"pa_yazar-ilaria-falorsi","12":"first","13":"instock","14":"sale","15":"shipping-taxable","16":"purchasable","17":"product-type-simple"},"_links":{"self":[{"href":"https:\/\/roveyayinevi.com.tr\/index.php\/wp-json\/wp\/v2\/product\/768147","targetHints":{"allow":["GET"]}}],"collection":[{"href":"https:\/\/roveyayinevi.com.tr\/index.php\/wp-json\/wp\/v2\/product"}],"about":[{"href":"https:\/\/roveyayinevi.com.tr\/index.php\/wp-json\/wp\/v2\/types\/product"}],"wp:attachment":[{"href":"https:\/\/roveyayinevi.com.tr\/index.php\/wp-json\/wp\/v2\/media?parent=768147"}],"wp:term":[{"taxonomy":"product_brand","embeddable":true,"href":"https:\/\/roveyayinevi.com.tr\/index.php\/wp-json\/wp\/v2\/product_brand?post=768147"},{"taxonomy":"product_cat","embeddable":true,"href":"https:\/\/roveyayinevi.com.tr\/index.php\/wp-json\/wp\/v2\/product_cat?post=768147"},{"taxonomy":"product_tag","embeddable":true,"href":"https:\/\/roveyayinevi.com.tr\/index.php\/wp-json\/wp\/v2\/product_tag?post=768147"}],"curies":[{"name":"wp","href":"https:\/\/api.w.org\/{rel}","templated":true}]}}