{"id":768133,"date":"2025-08-28T13:10:24","date_gmt":"2025-08-28T10:10:24","guid":{"rendered":"https:\/\/roveyayinevi.com.tr\/index.php\/urun\/silah-gemi-ve-kalem\/"},"modified":"2026-04-15T03:34:01","modified_gmt":"2026-04-15T00:34:01","slug":"silah-gemi-ve-kalem","status":"publish","type":"product","link":"https:\/\/roveyayinevi.com.tr\/index.php\/urun\/silah-gemi-ve-kalem\/","title":{"rendered":"Silah, Gemi ve Kalem"},"content":{"rendered":"<p>Silahlar\u0131n g\u00f6lgesinde, denizlerin \u00f6tesinde ve kaleming\u00fcc\u00fcnde sakl\u0131 b\u00fcy\u00fck bir d\u00f6n\u00fc\u015f\u00fcm&#8230; 1755 tarihli Korsika Anayasas\u0131\u2019ndan yola \u00e7\u0131kan tarih\u00e7i Linda Colley,anayasalar\u0131n sava\u015flarla birlikte nas\u0131l evrildi\u011fini, imparatorluklar\u0131geni\u015fletmek kadar ba\u011f\u0131ms\u0131z uluslar\u0131n temellerini atmak ad\u0131na nas\u0131l birara\u00e7 h\u00e2line geldi\u011fini ve bazen \u00f6zg\u00fcrl\u00fck vadederken, bazen de d\u0131\u015flamave ayr\u0131mc\u0131l\u0131k i\u00e7in nas\u0131l kullan\u0131ld\u0131\u011f\u0131n\u0131 g\u00f6zler \u00f6n\u00fcne seriyor. Tan\u0131nm\u0131\u015f bir akademisyen olan Colley, 18. y\u00fczy\u0131ldan g\u00fcn\u00fcm\u00fcze uzanananayasa metinlerinin k\u00fcresel tarihini \u00e7izerken okurlar\u0131n\u0131 yerle\u015fik tarihanlat\u0131lar\u0131n\u0131 sorgulamaya da davet ediyor. Modern d\u00fcnyan\u0131n in\u015fas\u0131ndaanayasalar sava\u015f\u0131n ve diplomasinin g\u00fc\u00e7l\u00fc birer arac\u0131 m\u0131yd\u0131? Pasifik\u2019tekik\u00fc\u00e7\u00fck Pitcairn Adas\u0131 nas\u0131l oldu da kad\u0131nlara oy hakk\u0131 tan\u0131yan ilkyerlerden biri olmay\u0131 ba\u015fard\u0131? Bu kitap B\u00fcy\u00fck Katerina\u2019n\u0131n yenilik\u00e7i Nakaz metninden Sierra Leone\u2019ninvizyoner lideri James Africanus Beale Horton\u2019un \u00e7al\u0131\u015fmalar\u0131na;Amerikan kurucu babalar\u0131n\u0131n \u00fcnl\u00fc anayasas\u0131ndan 1889\u2019daki JaponMeiji Anayasas\u0131\u2019na kadar, d\u00f6n\u00fcm noktas\u0131 niteli\u011findeki olaylar\u0131n tarihselanlam\u0131n\u0131 ke\u015ffederken k\u00fcresel d\u00fcnyaya dair en \u00f6zg\u00fcn \u00e7al\u0131\u015fmalardanbirini sunuyor. Silah, Gemi ve Kalem, yaln\u0131zca sava\u015flar ve devrimlerle \u015fekillenenanayasal tarihe de\u011fil, ayn\u0131 zamanda modern d\u00fcnyan\u0131n temellerine \u0131\u015f\u0131ktutan son y\u0131llar\u0131n en \u00f6zg\u00fcn tarih anlat\u0131lar\u0131ndan biri. <\/p>\n","protected":false},"excerpt":{"rendered":"<p>Silahlar\u0131n g\u00f6lgesinde, denizlerin \u00f6tesinde ve kaleming\u00fcc\u00fcnde sakl\u0131 b\u00fcy\u00fck bir d\u00f6n\u00fc\u015f\u00fcm&#8230; 1755 tarihli Korsika Anayasas\u0131\u2019ndan yola \u00e7\u0131kan tarih\u00e7i Linda Colley,anayasalar\u0131n sava\u015flarla birlikte nas\u0131l evrildi\u011fini, imparatorluklar\u0131geni\u015fletmek kadar ba\u011f\u0131ms\u0131z<span class=\"excerpt-hellip\"> [\u2026]<\/span><\/p>\n","protected":false},"featured_media":0,"template":"","meta":{"_monsterinsights_skip_tracking":false,"_monsterinsights_sitenote_active":false,"_monsterinsights_sitenote_note":"","_monsterinsights_sitenote_category":0},"product_brand":[],"product_cat":[52477],"product_tag":[],"class_list":{"0":"post-768133","1":"product","2":"type-product","3":"status-publish","5":"product_cat-arastirma","6":"pa_cilt-ciltsiz","7":"pa_tur-kitap","8":"pa_yayinevi-epsilon-yayinlari","9":"pa_yazar-linda-colley","11":"first","12":"instock","13":"sale","14":"shipping-taxable","15":"purchasable","16":"product-type-simple"},"_links":{"self":[{"href":"https:\/\/roveyayinevi.com.tr\/index.php\/wp-json\/wp\/v2\/product\/768133","targetHints":{"allow":["GET"]}}],"collection":[{"href":"https:\/\/roveyayinevi.com.tr\/index.php\/wp-json\/wp\/v2\/product"}],"about":[{"href":"https:\/\/roveyayinevi.com.tr\/index.php\/wp-json\/wp\/v2\/types\/product"}],"wp:attachment":[{"href":"https:\/\/roveyayinevi.com.tr\/index.php\/wp-json\/wp\/v2\/media?parent=768133"}],"wp:term":[{"taxonomy":"product_brand","embeddable":true,"href":"https:\/\/roveyayinevi.com.tr\/index.php\/wp-json\/wp\/v2\/product_brand?post=768133"},{"taxonomy":"product_cat","embeddable":true,"href":"https:\/\/roveyayinevi.com.tr\/index.php\/wp-json\/wp\/v2\/product_cat?post=768133"},{"taxonomy":"product_tag","embeddable":true,"href":"https:\/\/roveyayinevi.com.tr\/index.php\/wp-json\/wp\/v2\/product_tag?post=768133"}],"curies":[{"name":"wp","href":"https:\/\/api.w.org\/{rel}","templated":true}]}}