{"id":768132,"date":"2025-08-28T13:10:22","date_gmt":"2025-08-28T10:10:22","guid":{"rendered":"https:\/\/roveyayinevi.com.tr\/index.php\/urun\/mega-minecraft-kupu-12-kitap-set\/"},"modified":"2026-04-15T03:34:01","modified_gmt":"2026-04-15T00:34:01","slug":"mega-minecraft-kupu-12-kitap-set","status":"publish","type":"product","link":"https:\/\/roveyayinevi.com.tr\/index.php\/urun\/mega-minecraft-kupu-12-kitap-set\/","title":{"rendered":"Mega Minecraft K\u00fcp\u00fc 12 Kitap Set"},"content":{"rendered":"<p>Minecraft K\u00fcp\u00fc oyunun i\u00e7inden \u00e7\u0131k\u0131p odan\u0131za geliyor! \u00c7ok satan Minecraft romanlar\u0131ndan Woodsword Chronicles ve Stonesword Saga kitaplar\u0131 12 kitapl\u0131k Mega Minecraft K\u00fcp\u00fc&#8217;nde bir araya geldi. Minecraft evreninde ge\u00e7en macera kitaplar\u0131n\u0131n fanlar\u0131 i\u00e7in muhte\u015fem bir hediye olan Mega Minecraft K\u00fcp\u00fc, ikonik Minecraft k\u00fcplerinden ilham alan tasar\u0131m\u0131yla koleksiyonlardaki yerini alacak!  \u0130\u00e7indekiler; Woodsword Chronicles; X MINECRAFT SON D\u0130REN\u0130\u015e X MINECRAFT Z\u0130NDAN MACERASI X MINECRAFT YARASA GECES\u0130 X MINECRAFT G\u0130ZEML\u0130 D\u00dc\u015eMAN X MINECRAFT DER\u0130NE DAL X MINECRAFT OYUNUN \u0130\u00c7\u0130NDE   Stonesword Saga; X MINECRAFT ANA D\u00dcNYA \u00c7\u00d6K\u00dcYOR X MINECRAFT GOLEM&#8217;\u0130N OYUNU X MINECRAFT ARIM BALIM KRALIM X MINECRAFT EVC\u0130L DOSTLAR G\u0130B\u0130S\u0130 YOK X MINECRAFT ZOR SE\u00c7\u0130M X MINECRAFT HATALI KODLAMA <\/p>\n","protected":false},"excerpt":{"rendered":"<p>Minecraft K\u00fcp\u00fc oyunun i\u00e7inden \u00e7\u0131k\u0131p odan\u0131za geliyor! \u00c7ok satan Minecraft romanlar\u0131ndan Woodsword Chronicles ve Stonesword Saga kitaplar\u0131 12 kitapl\u0131k Mega Minecraft K\u00fcp\u00fc&#8217;nde bir araya geldi. Minecraft<span class=\"excerpt-hellip\"> [\u2026]<\/span><\/p>\n","protected":false},"featured_media":0,"template":"","meta":{"_monsterinsights_skip_tracking":false,"_monsterinsights_sitenote_active":false,"_monsterinsights_sitenote_note":"","_monsterinsights_sitenote_category":0},"product_brand":[],"product_cat":[12291,12711],"product_tag":[],"class_list":{"0":"post-768132","1":"product","2":"type-product","3":"status-publish","5":"product_cat-edebiyat","6":"product_cat-roman-oyku","7":"pa_cilt-ciltsiz","8":"pa_tur-kitap","9":"pa_yayinevi-x-libris","10":"pa_yazar-nick-eliopulos","12":"first","13":"instock","14":"sale","15":"shipping-taxable","16":"purchasable","17":"product-type-simple"},"_links":{"self":[{"href":"https:\/\/roveyayinevi.com.tr\/index.php\/wp-json\/wp\/v2\/product\/768132","targetHints":{"allow":["GET"]}}],"collection":[{"href":"https:\/\/roveyayinevi.com.tr\/index.php\/wp-json\/wp\/v2\/product"}],"about":[{"href":"https:\/\/roveyayinevi.com.tr\/index.php\/wp-json\/wp\/v2\/types\/product"}],"wp:attachment":[{"href":"https:\/\/roveyayinevi.com.tr\/index.php\/wp-json\/wp\/v2\/media?parent=768132"}],"wp:term":[{"taxonomy":"product_brand","embeddable":true,"href":"https:\/\/roveyayinevi.com.tr\/index.php\/wp-json\/wp\/v2\/product_brand?post=768132"},{"taxonomy":"product_cat","embeddable":true,"href":"https:\/\/roveyayinevi.com.tr\/index.php\/wp-json\/wp\/v2\/product_cat?post=768132"},{"taxonomy":"product_tag","embeddable":true,"href":"https:\/\/roveyayinevi.com.tr\/index.php\/wp-json\/wp\/v2\/product_tag?post=768132"}],"curies":[{"name":"wp","href":"https:\/\/api.w.org\/{rel}","templated":true}]}}