{"id":768124,"date":"2025-08-28T13:10:05","date_gmt":"2025-08-28T10:10:05","guid":{"rendered":"https:\/\/roveyayinevi.com.tr\/index.php\/urun\/arilar-is-basinda\/"},"modified":"2026-04-15T03:34:01","modified_gmt":"2026-04-15T00:34:01","slug":"arilar-is-basinda","status":"publish","type":"product","link":"https:\/\/roveyayinevi.com.tr\/index.php\/urun\/arilar-is-basinda\/","title":{"rendered":"Ar\u0131lar \u0130\u015f Ba\u015f\u0131nda"},"content":{"rendered":"<p>Ar\u0131lar m\u0131 \u00e7i\u00e7ekleri daha \u00e7ok sever? \u00c7i\u00e7ekler mi ar\u0131lar\u0131? Hangi ar\u0131lar bulur \u00e7i\u00e7ek tarlalar\u0131n\u0131 Ne yaparlar bulduklar\u0131 nektarlar\u0131?   Ar\u0131lar kovanlar\u0131 ne ile temizler? Yapt\u0131klar\u0131 bal\u0131 nereye depo eder? Ar\u0131lar olmazsa di\u011fer canl\u0131lar ne yapar? Hepsini \u00f6\u011frenecek bu kitab\u0131 okuyanlar&#8230; Deneyimli e\u011fitimci Cemil Karag\u00f6z Hatmi \u00c7i\u00e7e\u011fi, Ar\u0131lar \u0130\u015f Ba\u015f\u0131nda ve Meyveler Olgunla\u015ft\u0131 kitaplar\u0131ndan olu\u015fan Do\u011fadan \u00d6\u011freniyorum serisinde, Burcu Karacalar&#8217;\u0131n rengarenk resimleriyle s\u00fcsledi\u011fi hik\u00e2yeleriyle \u00e7ocuklara do\u011fan\u0131n d\u00f6ng\u00fcs\u00fcn\u00fc anlat\u0131yor. Serinin bu kitab\u0131nda \u00e7ocuklar ar\u0131lar\u0131n ilgin\u00e7 ya\u015fam\u0131na ve bal yap\u0131m\u0131na tan\u0131kl\u0131k ediyorlar. <\/p>\n","protected":false},"excerpt":{"rendered":"<p>Ar\u0131lar m\u0131 \u00e7i\u00e7ekleri daha \u00e7ok sever? \u00c7i\u00e7ekler mi ar\u0131lar\u0131? Hangi ar\u0131lar bulur \u00e7i\u00e7ek tarlalar\u0131n\u0131 Ne yaparlar bulduklar\u0131 nektarlar\u0131? Ar\u0131lar kovanlar\u0131 ne ile temizler? Yapt\u0131klar\u0131 bal\u0131 nereye<span class=\"excerpt-hellip\"> [\u2026]<\/span><\/p>\n","protected":false},"featured_media":0,"template":"","meta":{"_monsterinsights_skip_tracking":false,"_monsterinsights_sitenote_active":false,"_monsterinsights_sitenote_note":"","_monsterinsights_sitenote_category":0},"product_brand":[],"product_cat":[12274,12284],"product_tag":[],"class_list":{"0":"post-768124","1":"product","2":"type-product","3":"status-publish","5":"product_cat-cocuk-ve-genclik-kitaplari","6":"product_cat-hikayeler","7":"pa_cilt-ciltsiz","8":"pa_tur-kitap","9":"pa_yayinevi-bilgi-yayinevi","10":"pa_yazar-cemil-karagoz","12":"first","13":"instock","14":"sale","15":"shipping-taxable","16":"purchasable","17":"product-type-simple"},"_links":{"self":[{"href":"https:\/\/roveyayinevi.com.tr\/index.php\/wp-json\/wp\/v2\/product\/768124","targetHints":{"allow":["GET"]}}],"collection":[{"href":"https:\/\/roveyayinevi.com.tr\/index.php\/wp-json\/wp\/v2\/product"}],"about":[{"href":"https:\/\/roveyayinevi.com.tr\/index.php\/wp-json\/wp\/v2\/types\/product"}],"wp:attachment":[{"href":"https:\/\/roveyayinevi.com.tr\/index.php\/wp-json\/wp\/v2\/media?parent=768124"}],"wp:term":[{"taxonomy":"product_brand","embeddable":true,"href":"https:\/\/roveyayinevi.com.tr\/index.php\/wp-json\/wp\/v2\/product_brand?post=768124"},{"taxonomy":"product_cat","embeddable":true,"href":"https:\/\/roveyayinevi.com.tr\/index.php\/wp-json\/wp\/v2\/product_cat?post=768124"},{"taxonomy":"product_tag","embeddable":true,"href":"https:\/\/roveyayinevi.com.tr\/index.php\/wp-json\/wp\/v2\/product_tag?post=768124"}],"curies":[{"name":"wp","href":"https:\/\/api.w.org\/{rel}","templated":true}]}}