{"id":768123,"date":"2025-08-28T13:10:03","date_gmt":"2025-08-28T10:10:03","guid":{"rendered":"https:\/\/roveyayinevi.com.tr\/index.php\/urun\/misafir-ciltli\/"},"modified":"2026-04-15T03:34:01","modified_gmt":"2026-04-15T00:34:01","slug":"misafir-ciltli","status":"publish","type":"product","link":"https:\/\/roveyayinevi.com.tr\/index.php\/urun\/misafir-ciltli\/","title":{"rendered":"Misafir (Ciltli)"},"content":{"rendered":"<p>\u201c\u0130nsan tek ba\u015f\u0131na delirmiyor. Bu yolda onayard\u0131m edecek birileri mutlaka \u00e7\u0131k\u0131yor.\u201dEsin, hastalar\u0131n \u201cmisafir\u201d, hem\u015firelerin \u201cabla\u201d, ba\u015fhekimin ise \u201cbaba\u201ddiye adland\u0131r\u0131ld\u0131\u011f\u0131 tuhaf bir ak\u0131l hastanesinde uyan\u0131r. Buraya nedenve nas\u0131l getirildi\u011fini hat\u0131rlayamayan gen\u00e7 kad\u0131n, \u00f6nce isyan etse dezamanla kurallara uyarsa daha az zarar g\u00f6rece\u011fini anlar. Elinden geldi\u011finceuyumlu g\u00f6r\u00fcnmeye \u00e7al\u0131\u015ft\u0131\u011f\u0131 s\u00fcre\u00e7te bir yandan bu acayip\u201cEv\u201din s\u0131rlar\u0131n\u0131 \u00e7\u00f6zmeye, bir yandan da buraya neden ve nas\u0131l getirildi\u011fini\u00f6\u011frenmeye u\u011fra\u015f\u0131r. Neyse ki bu yolda ona yard\u0131m edecek bir\u201cabla\u201d, iki de \u201cmisafir\u201d vard\u0131r.Nermin Y\u0131ld\u0131r\u0131m, bu \u00e7ok tan\u0131d\u0131k ama bir o kadar da yabanc\u0131 ak\u0131lhastanesinin koridorlar\u0131nda dola\u015farak, i\u00e7eridekilerin ve d\u0131\u015far\u0131dakilerindokunakl\u0131 hik\u00e2yelerini anlat\u0131yor.Berlin Uluslararas\u0131 Film Festivali\u2019nin edebi eserleri sinemaya uyarlayabilmekamac\u0131yla, Frankfurt Kitap Fuar\u0131\u2019yla ortakla\u015fa y\u00fcr\u00fctt\u00fc\u011f\u00fcBooks at Berlinale\u2019e se\u00e7ilen Misafir, Nermin Y\u0131ld\u0131r\u0131m\u2019\u0131n o g\u00fc\u00e7l\u00fc vederin anlat\u0131m\u0131yla okuru hayal g\u00fcc\u00fcn\u00fcn s\u0131n\u0131rlar\u0131nda dola\u015ft\u0131r\u0131yor.\u00c7ocuktuk, baz\u0131lar\u0131m\u0131z i\u00e7in yoku\u015flar daha dik, merdivenler daha y\u00fcksekti.Kimimiz birilerinin elini tutup \u00e7\u0131karken, kimimiz d\u00fc\u015fme korkusuylat\u0131rabzanlara yap\u0131\u015f\u0131p kald\u0131, kimimiz de ba\u015fka birileri taraf\u0131ndana\u015fa\u011f\u0131 itildi.<\/p>\n","protected":false},"excerpt":{"rendered":"<p>\u201c\u0130nsan tek ba\u015f\u0131na delirmiyor. Bu yolda onayard\u0131m edecek birileri mutlaka \u00e7\u0131k\u0131yor.\u201dEsin, hastalar\u0131n \u201cmisafir\u201d, hem\u015firelerin \u201cabla\u201d, ba\u015fhekimin ise \u201cbaba\u201ddiye adland\u0131r\u0131ld\u0131\u011f\u0131 tuhaf bir ak\u0131l hastanesinde uyan\u0131r. Buraya nedenve<span class=\"excerpt-hellip\"> [\u2026]<\/span><\/p>\n","protected":false},"featured_media":0,"template":"","meta":{"_monsterinsights_skip_tracking":false,"_monsterinsights_sitenote_active":false,"_monsterinsights_sitenote_note":"","_monsterinsights_sitenote_category":0},"product_brand":[],"product_cat":[12291,12711],"product_tag":[],"class_list":{"0":"post-768123","1":"product","2":"type-product","3":"status-publish","5":"product_cat-edebiyat","6":"product_cat-roman-oyku","7":"pa_cilt-ciltli","8":"pa_tur-kitap","9":"pa_yayinevi-everest-yayinlari","10":"pa_yazar-nermin-yildirim","12":"first","13":"instock","14":"sale","15":"shipping-taxable","16":"purchasable","17":"product-type-simple"},"_links":{"self":[{"href":"https:\/\/roveyayinevi.com.tr\/index.php\/wp-json\/wp\/v2\/product\/768123","targetHints":{"allow":["GET"]}}],"collection":[{"href":"https:\/\/roveyayinevi.com.tr\/index.php\/wp-json\/wp\/v2\/product"}],"about":[{"href":"https:\/\/roveyayinevi.com.tr\/index.php\/wp-json\/wp\/v2\/types\/product"}],"wp:attachment":[{"href":"https:\/\/roveyayinevi.com.tr\/index.php\/wp-json\/wp\/v2\/media?parent=768123"}],"wp:term":[{"taxonomy":"product_brand","embeddable":true,"href":"https:\/\/roveyayinevi.com.tr\/index.php\/wp-json\/wp\/v2\/product_brand?post=768123"},{"taxonomy":"product_cat","embeddable":true,"href":"https:\/\/roveyayinevi.com.tr\/index.php\/wp-json\/wp\/v2\/product_cat?post=768123"},{"taxonomy":"product_tag","embeddable":true,"href":"https:\/\/roveyayinevi.com.tr\/index.php\/wp-json\/wp\/v2\/product_tag?post=768123"}],"curies":[{"name":"wp","href":"https:\/\/api.w.org\/{rel}","templated":true}]}}