{"id":768121,"date":"2025-08-28T13:09:59","date_gmt":"2025-08-28T10:09:59","guid":{"rendered":"https:\/\/roveyayinevi.com.tr\/index.php\/urun\/kirildigin-yerden-cicek-acacaksin\/"},"modified":"2026-04-15T03:34:01","modified_gmt":"2026-04-15T00:34:01","slug":"kirildigin-yerden-cicek-acacaksin","status":"publish","type":"product","link":"https:\/\/roveyayinevi.com.tr\/index.php\/urun\/kirildigin-yerden-cicek-acacaksin\/","title":{"rendered":"K\u0131r\u0131ld\u0131\u011f\u0131n Yerden \u00c7i\u00e7ek A\u00e7acaks\u0131n"},"content":{"rendered":"<p>Kaybetmeyi tatmadan kazanmay\u0131 \u00f6\u011frenemezsin. Hayat, senden istedi\u011fini alana kadar durmaz ve geride yaln\u0131zca, senden bir \u015feyler koparm\u0131\u015f insanlar kal\u0131r. G\u00fcven ise ancak hak edenlerle var olur. Baz\u0131lar\u0131 de\u011fi\u015fti\u011finde anlars\u0131n ki unutmak tek se\u00e7enektir. Onlars\u0131z hayat\u0131n ak\u0131c\u0131l\u0131\u011f\u0131n\u0131 yeniden ke\u015ffeder ve dinginli\u011fe b\u0131rak\u0131rs\u0131n kendini.Birikmi\u015fliklerini, dikine \u00e7atlam\u0131\u015f bir bardaktan s\u0131zan \u00e7ay gibi salars\u0131n. Tahamm\u00fcl s\u0131n\u0131r\u0131n\u0131 a\u015fm\u0131\u015f kalbin, l\u00fczumsuzlar\u0131 hayat\u0131ndan \u00e7\u0131kar\u0131r ve yerlerine hak edilmi\u015f mutluluklar koyar. K\u0131r\u0131ld\u0131k\u00e7a \u00e7i\u00e7ek a\u00e7ar, \u00e7i\u00e7eklendik\u00e7e g\u00fc\u00e7lenirsin. \u00c7\u00fcnk\u00fc her yenilgi, kendini bulmak i\u00e7in bir \u00f6\u011fretidir.Bu kitap, eksiklerini fark etmen ve \u015fifa bulman i\u00e7in yaz\u0131ld\u0131. Sadece oku ve her c\u00fcmleye s\u0131ms\u0131k\u0131 sar\u0131l. \u00c7\u00fcnk\u00fc okuyunca, K\u0131r\u0131ld\u0131\u011f\u0131n Yerden \u00c7i\u00e7ek A\u00e7acaks\u0131n!<\/p>\n","protected":false},"excerpt":{"rendered":"<p>Kaybetmeyi tatmadan kazanmay\u0131 \u00f6\u011frenemezsin. Hayat, senden istedi\u011fini alana kadar durmaz ve geride yaln\u0131zca, senden bir \u015feyler koparm\u0131\u015f insanlar kal\u0131r. G\u00fcven ise ancak hak edenlerle var olur.<span class=\"excerpt-hellip\"> [\u2026]<\/span><\/p>\n","protected":false},"featured_media":0,"template":"","meta":{"_monsterinsights_skip_tracking":false,"_monsterinsights_sitenote_active":false,"_monsterinsights_sitenote_note":"","_monsterinsights_sitenote_category":0},"product_brand":[],"product_cat":[12291,12711],"product_tag":[],"class_list":{"0":"post-768121","1":"product","2":"type-product","3":"status-publish","5":"product_cat-edebiyat","6":"product_cat-roman-oyku","7":"pa_cilt-ciltsiz","8":"pa_tur-kitap","9":"pa_yayinevi-epsilon-yayinlari","10":"pa_yazar-songul-unsal","12":"first","13":"instock","14":"sale","15":"shipping-taxable","16":"purchasable","17":"product-type-simple"},"_links":{"self":[{"href":"https:\/\/roveyayinevi.com.tr\/index.php\/wp-json\/wp\/v2\/product\/768121","targetHints":{"allow":["GET"]}}],"collection":[{"href":"https:\/\/roveyayinevi.com.tr\/index.php\/wp-json\/wp\/v2\/product"}],"about":[{"href":"https:\/\/roveyayinevi.com.tr\/index.php\/wp-json\/wp\/v2\/types\/product"}],"wp:attachment":[{"href":"https:\/\/roveyayinevi.com.tr\/index.php\/wp-json\/wp\/v2\/media?parent=768121"}],"wp:term":[{"taxonomy":"product_brand","embeddable":true,"href":"https:\/\/roveyayinevi.com.tr\/index.php\/wp-json\/wp\/v2\/product_brand?post=768121"},{"taxonomy":"product_cat","embeddable":true,"href":"https:\/\/roveyayinevi.com.tr\/index.php\/wp-json\/wp\/v2\/product_cat?post=768121"},{"taxonomy":"product_tag","embeddable":true,"href":"https:\/\/roveyayinevi.com.tr\/index.php\/wp-json\/wp\/v2\/product_tag?post=768121"}],"curies":[{"name":"wp","href":"https:\/\/api.w.org\/{rel}","templated":true}]}}