{"id":768115,"date":"2025-08-28T13:09:47","date_gmt":"2025-08-28T10:09:47","guid":{"rendered":"https:\/\/roveyayinevi.com.tr\/index.php\/urun\/sen-artik-abi-oldun\/"},"modified":"2026-04-15T03:34:01","modified_gmt":"2026-04-15T00:34:01","slug":"sen-artik-abi-oldun","status":"publish","type":"product","link":"https:\/\/roveyayinevi.com.tr\/index.php\/urun\/sen-artik-abi-oldun\/","title":{"rendered":"Sen Art\u0131k Abi Oldun"},"content":{"rendered":"<p>Bir karde\u015f en b\u00fcy\u00fck hazinedir! Ne oldu bil! Sen art\u0131k AB\u0130 Oluyorsun! Aileye yeni bir bebe\u011fin kat\u0131ld\u0131\u011f\u0131 d\u00f6nemi ne\u015feli resimlerle anlatan bu hik\u00e2ye, abi olma heyecan\u0131n\u0131 ya\u015fayan k\u00fc\u00e7\u00fck o\u011flunuzun bu s\u00fcrece uyum sa\u011flamas\u0131na yard\u0131mc\u0131 olmak i\u00e7in yaz\u0131ld\u0131. O\u011fluna, abi olman\u0131n ve g\u00fcnden g\u00fcne b\u00fcy\u00fcyen minik karde\u015fine yeni \u015feyler \u00f6\u011fretmenin \u00e7o\u011fu zaman e\u011flenceli, bazen de zor yanlar\u0131n\u0131 anlatan anneye kulak verin.<\/p>\n","protected":false},"excerpt":{"rendered":"<p>Bir karde\u015f en b\u00fcy\u00fck hazinedir! Ne oldu bil! Sen art\u0131k AB\u0130 Oluyorsun! Aileye yeni bir bebe\u011fin kat\u0131ld\u0131\u011f\u0131 d\u00f6nemi ne\u015feli resimlerle anlatan bu hik\u00e2ye, abi olma heyecan\u0131n\u0131<span class=\"excerpt-hellip\"> [\u2026]<\/span><\/p>\n","protected":false},"featured_media":0,"template":"","meta":{"_monsterinsights_skip_tracking":false,"_monsterinsights_sitenote_active":false,"_monsterinsights_sitenote_note":"","_monsterinsights_sitenote_category":0},"product_brand":[],"product_cat":[12274,12518],"product_tag":[],"class_list":{"0":"post-768115","1":"product","2":"type-product","3":"status-publish","5":"product_cat-cocuk-ve-genclik-kitaplari","6":"product_cat-okul-oncesi-kitaplar","7":"pa_cilt-ciltsiz","8":"pa_tur-kitap","9":"pa_yayinevi-koc-universitesi-yayinlari","10":"pa_yazar-rose-harkness","12":"first","13":"instock","14":"sale","15":"shipping-taxable","16":"purchasable","17":"product-type-simple"},"_links":{"self":[{"href":"https:\/\/roveyayinevi.com.tr\/index.php\/wp-json\/wp\/v2\/product\/768115","targetHints":{"allow":["GET"]}}],"collection":[{"href":"https:\/\/roveyayinevi.com.tr\/index.php\/wp-json\/wp\/v2\/product"}],"about":[{"href":"https:\/\/roveyayinevi.com.tr\/index.php\/wp-json\/wp\/v2\/types\/product"}],"wp:attachment":[{"href":"https:\/\/roveyayinevi.com.tr\/index.php\/wp-json\/wp\/v2\/media?parent=768115"}],"wp:term":[{"taxonomy":"product_brand","embeddable":true,"href":"https:\/\/roveyayinevi.com.tr\/index.php\/wp-json\/wp\/v2\/product_brand?post=768115"},{"taxonomy":"product_cat","embeddable":true,"href":"https:\/\/roveyayinevi.com.tr\/index.php\/wp-json\/wp\/v2\/product_cat?post=768115"},{"taxonomy":"product_tag","embeddable":true,"href":"https:\/\/roveyayinevi.com.tr\/index.php\/wp-json\/wp\/v2\/product_tag?post=768115"}],"curies":[{"name":"wp","href":"https:\/\/api.w.org\/{rel}","templated":true}]}}