{"id":768114,"date":"2025-08-28T13:09:45","date_gmt":"2025-08-28T10:09:45","guid":{"rendered":"https:\/\/roveyayinevi.com.tr\/index.php\/urun\/sandigindan-daha-guclusun\/"},"modified":"2026-04-15T03:34:01","modified_gmt":"2026-04-15T00:34:01","slug":"sandigindan-daha-guclusun","status":"publish","type":"product","link":"https:\/\/roveyayinevi.com.tr\/index.php\/urun\/sandigindan-daha-guclusun\/","title":{"rendered":"Sand\u0131\u011f\u0131ndan Daha G\u00fc\u00e7l\u00fcs\u00fcn"},"content":{"rendered":"<p>BA\u015eARININ SIRRI: AZ\u0130M VE \u00c7ALI\u015eMA 8 ya\u015f\u0131ndaki Nancy artistik buz patenine hayrand\u0131r. \u00c7ok yetenekli ve gayretli bir \u00e7ocuk oldu\u011fu i\u00e7in, ailesi maddi zorluklara ra\u011fmen ellerinden geleni yaparak onu destekler. Aya\u011f\u0131na k\u00fc\u00e7\u00fck gelen patenlere, zorlu antremanlara, a\u011fr\u0131lara s\u0131z\u0131lara ra\u011fmen y\u0131lmadan hedefine do\u011fru ilerleyen k\u00fc\u00e7\u00fck Nancy\u2019nin ger\u00e7ek hik\u00e2yesi, kararl\u0131l\u0131k, s\u0131k\u0131 \u00e7al\u0131\u015fma ve kendine inanman\u0131n \u00f6nemini vurguluyor. Artistik buz pateni dal\u0131nda iki kez Olimpiyat madalyas\u0131 kazanan Nancy Kerrigan, \u00e7ocuklar i\u00e7in yazd\u0131\u011f\u0131 bu ilk kitab\u0131nda \u00e7ocuklu\u011fundan sahneler payla\u015farak, azimle \u00e7al\u0131\u015fmay\u0131, kendine g\u00fcvenmeyi, zorluklar\u0131n \u00fcstesinden gelmeyi nas\u0131l \u00f6\u011frendi\u011fini ve bu sayede ba\u015flang\u0131\u00e7ta \u00e7ok zorland\u0131\u011f\u0131 ilk axel atlay\u0131\u015f\u0131n\u0131 nas\u0131l ba\u015fard\u0131\u011f\u0131n\u0131 anlat\u0131yor. <\/p>\n","protected":false},"excerpt":{"rendered":"<p>BA\u015eARININ SIRRI: AZ\u0130M VE \u00c7ALI\u015eMA 8 ya\u015f\u0131ndaki Nancy artistik buz patenine hayrand\u0131r. \u00c7ok yetenekli ve gayretli bir \u00e7ocuk oldu\u011fu i\u00e7in, ailesi maddi zorluklara ra\u011fmen ellerinden geleni<span class=\"excerpt-hellip\"> [\u2026]<\/span><\/p>\n","protected":false},"featured_media":0,"template":"","meta":{"_monsterinsights_skip_tracking":false,"_monsterinsights_sitenote_active":false,"_monsterinsights_sitenote_note":"","_monsterinsights_sitenote_category":0},"product_brand":[],"product_cat":[12274,12518],"product_tag":[],"class_list":{"0":"post-768114","1":"product","2":"type-product","3":"status-publish","5":"product_cat-cocuk-ve-genclik-kitaplari","6":"product_cat-okul-oncesi-kitaplar","7":"pa_cilt-ciltsiz","8":"pa_tur-kitap","9":"pa_yayinevi-koc-universitesi-yayinlari","10":"pa_yazar-nancy-kerrigan-ryan-gvan-cleave","12":"first","13":"instock","14":"sale","15":"shipping-taxable","16":"purchasable","17":"product-type-simple"},"_links":{"self":[{"href":"https:\/\/roveyayinevi.com.tr\/index.php\/wp-json\/wp\/v2\/product\/768114","targetHints":{"allow":["GET"]}}],"collection":[{"href":"https:\/\/roveyayinevi.com.tr\/index.php\/wp-json\/wp\/v2\/product"}],"about":[{"href":"https:\/\/roveyayinevi.com.tr\/index.php\/wp-json\/wp\/v2\/types\/product"}],"wp:attachment":[{"href":"https:\/\/roveyayinevi.com.tr\/index.php\/wp-json\/wp\/v2\/media?parent=768114"}],"wp:term":[{"taxonomy":"product_brand","embeddable":true,"href":"https:\/\/roveyayinevi.com.tr\/index.php\/wp-json\/wp\/v2\/product_brand?post=768114"},{"taxonomy":"product_cat","embeddable":true,"href":"https:\/\/roveyayinevi.com.tr\/index.php\/wp-json\/wp\/v2\/product_cat?post=768114"},{"taxonomy":"product_tag","embeddable":true,"href":"https:\/\/roveyayinevi.com.tr\/index.php\/wp-json\/wp\/v2\/product_tag?post=768114"}],"curies":[{"name":"wp","href":"https:\/\/api.w.org\/{rel}","templated":true}]}}