{"id":768112,"date":"2025-08-28T13:09:41","date_gmt":"2025-08-28T10:09:41","guid":{"rendered":"https:\/\/roveyayinevi.com.tr\/index.php\/urun\/caylak-ile-filozof-8\/"},"modified":"2026-04-15T03:34:00","modified_gmt":"2026-04-15T00:34:00","slug":"caylak-ile-filozof-8","status":"publish","type":"product","link":"https:\/\/roveyayinevi.com.tr\/index.php\/urun\/caylak-ile-filozof-8\/","title":{"rendered":"\u00c7aylak \u0130le Filozof &#8211; 8"},"content":{"rendered":"<p>\u2013Bir kimsenin kibirli mi yoksa onurlu mu oldu\u011funu, en iyi, hakikat kar\u015f\u0131s\u0131nda g\u00f6sterdi\u011fi tav\u0131rdan anlayabilirsin.\u2013Hakikat mi?\u2013Evet. Onurlu insanlar, hakikat kar\u015f\u0131s\u0131nda direnmezler \u00c7aylak, bedeli ne olursa olsun, onun yan\u0131nda olurlar&#8230;\u2022 \u2022 \u2022Filozof\u2019un beni omuzlar\u0131mdan, bir kelebe\u011fin o k\u0131r\u0131lgan toz kanatlar\u0131na dokunurcas\u0131na usulca tutup, \u201cBir de \u015fu a\u00e7\u0131dan bak\u201d diyerek g\u00f6sterdi\u011fi yerden kendime, benli\u011fime, hayat\u0131ma, sevdi\u011fim ya da nefret etti\u011fim, be\u011fendi\u011fim ya da i\u011frendi\u011fim, onur duyup kendimle \u00f6v\u00fcnd\u00fc\u011f\u00fcm yahut utan\u00e7 i\u00e7inde k\u0131vrand\u0131\u011f\u0131m taraflar\u0131ma bakt\u0131m. Kendimle tan\u0131\u015ft\u0131\u011f\u0131m yerde, g\u00f6lgemi de g\u00f6rd\u00fcm. \u00dcrperdim ama korkmad\u0131m. Y\u00fcz\u00fcm\u00fc ayd\u0131nl\u0131k olan tarafta tutmay\u0131 ba\u015farabildi\u011fim s\u00fcrece, o hep arkamda kalacak, asla \u00f6n\u00fcme ge\u00e7emeyecekti&#8230;\u2022 \u2022 \u2022\u2013Filozof?\u2013Efendim.\u2013\u0130nsan kendi ile olan sava\u015f\u0131n\u0131 kazan\u0131rsa, kim kaybetmi\u015f olur?\u2013Kazan\u0131rsa kaybeden, kaybederse kazanan olmaz \u00c7aylak&#8230;<\/p>\n","protected":false},"excerpt":{"rendered":"<p>\u2013Bir kimsenin kibirli mi yoksa onurlu mu oldu\u011funu, en iyi, hakikat kar\u015f\u0131s\u0131nda g\u00f6sterdi\u011fi tav\u0131rdan anlayabilirsin.\u2013Hakikat mi?\u2013Evet. Onurlu insanlar, hakikat kar\u015f\u0131s\u0131nda direnmezler \u00c7aylak, bedeli ne olursa olsun,<span class=\"excerpt-hellip\"> [\u2026]<\/span><\/p>\n","protected":false},"featured_media":0,"template":"","meta":{"_monsterinsights_skip_tracking":false,"_monsterinsights_sitenote_active":false,"_monsterinsights_sitenote_note":"","_monsterinsights_sitenote_category":0},"product_brand":[],"product_cat":[12274,15842],"product_tag":[],"class_list":{"0":"post-768112","1":"product","2":"type-product","3":"status-publish","5":"product_cat-cocuk-ve-genclik-kitaplari","6":"product_cat-egitici-kitaplar","7":"pa_cilt-ciltsiz","8":"pa_tur-kitap","9":"pa_yayinevi-ugurbocegi-yayinlari","10":"pa_yazar-ozkan-oze","12":"first","13":"instock","14":"sale","15":"shipping-taxable","16":"purchasable","17":"product-type-simple"},"_links":{"self":[{"href":"https:\/\/roveyayinevi.com.tr\/index.php\/wp-json\/wp\/v2\/product\/768112","targetHints":{"allow":["GET"]}}],"collection":[{"href":"https:\/\/roveyayinevi.com.tr\/index.php\/wp-json\/wp\/v2\/product"}],"about":[{"href":"https:\/\/roveyayinevi.com.tr\/index.php\/wp-json\/wp\/v2\/types\/product"}],"wp:attachment":[{"href":"https:\/\/roveyayinevi.com.tr\/index.php\/wp-json\/wp\/v2\/media?parent=768112"}],"wp:term":[{"taxonomy":"product_brand","embeddable":true,"href":"https:\/\/roveyayinevi.com.tr\/index.php\/wp-json\/wp\/v2\/product_brand?post=768112"},{"taxonomy":"product_cat","embeddable":true,"href":"https:\/\/roveyayinevi.com.tr\/index.php\/wp-json\/wp\/v2\/product_cat?post=768112"},{"taxonomy":"product_tag","embeddable":true,"href":"https:\/\/roveyayinevi.com.tr\/index.php\/wp-json\/wp\/v2\/product_tag?post=768112"}],"curies":[{"name":"wp","href":"https:\/\/api.w.org\/{rel}","templated":true}]}}