{"id":768111,"date":"2025-08-28T13:09:39","date_gmt":"2025-08-28T10:09:39","guid":{"rendered":"https:\/\/roveyayinevi.com.tr\/index.php\/urun\/ormandaki-hayvanlar-neler-yapar\/"},"modified":"2026-04-15T03:34:00","modified_gmt":"2026-04-15T00:34:00","slug":"ormandaki-hayvanlar-neler-yapar","status":"publish","type":"product","link":"https:\/\/roveyayinevi.com.tr\/index.php\/urun\/ormandaki-hayvanlar-neler-yapar\/","title":{"rendered":"Ormandaki Hayvanlar Neler Yapar?"},"content":{"rendered":"<p>ORMANDAK\u0130 HAYVANLAR NELER YAPAR? ORMANDA E\u011eLENCEL\u0130 B\u0130R GEZ\u0130YE NE DERS\u0130N? GEY\u0130K, T\u0130LK\u0130, AYI VE D\u0130\u011eER ORMAN HAYVANLARIYLA TANI\u015eIP, NASIL YA\u015eADIKLARINI KE\u015eFET. M\u0130N\u0130K OKURLAR \u0130\u00c7\u0130N \u0130LG\u0130 \u00c7EK\u0130C\u0130 B\u0130R \u0130LK B\u0130LG\u0130 K\u0130TABI&#8230;<\/p>\n","protected":false},"excerpt":{"rendered":"<p>ORMANDAK\u0130 HAYVANLAR NELER YAPAR? ORMANDA E\u011eLENCEL\u0130 B\u0130R GEZ\u0130YE NE DERS\u0130N? GEY\u0130K, T\u0130LK\u0130, AYI VE D\u0130\u011eER ORMAN HAYVANLARIYLA TANI\u015eIP, NASIL YA\u015eADIKLARINI KE\u015eFET. M\u0130N\u0130K OKURLAR \u0130\u00c7\u0130N \u0130LG\u0130 \u00c7EK\u0130C\u0130<span class=\"excerpt-hellip\"> [\u2026]<\/span><\/p>\n","protected":false},"featured_media":0,"template":"","meta":{"_monsterinsights_skip_tracking":false,"_monsterinsights_sitenote_active":false,"_monsterinsights_sitenote_note":"","_monsterinsights_sitenote_category":0},"product_brand":[],"product_cat":[12274,12518],"product_tag":[],"class_list":{"0":"post-768111","1":"product","2":"type-product","3":"status-publish","5":"product_cat-cocuk-ve-genclik-kitaplari","6":"product_cat-okul-oncesi-kitaplar","7":"pa_cilt-ciltsiz","8":"pa_tur-kitap","9":"pa_yayinevi-koc-universitesi-yayinlari","10":"pa_yazar-jack-wallentin","12":"first","13":"instock","14":"sale","15":"shipping-taxable","16":"purchasable","17":"product-type-simple"},"_links":{"self":[{"href":"https:\/\/roveyayinevi.com.tr\/index.php\/wp-json\/wp\/v2\/product\/768111","targetHints":{"allow":["GET"]}}],"collection":[{"href":"https:\/\/roveyayinevi.com.tr\/index.php\/wp-json\/wp\/v2\/product"}],"about":[{"href":"https:\/\/roveyayinevi.com.tr\/index.php\/wp-json\/wp\/v2\/types\/product"}],"wp:attachment":[{"href":"https:\/\/roveyayinevi.com.tr\/index.php\/wp-json\/wp\/v2\/media?parent=768111"}],"wp:term":[{"taxonomy":"product_brand","embeddable":true,"href":"https:\/\/roveyayinevi.com.tr\/index.php\/wp-json\/wp\/v2\/product_brand?post=768111"},{"taxonomy":"product_cat","embeddable":true,"href":"https:\/\/roveyayinevi.com.tr\/index.php\/wp-json\/wp\/v2\/product_cat?post=768111"},{"taxonomy":"product_tag","embeddable":true,"href":"https:\/\/roveyayinevi.com.tr\/index.php\/wp-json\/wp\/v2\/product_tag?post=768111"}],"curies":[{"name":"wp","href":"https:\/\/api.w.org\/{rel}","templated":true}]}}