{"id":768108,"date":"2025-08-28T13:09:34","date_gmt":"2025-08-28T10:09:34","guid":{"rendered":"https:\/\/roveyayinevi.com.tr\/index.php\/urun\/kutuphanede-bir-gece\/"},"modified":"2026-04-15T03:34:00","modified_gmt":"2026-04-15T00:34:00","slug":"kutuphanede-bir-gece","status":"publish","type":"product","link":"https:\/\/roveyayinevi.com.tr\/index.php\/urun\/kutuphanede-bir-gece\/","title":{"rendered":"K\u00fct\u00fcphanede Bir Gece"},"content":{"rendered":"<p>\u201cBaba ile k\u0131z\u0131 k\u00fct\u00fcphanenin kar\u015f\u0131s\u0131ndaki evde oturuyorlard\u0131. Baban\u0131n ad\u0131 Alberto, k\u0131z\u0131n ad\u0131 Clara\u2019yd\u0131. K\u00fct\u00fcphane hi\u00e7 kapanm\u0131yordu. Geceleri t\u00fcm \u0131\u015f\u0131klar\u0131 a\u00e7\u0131k oluyordu. Yatak odas\u0131n\u0131n penceresinden bunu g\u00f6rebiliyordu Clara. Babas\u0131 Clara\u2019y\u0131 hep g\u00f6t\u00fcr\u00fcrd\u00fc oraya. S\u0131cak g\u00fcnlerde esintili kumsallar kadar serindi k\u00fct\u00fcphane. So\u011fuk g\u00fcnlerde ise y\u00fcnl\u00fc bir battaniye gibi s\u0131cac\u0131k olurdu. Ve hi\u00e7 kapanmazd\u0131. Noel gecesinde bile.\u201d \u015eu anda elinde tuttu\u011fun K\u00fct\u00fcphanede Bir Gece adl\u0131 kitap bu sat\u0131rlarla ba\u015fl\u0131yor. Bu kitab\u0131n yazar\u0131, ill\u00fcstrat\u00f6r\u00fc, edit\u00f6rleri, grafikeri, \u00e7evirmeni ve haz\u0131rlanmas\u0131na katk\u0131da bulunan herkes kitap okumay\u0131 \u00e7ok seviyor. Bu sayfalarda, yani hi\u00e7 kapanmayan k\u00fct\u00fcphanede, Alberto ve Clara bir okuyucunun alabilece\u011fi en g\u00fczel hediyeye kavu\u015fuyor: Tam da o anda ihiya\u00e7 duyduklar\u0131 kitab\u0131, ancak bir hik\u00e2yenin verebilece\u011fi huzuru buluyorlar. Umar\u0131m bu hik\u00e2ye senin de kalbine dokunur. \u0130yi okumalar. <\/p>\n","protected":false},"excerpt":{"rendered":"<p>\u201cBaba ile k\u0131z\u0131 k\u00fct\u00fcphanenin kar\u015f\u0131s\u0131ndaki evde oturuyorlard\u0131. Baban\u0131n ad\u0131 Alberto, k\u0131z\u0131n ad\u0131 Clara\u2019yd\u0131. K\u00fct\u00fcphane hi\u00e7 kapanm\u0131yordu. Geceleri t\u00fcm \u0131\u015f\u0131klar\u0131 a\u00e7\u0131k oluyordu. Yatak odas\u0131n\u0131n penceresinden bunu g\u00f6rebiliyordu<span class=\"excerpt-hellip\"> [\u2026]<\/span><\/p>\n","protected":false},"featured_media":0,"template":"","meta":{"_monsterinsights_skip_tracking":false,"_monsterinsights_sitenote_active":false,"_monsterinsights_sitenote_note":"","_monsterinsights_sitenote_category":0},"product_brand":[],"product_cat":[12274,12518],"product_tag":[],"class_list":{"0":"post-768108","1":"product","2":"type-product","3":"status-publish","5":"product_cat-cocuk-ve-genclik-kitaplari","6":"product_cat-okul-oncesi-kitaplar","7":"pa_cilt-ciltsiz","8":"pa_tur-kitap","9":"pa_yayinevi-koc-universitesi-yayinlari","10":"pa_yazar-guilherme-semionato","12":"first","13":"instock","14":"sale","15":"shipping-taxable","16":"purchasable","17":"product-type-simple"},"_links":{"self":[{"href":"https:\/\/roveyayinevi.com.tr\/index.php\/wp-json\/wp\/v2\/product\/768108","targetHints":{"allow":["GET"]}}],"collection":[{"href":"https:\/\/roveyayinevi.com.tr\/index.php\/wp-json\/wp\/v2\/product"}],"about":[{"href":"https:\/\/roveyayinevi.com.tr\/index.php\/wp-json\/wp\/v2\/types\/product"}],"wp:attachment":[{"href":"https:\/\/roveyayinevi.com.tr\/index.php\/wp-json\/wp\/v2\/media?parent=768108"}],"wp:term":[{"taxonomy":"product_brand","embeddable":true,"href":"https:\/\/roveyayinevi.com.tr\/index.php\/wp-json\/wp\/v2\/product_brand?post=768108"},{"taxonomy":"product_cat","embeddable":true,"href":"https:\/\/roveyayinevi.com.tr\/index.php\/wp-json\/wp\/v2\/product_cat?post=768108"},{"taxonomy":"product_tag","embeddable":true,"href":"https:\/\/roveyayinevi.com.tr\/index.php\/wp-json\/wp\/v2\/product_tag?post=768108"}],"curies":[{"name":"wp","href":"https:\/\/api.w.org\/{rel}","templated":true}]}}