{"id":768105,"date":"2025-08-28T13:09:28","date_gmt":"2025-08-28T10:09:28","guid":{"rendered":"https:\/\/roveyayinevi.com.tr\/index.php\/urun\/mukemmel-kardan-adam\/"},"modified":"2026-04-15T03:34:00","modified_gmt":"2026-04-15T00:34:00","slug":"mukemmel-kardan-adam","status":"publish","type":"product","link":"https:\/\/roveyayinevi.com.tr\/index.php\/urun\/mukemmel-kardan-adam\/","title":{"rendered":"M\u00fckemmel Kardan Adam"},"content":{"rendered":"<p>Arkada\u015fl\u0131k ve tak\u0131m olmak \u00fczerine harika bir \u00f6yk\u00fc Ay\u0131 ve arkada\u015flar\u0131n\u0131n b\u00fcy\u00fck yar\u0131\u015fma i\u00e7in yapt\u0131klar\u0131 kardan adam pek g\u00fczel olmad\u0131! M\u00fckemmel kardan adam\u0131 yaparak birincili\u011fi kazanmak i\u00e7in biraz Sihirli Kar bulabilecekler mi dersiniz? Dostlu\u011fun ve birlik olman\u0131n \u00f6nemini anlatan s\u0131cac\u0131k bir \u00f6yk\u00fc.<\/p>\n","protected":false},"excerpt":{"rendered":"<p>Arkada\u015fl\u0131k ve tak\u0131m olmak \u00fczerine harika bir \u00f6yk\u00fc Ay\u0131 ve arkada\u015flar\u0131n\u0131n b\u00fcy\u00fck yar\u0131\u015fma i\u00e7in yapt\u0131klar\u0131 kardan adam pek g\u00fczel olmad\u0131! M\u00fckemmel kardan adam\u0131 yaparak birincili\u011fi kazanmak<span class=\"excerpt-hellip\"> [\u2026]<\/span><\/p>\n","protected":false},"featured_media":0,"template":"","meta":{"_monsterinsights_skip_tracking":false,"_monsterinsights_sitenote_active":false,"_monsterinsights_sitenote_note":"","_monsterinsights_sitenote_category":0},"product_brand":[],"product_cat":[12274,12518],"product_tag":[],"class_list":{"0":"post-768105","1":"product","2":"type-product","3":"status-publish","5":"product_cat-cocuk-ve-genclik-kitaplari","6":"product_cat-okul-oncesi-kitaplar","7":"pa_cilt-ciltsiz","8":"pa_tur-kitap","9":"pa_yayinevi-koc-universitesi-yayinlari","10":"pa_yazar-james-phoenix","12":"first","13":"instock","14":"sale","15":"shipping-taxable","16":"purchasable","17":"product-type-simple"},"_links":{"self":[{"href":"https:\/\/roveyayinevi.com.tr\/index.php\/wp-json\/wp\/v2\/product\/768105","targetHints":{"allow":["GET"]}}],"collection":[{"href":"https:\/\/roveyayinevi.com.tr\/index.php\/wp-json\/wp\/v2\/product"}],"about":[{"href":"https:\/\/roveyayinevi.com.tr\/index.php\/wp-json\/wp\/v2\/types\/product"}],"wp:attachment":[{"href":"https:\/\/roveyayinevi.com.tr\/index.php\/wp-json\/wp\/v2\/media?parent=768105"}],"wp:term":[{"taxonomy":"product_brand","embeddable":true,"href":"https:\/\/roveyayinevi.com.tr\/index.php\/wp-json\/wp\/v2\/product_brand?post=768105"},{"taxonomy":"product_cat","embeddable":true,"href":"https:\/\/roveyayinevi.com.tr\/index.php\/wp-json\/wp\/v2\/product_cat?post=768105"},{"taxonomy":"product_tag","embeddable":true,"href":"https:\/\/roveyayinevi.com.tr\/index.php\/wp-json\/wp\/v2\/product_tag?post=768105"}],"curies":[{"name":"wp","href":"https:\/\/api.w.org\/{rel}","templated":true}]}}