{"id":768103,"date":"2025-08-28T13:09:25","date_gmt":"2025-08-28T10:09:25","guid":{"rendered":"https:\/\/roveyayinevi.com.tr\/index.php\/urun\/yatili-okul-vahseti-dedektif-oyunu\/"},"modified":"2026-04-15T03:34:00","modified_gmt":"2026-04-15T00:34:00","slug":"yatili-okul-vahseti-dedektif-oyunu","status":"publish","type":"product","link":"https:\/\/roveyayinevi.com.tr\/index.php\/urun\/yatili-okul-vahseti-dedektif-oyunu\/","title":{"rendered":"Yat\u0131l\u0131 Okul Vah\u015feti &#8211; Dedektif Oyunu"},"content":{"rendered":"<p>MERHABALAR SAYIN DEDEKT\u0130F, Bir s\u00fcredir \u00e7\u00f6z\u00fclemeyen bir dava \u00fczerinde u\u011fra\u015f\u0131yoruz ve bu s\u00fcre\u00e7te senin gibi \u00e7al\u0131\u015fma arkada\u015flar\u0131na ihtiya\u00e7 duyuyoruz. Sana bu dosya ile birlikte: \u00b7         OLAY YER\u0130 TESP\u0130T TUTANA\u011eI \u00b7         OTOPS\u0130 RAPORLARI \u00b7         \u015e\u00dcPHEL\u0130 \u0130FADE TUTANAKLARI ve bu davan\u0131n seyrini etkileyebilecek birka\u00e7 belge daha veriyoruz. Olay \u00f6rg\u00fcs\u00fcn\u00fc do\u011fru bir \u015fekilde \u00e7\u00f6zebildi\u011fin takdirde katilin itiraf etmek zorunda kalaca\u011f\u0131n\u0131 d\u00fc\u015f\u00fcn\u00fcyoruz. Olay\u0131m\u0131zda tek bir katil oldu\u011fu hususunda eminiz. \u015e\u00fcpheli ifade tutanaklar\u0131n\u0131 ince ince tahlil edip di\u011fer belgelerle illiyet ba\u011f\u0131n\u0131 \u00e7\u00f6zd\u00fc\u011f\u00fcn takdirde katile ula\u015facaks\u0131n. Kaba bir tabirle katil \u00e7ok temiz \u00e7al\u0131\u015fm\u0131\u015f diyebiliriz ard\u0131nda neredeyse hi\u00e7 delil b\u0131rakmam\u0131\u015f. Ama sen deneyimli bir dedektifsin olay \u00f6rg\u00fcs\u00fcn\u00fc \u00e7\u00f6zerek onu itirafa zorlayaca\u011f\u0131ndan eminiz. \u00c7\u0131kt\u0131\u011f\u0131n bu yolda sana ba\u015far\u0131lar diliyoruz. Unutma her cinayetin alt\u0131nda bir psikolojik altyap\u0131 yatar. \u015e\u00fcphelilerden birinin bu cinayeti i\u015flemek i\u00e7in bir nedeni var. Ve o nedeni ortaya \u00e7\u0131kartabilecek ki\u015fi sensin. BOL \u015eANSLAR! CNR DEDEKT\u0130FL\u0130K \u015e\u0130RKET\u0130 GENEL M\u00dcD\u00dcR\u00dc <\/p>\n","protected":false},"excerpt":{"rendered":"<p>MERHABALAR SAYIN DEDEKT\u0130F, Bir s\u00fcredir \u00e7\u00f6z\u00fclemeyen bir dava \u00fczerinde u\u011fra\u015f\u0131yoruz ve bu s\u00fcre\u00e7te senin gibi \u00e7al\u0131\u015fma arkada\u015flar\u0131na ihtiya\u00e7 duyuyoruz. Sana bu dosya ile birlikte: \u00b7 OLAY<span class=\"excerpt-hellip\"> [\u2026]<\/span><\/p>\n","protected":false},"featured_media":0,"template":"","meta":{"_monsterinsights_skip_tracking":false,"_monsterinsights_sitenote_active":false,"_monsterinsights_sitenote_note":"","_monsterinsights_sitenote_category":0},"product_brand":[],"product_cat":[139410,15563],"product_tag":[],"class_list":{"0":"post-768103","1":"product","2":"type-product","3":"status-publish","5":"product_cat-buyukler-icin-oyun","6":"product_cat-hobi","7":"pa_cilt-ciltsiz","8":"pa_tur-oyun","9":"pa_yayinevi-leopar-yayinlari","10":"pa_yazar-kolektif","12":"first","13":"instock","14":"sale","15":"shipping-taxable","16":"purchasable","17":"product-type-simple"},"_links":{"self":[{"href":"https:\/\/roveyayinevi.com.tr\/index.php\/wp-json\/wp\/v2\/product\/768103","targetHints":{"allow":["GET"]}}],"collection":[{"href":"https:\/\/roveyayinevi.com.tr\/index.php\/wp-json\/wp\/v2\/product"}],"about":[{"href":"https:\/\/roveyayinevi.com.tr\/index.php\/wp-json\/wp\/v2\/types\/product"}],"wp:attachment":[{"href":"https:\/\/roveyayinevi.com.tr\/index.php\/wp-json\/wp\/v2\/media?parent=768103"}],"wp:term":[{"taxonomy":"product_brand","embeddable":true,"href":"https:\/\/roveyayinevi.com.tr\/index.php\/wp-json\/wp\/v2\/product_brand?post=768103"},{"taxonomy":"product_cat","embeddable":true,"href":"https:\/\/roveyayinevi.com.tr\/index.php\/wp-json\/wp\/v2\/product_cat?post=768103"},{"taxonomy":"product_tag","embeddable":true,"href":"https:\/\/roveyayinevi.com.tr\/index.php\/wp-json\/wp\/v2\/product_tag?post=768103"}],"curies":[{"name":"wp","href":"https:\/\/api.w.org\/{rel}","templated":true}]}}