{"id":768100,"date":"2025-08-28T13:09:21","date_gmt":"2025-08-28T10:09:21","guid":{"rendered":"https:\/\/roveyayinevi.com.tr\/index.php\/urun\/100-first-words-farm-ingilizce-ilk-100-kelimem-ciftlik-ingilizce-ogreniyorum\/"},"modified":"2026-04-15T03:34:00","modified_gmt":"2026-04-15T00:34:00","slug":"100-first-words-farm-ingilizce-ilk-100-kelimem-ciftlik-ingilizce-ogreniyorum","status":"publish","type":"product","link":"https:\/\/roveyayinevi.com.tr\/index.php\/urun\/100-first-words-farm-ingilizce-ilk-100-kelimem-ciftlik-ingilizce-ogreniyorum\/","title":{"rendered":"100 First Words &#8211; Farm \/ \u0130ngilizce \u0130lk 100 Kelimem \u2013 \u00c7iftlik \u0130ngilizce \u00d6\u011freniyorum"},"content":{"rendered":"<p>\u00c7ocu\u011funuz ilk \u0130ngilizce kelimelerini kolayca \u00f6\u011frensin. \u0130ngilizce \u0130lk 100 Kelimem serisi, \u00e7ocuklar\u0131n \u0130ngilizceyi g\u00fcnl\u00fck ya\u015fam\u0131n bir par\u00e7as\u0131 haline getirerek \u00f6\u011frenmesi i\u00e7in haz\u0131rlanm\u0131\u015ft\u0131r. \u00d6\u011frenme Rehberi \u2022 Dil geli\u015fimine yard\u0131mc\u0131 olur ve \u0130ngilizceye giri\u015f sa\u011flar. \u2022 Kelime da\u011farc\u0131\u011f\u0131n\u0131 zenginle\u015ftirir, konu bilgisini geli\u015ftirir. \u2022 \u00c7ocuk ile ebeveyn aras\u0131nda daha fazla etkile\u015fim imk\u00e2n\u0131 sunar<\/p>\n","protected":false},"excerpt":{"rendered":"<p>\u00c7ocu\u011funuz ilk \u0130ngilizce kelimelerini kolayca \u00f6\u011frensin. \u0130ngilizce \u0130lk 100 Kelimem serisi, \u00e7ocuklar\u0131n \u0130ngilizceyi g\u00fcnl\u00fck ya\u015fam\u0131n bir par\u00e7as\u0131 haline getirerek \u00f6\u011frenmesi i\u00e7in haz\u0131rlanm\u0131\u015ft\u0131r. \u00d6\u011frenme Rehberi \u2022 Dil<span class=\"excerpt-hellip\"> [\u2026]<\/span><\/p>\n","protected":false},"featured_media":0,"template":"","meta":{"_monsterinsights_skip_tracking":false,"_monsterinsights_sitenote_active":false,"_monsterinsights_sitenote_note":"","_monsterinsights_sitenote_category":0},"product_brand":[],"product_cat":[12274,12518],"product_tag":[],"class_list":{"0":"post-768100","1":"product","2":"type-product","3":"status-publish","5":"product_cat-cocuk-ve-genclik-kitaplari","6":"product_cat-okul-oncesi-kitaplar","7":"pa_cilt-ciltsiz","8":"pa_tur-kitap","9":"pa_yayinevi-koc-universitesi-yayinlari","10":"pa_yazar-kolektif","12":"first","13":"instock","14":"sale","15":"shipping-taxable","16":"purchasable","17":"product-type-simple"},"_links":{"self":[{"href":"https:\/\/roveyayinevi.com.tr\/index.php\/wp-json\/wp\/v2\/product\/768100","targetHints":{"allow":["GET"]}}],"collection":[{"href":"https:\/\/roveyayinevi.com.tr\/index.php\/wp-json\/wp\/v2\/product"}],"about":[{"href":"https:\/\/roveyayinevi.com.tr\/index.php\/wp-json\/wp\/v2\/types\/product"}],"wp:attachment":[{"href":"https:\/\/roveyayinevi.com.tr\/index.php\/wp-json\/wp\/v2\/media?parent=768100"}],"wp:term":[{"taxonomy":"product_brand","embeddable":true,"href":"https:\/\/roveyayinevi.com.tr\/index.php\/wp-json\/wp\/v2\/product_brand?post=768100"},{"taxonomy":"product_cat","embeddable":true,"href":"https:\/\/roveyayinevi.com.tr\/index.php\/wp-json\/wp\/v2\/product_cat?post=768100"},{"taxonomy":"product_tag","embeddable":true,"href":"https:\/\/roveyayinevi.com.tr\/index.php\/wp-json\/wp\/v2\/product_tag?post=768100"}],"curies":[{"name":"wp","href":"https:\/\/api.w.org\/{rel}","templated":true}]}}