{"id":768090,"date":"2025-08-28T13:09:06","date_gmt":"2025-08-28T10:09:06","guid":{"rendered":"https:\/\/roveyayinevi.com.tr\/index.php\/urun\/bicirin-kazagi\/"},"modified":"2026-04-15T03:34:00","modified_gmt":"2026-04-15T00:34:00","slug":"bicirin-kazagi","status":"publish","type":"product","link":"https:\/\/roveyayinevi.com.tr\/index.php\/urun\/bicirin-kazagi\/","title":{"rendered":"B\u0131c\u0131r&#8217;\u0131n Kaza\u011f\u0131"},"content":{"rendered":"<p>DE\u011e\u0130\u015e\u0130MLERE UYUM SA\u011eLAMA VE DAYANI\u015eMA DE\u011e\u0130\u015e\u0130ME AYAK UYDURMAYI \u00d6\u011eRENMEK VE BU S\u00dcRE\u00c7TE ARKADA\u015eLARIN DESTE\u011e\u0130N\u0130N \u00d6NEM\u0130 HAKKINDA SEV\u0130ML\u0130 B\u0130R \u00d6YK\u00dc. K\u0131\u015fa Haz\u0131rl\u0131k Kutlamas\u0131 yakla\u015f\u0131rken Ay\u0131, Oklu Kirpi ve Karaca t\u00fcm haz\u0131rl\u0131klar\u0131n\u0131 tamamlam\u0131\u015flard\u0131. Peki ya Sincap B\u0131c\u0131r? Ninesinin \u00f6rd\u00fc\u011f\u00fc kaza\u011f\u0131n k\u00fc\u00e7\u00fcld\u00fc\u011f\u00fcn\u00fc son anda fark eden B\u0131c\u0131r ne yapaca\u011f\u0131n\u0131 \u015fa\u015f\u0131rd\u0131! En sevdi\u011fi kaza\u011f\u0131n\u0131 tekrar giyebilmesi i\u00e7in t\u00fcm arkada\u015flar\u0131 B\u0131c\u0131r\u2019a yard\u0131m etti. Fakat belki de Pamuk Nine\u2019yi ve arkada\u015flar\u0131n\u0131 hat\u0131rlamak i\u00e7in kaza\u011f\u0131n\u0131n mutlaka bir kazak olarak kalmas\u0131 gerekmiyordur?<\/p>\n","protected":false},"excerpt":{"rendered":"<p>DE\u011e\u0130\u015e\u0130MLERE UYUM SA\u011eLAMA VE DAYANI\u015eMA DE\u011e\u0130\u015e\u0130ME AYAK UYDURMAYI \u00d6\u011eRENMEK VE BU S\u00dcRE\u00c7TE ARKADA\u015eLARIN DESTE\u011e\u0130N\u0130N \u00d6NEM\u0130 HAKKINDA SEV\u0130ML\u0130 B\u0130R \u00d6YK\u00dc. K\u0131\u015fa Haz\u0131rl\u0131k Kutlamas\u0131 yakla\u015f\u0131rken Ay\u0131, Oklu Kirpi<span class=\"excerpt-hellip\"> [\u2026]<\/span><\/p>\n","protected":false},"featured_media":0,"template":"","meta":{"_monsterinsights_skip_tracking":false,"_monsterinsights_sitenote_active":false,"_monsterinsights_sitenote_note":"","_monsterinsights_sitenote_category":0},"product_brand":[],"product_cat":[12274,12518],"product_tag":[],"class_list":{"0":"post-768090","1":"product","2":"type-product","3":"status-publish","5":"product_cat-cocuk-ve-genclik-kitaplari","6":"product_cat-okul-oncesi-kitaplar","7":"pa_cilt-ciltsiz","8":"pa_tur-kitap","9":"pa_yayinevi-koc-universitesi-yayinlari","10":"pa_yazar-laura-renauld","12":"first","13":"instock","14":"sale","15":"shipping-taxable","16":"purchasable","17":"product-type-simple"},"_links":{"self":[{"href":"https:\/\/roveyayinevi.com.tr\/index.php\/wp-json\/wp\/v2\/product\/768090","targetHints":{"allow":["GET"]}}],"collection":[{"href":"https:\/\/roveyayinevi.com.tr\/index.php\/wp-json\/wp\/v2\/product"}],"about":[{"href":"https:\/\/roveyayinevi.com.tr\/index.php\/wp-json\/wp\/v2\/types\/product"}],"wp:attachment":[{"href":"https:\/\/roveyayinevi.com.tr\/index.php\/wp-json\/wp\/v2\/media?parent=768090"}],"wp:term":[{"taxonomy":"product_brand","embeddable":true,"href":"https:\/\/roveyayinevi.com.tr\/index.php\/wp-json\/wp\/v2\/product_brand?post=768090"},{"taxonomy":"product_cat","embeddable":true,"href":"https:\/\/roveyayinevi.com.tr\/index.php\/wp-json\/wp\/v2\/product_cat?post=768090"},{"taxonomy":"product_tag","embeddable":true,"href":"https:\/\/roveyayinevi.com.tr\/index.php\/wp-json\/wp\/v2\/product_tag?post=768090"}],"curies":[{"name":"wp","href":"https:\/\/api.w.org\/{rel}","templated":true}]}}