{"id":768086,"date":"2025-08-28T13:09:00","date_gmt":"2025-08-28T10:09:00","guid":{"rendered":"https:\/\/roveyayinevi.com.tr\/index.php\/urun\/yoneticilerin-prangalari\/"},"modified":"2026-04-15T03:34:00","modified_gmt":"2026-04-15T00:34:00","slug":"yoneticilerin-prangalari","status":"publish","type":"product","link":"https:\/\/roveyayinevi.com.tr\/index.php\/urun\/yoneticilerin-prangalari\/","title":{"rendered":"Y\u00f6neticilerin Prangalar\u0131"},"content":{"rendered":"<p>\u0130\u00e7indekiler :   \u00b7         Y\u00f6neticiler Ve Prangalar \u00b7         Y\u00f6neticilerde Ki\u015fisel Prangalar \u00b7         K\u00f6t\u00fc Y\u00f6netici Ve Y\u00f6netim Sorunlar\u0131 \u00b7         G\u00f6lgenin Dans\u0131: \u00d6rg\u00fctlerde Karanl\u0131k D\u00f6rtl\u00fc \u00b7         Y\u00f6neticilerin G\u00f6z\u00fcn\u00fc K\u00f6r Kula\u011f\u0131n\u0131 Sa\u011f\u0131r Eden Dalkavuklar \u00b7         Y\u00f6neticiler \u0130\u00e7in Gizli Tehlike: Karar Yorgunlu\u011fu \u00b7         Akademik Y\u00f6neticilerde Karar Verme Yorgunlu\u011fu \u00b7         Babacan Liderli\u011fin K\u0131skac\u0131nda S\u0131k\u0131\u015fan Benlikler: B\u00fct\u00fcnsellik Ba\u011flam\u0131nda Yeni Bir Liderlik A\u00e7\u0131l\u0131m\u0131 \u00b7         Kamu Y\u00f6netiminde Atanm\u0131\u015f Ve Se\u00e7ilmi\u015f Y\u00f6netici Sorunsal\u0131 \u00b7         Y\u00f6neticilerin Teknolojik Ve Sanal Prangalar\u0131 \u00b7         Kad\u0131n Y\u00f6neticilerin Cinsiyet Prangas\u0131: Cam U\u00e7urum \u00b7         Kaynak Ba\u011f\u0131ml\u0131l\u0131\u011f\u0131n\u0131n Olu\u015fturdu\u011fu Y\u00f6netsel Prangalar \u00b7         Belediye Ba\u015fkanlar\u0131n\u0131n Prangalar\u0131 \u00b7         Y\u00f6neticilerin \u0130\u00e7sel Baltalay\u0131c\u0131lar\u0131 <\/p>\n","protected":false},"excerpt":{"rendered":"<p>\u0130\u00e7indekiler : \u00b7 Y\u00f6neticiler Ve Prangalar \u00b7 Y\u00f6neticilerde Ki\u015fisel Prangalar \u00b7 K\u00f6t\u00fc Y\u00f6netici Ve Y\u00f6netim Sorunlar\u0131 \u00b7 G\u00f6lgenin Dans\u0131: \u00d6rg\u00fctlerde Karanl\u0131k D\u00f6rtl\u00fc \u00b7 Y\u00f6neticilerin G\u00f6z\u00fcn\u00fc K\u00f6r<span class=\"excerpt-hellip\"> [\u2026]<\/span><\/p>\n","protected":false},"featured_media":0,"template":"","meta":{"_monsterinsights_skip_tracking":false,"_monsterinsights_sitenote_active":false,"_monsterinsights_sitenote_note":"","_monsterinsights_sitenote_category":0},"product_brand":[],"product_cat":[13043],"product_tag":[],"class_list":{"0":"post-768086","1":"product","2":"type-product","3":"status-publish","5":"product_cat-ekonomi","6":"pa_cilt-ciltsiz","7":"pa_tur-kitap","8":"pa_yayinevi-gazi-kitabevi","9":"pa_yazar-kolektif","11":"first","12":"instock","13":"sale","14":"shipping-taxable","15":"purchasable","16":"product-type-simple"},"_links":{"self":[{"href":"https:\/\/roveyayinevi.com.tr\/index.php\/wp-json\/wp\/v2\/product\/768086","targetHints":{"allow":["GET"]}}],"collection":[{"href":"https:\/\/roveyayinevi.com.tr\/index.php\/wp-json\/wp\/v2\/product"}],"about":[{"href":"https:\/\/roveyayinevi.com.tr\/index.php\/wp-json\/wp\/v2\/types\/product"}],"wp:attachment":[{"href":"https:\/\/roveyayinevi.com.tr\/index.php\/wp-json\/wp\/v2\/media?parent=768086"}],"wp:term":[{"taxonomy":"product_brand","embeddable":true,"href":"https:\/\/roveyayinevi.com.tr\/index.php\/wp-json\/wp\/v2\/product_brand?post=768086"},{"taxonomy":"product_cat","embeddable":true,"href":"https:\/\/roveyayinevi.com.tr\/index.php\/wp-json\/wp\/v2\/product_cat?post=768086"},{"taxonomy":"product_tag","embeddable":true,"href":"https:\/\/roveyayinevi.com.tr\/index.php\/wp-json\/wp\/v2\/product_tag?post=768086"}],"curies":[{"name":"wp","href":"https:\/\/api.w.org\/{rel}","templated":true}]}}