{"id":768085,"date":"2025-08-28T13:08:59","date_gmt":"2025-08-28T10:08:59","guid":{"rendered":"https:\/\/roveyayinevi.com.tr\/index.php\/urun\/gulsen-i-raz-2\/"},"modified":"2026-04-15T03:34:00","modified_gmt":"2026-04-15T00:34:00","slug":"gulsen-i-raz-2","status":"publish","type":"product","link":"https:\/\/roveyayinevi.com.tr\/index.php\/urun\/gulsen-i-raz-2\/","title":{"rendered":"G\u00fcl\u015fen-i Raz"},"content":{"rendered":"<p>G\u00fcl\u015fen-i R\u00e2z; \u015eeyh Mahm\u00fbd-\u0131 \u015eeb\u00fcster\u00ee\u2019nin, S\u00fchreverd\u00ee \u015feyhi olan Horasanl\u0131 M\u00eer H\u00fcseyn\u00ee-i S\u00e2d\u00e2t\u2019in kaleme ald\u0131\u011f\u0131 bir nameyle Tebriz \u00e2limlerine naz\u0131m t\u00fcr\u00fcnde y\u00f6neltti\u011fi tasavvuf\u00ee ve felsef\u00ee suallere cevap olmak \u00fczere kaleme al\u0131nm\u0131\u015ft\u0131r. Tasavvuf edebiyat\u0131n\u0131n en b\u00fcy\u00fck \u015faheserleri aras\u0131nda yer alan ve bir\u00e7ok ki\u015fi taraf\u0131ndan terc\u00fcme ve \u015ferh edilen bu eser, yaz\u0131ld\u0131\u011f\u0131 tarihten bu yana hakikat yolcular\u0131na k\u0131lavuzluk etmi\u015ftir. Ayr\u0131ca bu eser, tasavvuf ve felsefe ilmi \u00fczerine ara\u015ft\u0131rma yapan, bilim d\u00fcnyas\u0131na yeni materyaller haz\u0131rlayan ilim adamlar\u0131n\u0131n ba\u015fvuru kaynaklar\u0131ndan biri olmas\u0131 a\u00e7\u0131s\u0131ndan da \u00f6nemlidir. Nuh Mehmet Hamurcu taraf\u0131ndan a\u00e7\u0131klama ve dipnotlarla g\u00fcn\u00fcm\u00fcz T\u00fcrk\u00e7esine aktar\u0131lan bu eserde, metnin asl\u0131n\u0131 ve sadele\u015ftirilmi\u015f \u015fekli birlikte verilmi\u015ftir. \u00d6zellikle tasavvuf\u00ee d\u00fc\u015f\u00fcnceyi ve bu d\u00fc\u015f\u00fcncenin muhteviyat\u0131n\u0131 \u00f6\u011frenmek isteyenler a\u00e7\u0131s\u0131ndan da ciddi bir kaynak olma niteli\u011findedir. <\/p>\n","protected":false},"excerpt":{"rendered":"<p>G\u00fcl\u015fen-i R\u00e2z; \u015eeyh Mahm\u00fbd-\u0131 \u015eeb\u00fcster\u00ee\u2019nin, S\u00fchreverd\u00ee \u015feyhi olan Horasanl\u0131 M\u00eer H\u00fcseyn\u00ee-i S\u00e2d\u00e2t\u2019in kaleme ald\u0131\u011f\u0131 bir nameyle Tebriz \u00e2limlerine naz\u0131m t\u00fcr\u00fcnde y\u00f6neltti\u011fi tasavvuf\u00ee ve felsef\u00ee suallere cevap<span class=\"excerpt-hellip\"> [\u2026]<\/span><\/p>\n","protected":false},"featured_media":0,"template":"","meta":{"_monsterinsights_skip_tracking":false,"_monsterinsights_sitenote_active":false,"_monsterinsights_sitenote_note":"","_monsterinsights_sitenote_category":0},"product_brand":[],"product_cat":[13036,12718,12719],"product_tag":[],"class_list":{"0":"post-768085","1":"product","2":"type-product","3":"status-publish","5":"product_cat-arastirma-inceleme-islam","6":"product_cat-din","7":"product_cat-islam","8":"pa_cilt-ciltsiz","9":"pa_tur-kitap","10":"pa_yayinevi-sinova-yayincilik","11":"pa_yazar-seyh-mahmud-i-sebusteri","13":"first","14":"instock","15":"sale","16":"shipping-taxable","17":"purchasable","18":"product-type-simple"},"_links":{"self":[{"href":"https:\/\/roveyayinevi.com.tr\/index.php\/wp-json\/wp\/v2\/product\/768085","targetHints":{"allow":["GET"]}}],"collection":[{"href":"https:\/\/roveyayinevi.com.tr\/index.php\/wp-json\/wp\/v2\/product"}],"about":[{"href":"https:\/\/roveyayinevi.com.tr\/index.php\/wp-json\/wp\/v2\/types\/product"}],"wp:attachment":[{"href":"https:\/\/roveyayinevi.com.tr\/index.php\/wp-json\/wp\/v2\/media?parent=768085"}],"wp:term":[{"taxonomy":"product_brand","embeddable":true,"href":"https:\/\/roveyayinevi.com.tr\/index.php\/wp-json\/wp\/v2\/product_brand?post=768085"},{"taxonomy":"product_cat","embeddable":true,"href":"https:\/\/roveyayinevi.com.tr\/index.php\/wp-json\/wp\/v2\/product_cat?post=768085"},{"taxonomy":"product_tag","embeddable":true,"href":"https:\/\/roveyayinevi.com.tr\/index.php\/wp-json\/wp\/v2\/product_tag?post=768085"}],"curies":[{"name":"wp","href":"https:\/\/api.w.org\/{rel}","templated":true}]}}