{"id":768084,"date":"2025-08-28T13:08:57","date_gmt":"2025-08-28T10:08:57","guid":{"rendered":"https:\/\/roveyayinevi.com.tr\/index.php\/urun\/gizli-nesnelerin-pesinde-ara-bul\/"},"modified":"2026-04-15T03:34:00","modified_gmt":"2026-04-15T00:34:00","slug":"gizli-nesnelerin-pesinde-ara-bul","status":"publish","type":"product","link":"https:\/\/roveyayinevi.com.tr\/index.php\/urun\/gizli-nesnelerin-pesinde-ara-bul\/","title":{"rendered":"Gizli Nesnelerin Pe\u015finde Ara-Bul"},"content":{"rendered":"<p>Sevgili veliler, \u00f6\u011fretmenler; gizli resimleri bulmaca kitaplar\u0131 \u00e7ocuklar\u0131m\u0131za e\u011flenceli anlar ya\u015fataca\u011f\u0131 gibi, geli\u015fimlerine de katk\u0131da bulunacakt\u0131r. Odaklanma ciddi bir problem. Bu kitap ile buna yard\u0131mc\u0131 olaca\u011f\u0131z. Sab\u0131r kavram\u0131n\u0131 \u00f6\u011frenmelerine destek olaca\u011f\u0131z. B\u00f6ylece g\u00fcnl\u00fck hayatta ihtiya\u00e7lar\u0131 olan odaklanma ve sab\u0131r kavramlar\u0131na al\u0131\u015facaklar. Bu sayede g\u00fcnl\u00fck hayatlar\u0131nda kar\u015f\u0131 kar\u015f\u0131ya kald\u0131klar\u0131 problemlere farkl\u0131 \u00e7\u00f6z\u00fcm yollar\u0131 \u00fcretmeyi \u00f6\u011frenecekler. G\u00f6rsellere farkl\u0131 a\u00e7\u0131lardan bakmay\u0131 \u00f6\u011frendikleri i\u00e7in kar\u015f\u0131la\u015ft\u0131klar\u0131 olaylara da farkl\u0131 a\u00e7\u0131lardan bakma yetene\u011fini geli\u015ftirecekler. <\/p>\n","protected":false},"excerpt":{"rendered":"<p>Sevgili veliler, \u00f6\u011fretmenler; gizli resimleri bulmaca kitaplar\u0131 \u00e7ocuklar\u0131m\u0131za e\u011flenceli anlar ya\u015fataca\u011f\u0131 gibi, geli\u015fimlerine de katk\u0131da bulunacakt\u0131r. Odaklanma ciddi bir problem. Bu kitap ile buna yard\u0131mc\u0131 olaca\u011f\u0131z.<span class=\"excerpt-hellip\"> [\u2026]<\/span><\/p>\n","protected":false},"featured_media":0,"template":"","meta":{"_monsterinsights_skip_tracking":false,"_monsterinsights_sitenote_active":false,"_monsterinsights_sitenote_note":"","_monsterinsights_sitenote_category":0},"product_brand":[],"product_cat":[12492,12274],"product_tag":[],"class_list":{"0":"post-768084","1":"product","2":"type-product","3":"status-publish","5":"product_cat-bilmece-bulmaca","6":"product_cat-cocuk-ve-genclik-kitaplari","7":"pa_cilt-ciltsiz","8":"pa_tur-kitap","9":"pa_yayinevi-bookalemun-yayinevi","10":"pa_yazar-serhat-filiz","12":"first","13":"instock","14":"sale","15":"shipping-taxable","16":"purchasable","17":"product-type-simple"},"_links":{"self":[{"href":"https:\/\/roveyayinevi.com.tr\/index.php\/wp-json\/wp\/v2\/product\/768084","targetHints":{"allow":["GET"]}}],"collection":[{"href":"https:\/\/roveyayinevi.com.tr\/index.php\/wp-json\/wp\/v2\/product"}],"about":[{"href":"https:\/\/roveyayinevi.com.tr\/index.php\/wp-json\/wp\/v2\/types\/product"}],"wp:attachment":[{"href":"https:\/\/roveyayinevi.com.tr\/index.php\/wp-json\/wp\/v2\/media?parent=768084"}],"wp:term":[{"taxonomy":"product_brand","embeddable":true,"href":"https:\/\/roveyayinevi.com.tr\/index.php\/wp-json\/wp\/v2\/product_brand?post=768084"},{"taxonomy":"product_cat","embeddable":true,"href":"https:\/\/roveyayinevi.com.tr\/index.php\/wp-json\/wp\/v2\/product_cat?post=768084"},{"taxonomy":"product_tag","embeddable":true,"href":"https:\/\/roveyayinevi.com.tr\/index.php\/wp-json\/wp\/v2\/product_tag?post=768084"}],"curies":[{"name":"wp","href":"https:\/\/api.w.org\/{rel}","templated":true}]}}