{"id":768083,"date":"2025-08-28T13:08:55","date_gmt":"2025-08-28T10:08:55","guid":{"rendered":"https:\/\/roveyayinevi.com.tr\/index.php\/urun\/bak-ne-ciziyorum-harflerden-eglenceli-cizimler\/"},"modified":"2026-04-15T03:34:00","modified_gmt":"2026-04-15T00:34:00","slug":"bak-ne-ciziyorum-harflerden-eglenceli-cizimler","status":"publish","type":"product","link":"https:\/\/roveyayinevi.com.tr\/index.php\/urun\/bak-ne-ciziyorum-harflerden-eglenceli-cizimler\/","title":{"rendered":"Bak Ne \u00c7iziyorum &#8211; Harflerden E\u011flenceli \u00c7izimler"},"content":{"rendered":"<p>Sevgili veliler, \u00f6\u011fretmenler; harflerden nesne \u00e7izmek, \u00e7ocu\u011fun soyut bir kavram\u0131 somut bir \u015fekilde ifade etmesine olanak tan\u0131r. Bu, hayal gu\u0308cu\u0308nu\u0308 harekete ge\u00e7irir ve \u00e7ocuklar\u0131n zihninde farkl\u0131 olas\u0131l\u0131klar\u0131n canlanmas\u0131n\u0131 sa\u011flar. \u00d6rne\u011fin \u201cA\u201d harfinden bir ev \u00e7izmeyi du\u0308\u015fu\u0308nmek, \u00e7ocu\u011fun yarat\u0131c\u0131 du\u0308\u015fu\u0308nme becerilerini destekler. Bunun sonunda ortaya \u00e7\u0131kan \u00e7izim, \u00e7ocuklar\u0131n \u00f6zgu\u0308venini art\u0131r\u0131r ve su\u0308re\u00e7ten keyif almalar\u0131n\u0131 sa\u011flar. <\/p>\n","protected":false},"excerpt":{"rendered":"<p>Sevgili veliler, \u00f6\u011fretmenler; harflerden nesne \u00e7izmek, \u00e7ocu\u011fun soyut bir kavram\u0131 somut bir \u015fekilde ifade etmesine olanak tan\u0131r. Bu, hayal gu\u0308cu\u0308nu\u0308 harekete ge\u00e7irir ve \u00e7ocuklar\u0131n zihninde farkl\u0131<span class=\"excerpt-hellip\"> [\u2026]<\/span><\/p>\n","protected":false},"featured_media":0,"template":"","meta":{"_monsterinsights_skip_tracking":false,"_monsterinsights_sitenote_active":false,"_monsterinsights_sitenote_note":"","_monsterinsights_sitenote_category":0},"product_brand":[],"product_cat":[12274,12284],"product_tag":[],"class_list":{"0":"post-768083","1":"product","2":"type-product","3":"status-publish","5":"product_cat-cocuk-ve-genclik-kitaplari","6":"product_cat-hikayeler","7":"pa_cilt-ciltsiz","8":"pa_tur-kitap","9":"pa_yayinevi-bookalemun-yayinevi","10":"pa_yazar-serhat-filiz","12":"first","13":"instock","14":"sale","15":"shipping-taxable","16":"purchasable","17":"product-type-simple"},"_links":{"self":[{"href":"https:\/\/roveyayinevi.com.tr\/index.php\/wp-json\/wp\/v2\/product\/768083","targetHints":{"allow":["GET"]}}],"collection":[{"href":"https:\/\/roveyayinevi.com.tr\/index.php\/wp-json\/wp\/v2\/product"}],"about":[{"href":"https:\/\/roveyayinevi.com.tr\/index.php\/wp-json\/wp\/v2\/types\/product"}],"wp:attachment":[{"href":"https:\/\/roveyayinevi.com.tr\/index.php\/wp-json\/wp\/v2\/media?parent=768083"}],"wp:term":[{"taxonomy":"product_brand","embeddable":true,"href":"https:\/\/roveyayinevi.com.tr\/index.php\/wp-json\/wp\/v2\/product_brand?post=768083"},{"taxonomy":"product_cat","embeddable":true,"href":"https:\/\/roveyayinevi.com.tr\/index.php\/wp-json\/wp\/v2\/product_cat?post=768083"},{"taxonomy":"product_tag","embeddable":true,"href":"https:\/\/roveyayinevi.com.tr\/index.php\/wp-json\/wp\/v2\/product_tag?post=768083"}],"curies":[{"name":"wp","href":"https:\/\/api.w.org\/{rel}","templated":true}]}}