{"id":768082,"date":"2025-08-28T13:08:54","date_gmt":"2025-08-28T10:08:54","guid":{"rendered":"https:\/\/roveyayinevi.com.tr\/index.php\/urun\/ikigai-japonlarin-mutlu-hayat-sirri\/"},"modified":"2026-04-08T03:30:36","modified_gmt":"2026-04-08T00:30:36","slug":"ikigai-japonlarin-mutlu-hayat-sirri","status":"publish","type":"product","link":"https:\/\/roveyayinevi.com.tr\/index.php\/urun\/ikigai-japonlarin-mutlu-hayat-sirri\/","title":{"rendered":"Ikigai &#8211; Japonlar\u0131n Mutlu Hayat S\u0131rr\u0131"},"content":{"rendered":"<p>Kadim Japon bilgeli\u011fi Ikigai\u2019ye dayanan bu ki\u015fisel geli\u015fim kitab\u0131nda kal\u0131c\u0131 mutluluk ve uzun \u00f6m\u00fcrl\u00fcl\u00fc\u011f\u00fcn s\u0131rr\u0131n\u0131 ke\u015ffedin. Ikigai\u2019yi hayat\u0131n\u0131za entegre ederek minnettarl\u0131k tutumunu geli\u015ftirir, g\u00fcnlerinize mutluluk katar ve ama\u00e7l\u0131 bir ya\u015fama ilham verirsiniz. Ikigai ile ya\u015fam yolculu\u011funda ne\u015feyi bulun. Japonya, Okinawa&#8217;dan gelen bu kadim bilgelik, ki\u015fisel geli\u015fim yolunuzu ayd\u0131nlatabilir. Okinawa, Japon anakaras\u0131n\u0131n g\u00fcneyinde, insanlar\u0131n her g\u00fcn hayat ama\u00e7lar\u0131n\u0131 ya\u015fad\u0131klar\u0131 k\u00fc\u00e7\u00fck bir adad\u0131r. Ikigai felsefesi arac\u0131l\u0131\u011f\u0131yla uzun \u00f6m\u00fcrl\u00fcl\u00fc\u011f\u00fc kucaklay\u0131n. D\u00fcnyan\u0131n en uzun ya\u015fayan topluluklar\u0131ndan birinin s\u0131rlar\u0131yla donanarak zarif bir \u015fekilde ya\u015flanmay\u0131 \u00f6\u011frenin. Ikigai\u2019yi hayat\u0131n\u0131za entegre ederek minnettarl\u0131k tutumunu geli\u015ftirir, g\u00fcnlerinize mutluluk katar ve ama\u00e7l\u0131 bir ya\u015fama ilham verirsiniz. JAPONLARIN MUTLU HAYAT SIRRI: IKIGAI, anlaml\u0131 bir hayat ya\u015famak i\u00e7in size basit bir yol haritas\u0131 sunuyor: Sevdi\u011finiz \u015feyi yap\u0131n, iyi oldu\u011funuz \u015feyi yap\u0131n, d\u00fcnyan\u0131n ihtiyac\u0131 olan \u015feyi yap\u0131n ve \u00f6du\u0308llendirilebilece\u011finiz \u015feyi yap\u0131n. <\/p>\n","protected":false},"excerpt":{"rendered":"<p>Kadim Japon bilgeli\u011fi Ikigai\u2019ye dayanan bu ki\u015fisel geli\u015fim kitab\u0131nda kal\u0131c\u0131 mutluluk ve uzun \u00f6m\u00fcrl\u00fcl\u00fc\u011f\u00fcn s\u0131rr\u0131n\u0131 ke\u015ffedin. Ikigai\u2019yi hayat\u0131n\u0131za entegre ederek minnettarl\u0131k tutumunu geli\u015ftirir, g\u00fcnlerinize mutluluk katar<span class=\"excerpt-hellip\"> [\u2026]<\/span><\/p>\n","protected":false},"featured_media":0,"template":"","meta":{"_monsterinsights_skip_tracking":false,"_monsterinsights_sitenote_active":false,"_monsterinsights_sitenote_note":"","_monsterinsights_sitenote_category":0},"product_brand":[],"product_cat":[12364,12376],"product_tag":[],"class_list":{"0":"post-768082","1":"product","2":"type-product","3":"status-publish","5":"product_cat-genel-konular","6":"product_cat-kisisel-gelisim","7":"pa_cilt-ciltsiz","8":"pa_tur-kitap","9":"pa_yayinevi-leopar-yayinlari","10":"pa_yazar-tim-tamashiro","12":"first","13":"instock","14":"sale","15":"shipping-taxable","16":"purchasable","17":"product-type-simple"},"_links":{"self":[{"href":"https:\/\/roveyayinevi.com.tr\/index.php\/wp-json\/wp\/v2\/product\/768082","targetHints":{"allow":["GET"]}}],"collection":[{"href":"https:\/\/roveyayinevi.com.tr\/index.php\/wp-json\/wp\/v2\/product"}],"about":[{"href":"https:\/\/roveyayinevi.com.tr\/index.php\/wp-json\/wp\/v2\/types\/product"}],"wp:attachment":[{"href":"https:\/\/roveyayinevi.com.tr\/index.php\/wp-json\/wp\/v2\/media?parent=768082"}],"wp:term":[{"taxonomy":"product_brand","embeddable":true,"href":"https:\/\/roveyayinevi.com.tr\/index.php\/wp-json\/wp\/v2\/product_brand?post=768082"},{"taxonomy":"product_cat","embeddable":true,"href":"https:\/\/roveyayinevi.com.tr\/index.php\/wp-json\/wp\/v2\/product_cat?post=768082"},{"taxonomy":"product_tag","embeddable":true,"href":"https:\/\/roveyayinevi.com.tr\/index.php\/wp-json\/wp\/v2\/product_tag?post=768082"}],"curies":[{"name":"wp","href":"https:\/\/api.w.org\/{rel}","templated":true}]}}