{"id":768080,"date":"2025-08-28T13:08:51","date_gmt":"2025-08-28T10:08:51","guid":{"rendered":"https:\/\/roveyayinevi.com.tr\/index.php\/urun\/erkekler-de-yanar-erkekler-erkekligini-sorguluyor\/"},"modified":"2026-04-15T03:34:00","modified_gmt":"2026-04-15T00:34:00","slug":"erkekler-de-yanar-erkekler-erkekligini-sorguluyor","status":"publish","type":"product","link":"https:\/\/roveyayinevi.com.tr\/index.php\/urun\/erkekler-de-yanar-erkekler-erkekligini-sorguluyor\/","title":{"rendered":"Erkekler de Yanar: Erkekler Erkekli\u011fini Sorguluyor"},"content":{"rendered":"<p>\u201cErkekler de Yanar: Erkekler Erkekli\u011fini Sorguluyor\u201d adl\u0131 bu kitap, Fatma Sancar\u2019\u0131n ara\u015ft\u0131rma ve incelemeleri sonucunda ortaya \u00e7\u0131kt\u0131. Kitap, D\u00fcnya\u2019da ve \u00fclkemizdeki toplumsal cinsiyet \u00e7al\u0131\u015fmalar\u0131 ba\u011flam\u0131nda, \u201cToplumsal Cinsiyet\u201d, \u201cToplumsal Cinsiyet E\u015fitli\u011fi\u201d, \u201cToplumsal Cinsiyet E\u015fitli\u011fi \u00c7al\u0131\u015fmalar\u0131na Erkek Kat\u0131l\u0131m\u0131\u201d ve \u201cSosyal Medyada Erkeklik Olgusu\u201d gibi konular\u0131 titizlikle analiz ediyor, derli toplu olarak bir araya getiriyor, \u201cErkek Adam\u201d al\u0131p okusun diye&#8230; <\/p>\n","protected":false},"excerpt":{"rendered":"<p>\u201cErkekler de Yanar: Erkekler Erkekli\u011fini Sorguluyor\u201d adl\u0131 bu kitap, Fatma Sancar\u2019\u0131n ara\u015ft\u0131rma ve incelemeleri sonucunda ortaya \u00e7\u0131kt\u0131. Kitap, D\u00fcnya\u2019da ve \u00fclkemizdeki toplumsal cinsiyet \u00e7al\u0131\u015fmalar\u0131 ba\u011flam\u0131nda, \u201cToplumsal<span class=\"excerpt-hellip\"> [\u2026]<\/span><\/p>\n","protected":false},"featured_media":0,"template":"","meta":{"_monsterinsights_skip_tracking":false,"_monsterinsights_sitenote_active":false,"_monsterinsights_sitenote_note":"","_monsterinsights_sitenote_category":0},"product_brand":[],"product_cat":[12324],"product_tag":[],"class_list":{"0":"post-768080","1":"product","2":"type-product","3":"status-publish","5":"product_cat-sosyoloji","6":"pa_cilt-ciltsiz","7":"pa_tur-kitap","8":"pa_yayinevi-myrina-yayinlari","9":"pa_yazar-fatma-sancar","11":"first","12":"instock","13":"sale","14":"shipping-taxable","15":"purchasable","16":"product-type-simple"},"_links":{"self":[{"href":"https:\/\/roveyayinevi.com.tr\/index.php\/wp-json\/wp\/v2\/product\/768080","targetHints":{"allow":["GET"]}}],"collection":[{"href":"https:\/\/roveyayinevi.com.tr\/index.php\/wp-json\/wp\/v2\/product"}],"about":[{"href":"https:\/\/roveyayinevi.com.tr\/index.php\/wp-json\/wp\/v2\/types\/product"}],"wp:attachment":[{"href":"https:\/\/roveyayinevi.com.tr\/index.php\/wp-json\/wp\/v2\/media?parent=768080"}],"wp:term":[{"taxonomy":"product_brand","embeddable":true,"href":"https:\/\/roveyayinevi.com.tr\/index.php\/wp-json\/wp\/v2\/product_brand?post=768080"},{"taxonomy":"product_cat","embeddable":true,"href":"https:\/\/roveyayinevi.com.tr\/index.php\/wp-json\/wp\/v2\/product_cat?post=768080"},{"taxonomy":"product_tag","embeddable":true,"href":"https:\/\/roveyayinevi.com.tr\/index.php\/wp-json\/wp\/v2\/product_tag?post=768080"}],"curies":[{"name":"wp","href":"https:\/\/api.w.org\/{rel}","templated":true}]}}