{"id":768079,"date":"2025-08-28T13:08:49","date_gmt":"2025-08-28T10:08:49","guid":{"rendered":"https:\/\/roveyayinevi.com.tr\/index.php\/urun\/beterin-daha-da-beteri\/"},"modified":"2026-04-15T03:34:00","modified_gmt":"2026-04-15T00:34:00","slug":"beterin-daha-da-beteri","status":"publish","type":"product","link":"https:\/\/roveyayinevi.com.tr\/index.php\/urun\/beterin-daha-da-beteri\/","title":{"rendered":"Beterin Daha da Beteri"},"content":{"rendered":"<p>Can ve Alper\u2019in muhte\u015fem ayr\u0131nt\u0131larla dolu maceralar\u0131 devam ediyor. Beterin Beteri\u2019yle okyanuslar a\u015fan iki arkada\u015f bu kez ya\u011fmur ormanlar\u0131nda. Maymun s\u00fcr\u00fcleri, tuhaf bir yumurta ve gizemli bir yabanc\u0131\u2026 Unutmamakl\u0131 ki  Beterin Daha da Beteri  her zaman vard\u0131r! <\/p>\n","protected":false},"excerpt":{"rendered":"<p>Can ve Alper\u2019in muhte\u015fem ayr\u0131nt\u0131larla dolu maceralar\u0131 devam ediyor. Beterin Beteri\u2019yle okyanuslar a\u015fan iki arkada\u015f bu kez ya\u011fmur ormanlar\u0131nda. Maymun s\u00fcr\u00fcleri, tuhaf bir yumurta ve gizemli<span class=\"excerpt-hellip\"> [\u2026]<\/span><\/p>\n","protected":false},"featured_media":0,"template":"","meta":{"_monsterinsights_skip_tracking":false,"_monsterinsights_sitenote_active":false,"_monsterinsights_sitenote_note":"","_monsterinsights_sitenote_category":0},"product_brand":[],"product_cat":[12274],"product_tag":[],"class_list":{"0":"post-768079","1":"product","2":"type-product","3":"status-publish","5":"product_cat-cocuk-ve-genclik-kitaplari","6":"pa_cilt-ciltsiz","7":"pa_tur-kitap","8":"pa_yayinevi-cinar-yayinlari","9":"pa_yazar-einat-tsarfati","11":"first","12":"instock","13":"sale","14":"shipping-taxable","15":"purchasable","16":"product-type-simple"},"_links":{"self":[{"href":"https:\/\/roveyayinevi.com.tr\/index.php\/wp-json\/wp\/v2\/product\/768079","targetHints":{"allow":["GET"]}}],"collection":[{"href":"https:\/\/roveyayinevi.com.tr\/index.php\/wp-json\/wp\/v2\/product"}],"about":[{"href":"https:\/\/roveyayinevi.com.tr\/index.php\/wp-json\/wp\/v2\/types\/product"}],"wp:attachment":[{"href":"https:\/\/roveyayinevi.com.tr\/index.php\/wp-json\/wp\/v2\/media?parent=768079"}],"wp:term":[{"taxonomy":"product_brand","embeddable":true,"href":"https:\/\/roveyayinevi.com.tr\/index.php\/wp-json\/wp\/v2\/product_brand?post=768079"},{"taxonomy":"product_cat","embeddable":true,"href":"https:\/\/roveyayinevi.com.tr\/index.php\/wp-json\/wp\/v2\/product_cat?post=768079"},{"taxonomy":"product_tag","embeddable":true,"href":"https:\/\/roveyayinevi.com.tr\/index.php\/wp-json\/wp\/v2\/product_tag?post=768079"}],"curies":[{"name":"wp","href":"https:\/\/api.w.org\/{rel}","templated":true}]}}