{"id":768078,"date":"2025-08-28T13:08:47","date_gmt":"2025-08-28T10:08:47","guid":{"rendered":"https:\/\/roveyayinevi.com.tr\/index.php\/urun\/culluk-2\/"},"modified":"2026-04-15T03:34:00","modified_gmt":"2026-04-15T00:34:00","slug":"culluk-2","status":"publish","type":"product","link":"https:\/\/roveyayinevi.com.tr\/index.php\/urun\/culluk-2\/","title":{"rendered":"\u00c7ulluk"},"content":{"rendered":"<p>Mahmut Yesari\u2019nin en \u00fcnl\u00fc roman\u0131 olan \u00c7ulluk, 1927\u2019de Milliyet gazetesinde tefrika edildikten sonra 1928\u2019de kitapla\u015ft\u0131r\u0131lm\u0131\u015ft\u0131r. Mahmut Yesari, \u00c7ulluk\u2019u yazabilmek i\u00e7in bir hafta Cibali T\u00fct\u00fcn Fabrikas\u0131\u2019nda \u00e7al\u0131\u015fm\u0131\u015f, t\u00fct\u00fcn i\u015f\u00e7ilerinin sa\u011fl\u0131ks\u0131z \u00e7al\u0131\u015fma ortamlar\u0131na ve k\u00f6t\u00fc ya\u015fam ko\u015fullar\u0131na tan\u0131k olmu\u015ftur. Roman\u0131n ilk b\u00f6l\u00fcm\u00fcnde, k\u00f6y\u00fcnden \u0130stanbul\u2019a gelip t\u00fct\u00fcn fabrikas\u0131nda \u00e7al\u0131\u015fmaya ba\u015flayan Murat\u2019\u0131n ya\u015fad\u0131klar\u0131 anlat\u0131l\u0131r. \u0130\u015f\u00e7i s\u0131n\u0131f\u0131n\u0131n sorunlar\u0131n\u0131n yan\u0131 s\u0131ra Murat\u2019\u0131n i\u015f arkada\u015f\u0131 M\u00fcnevver\u2019le olan karars\u0131z a\u015fk hik\u00e2yesi, etnik ve k\u00fclt\u00fcrel \u00e7e\u015fitlili\u011fiyle \u0130stanbul\u2019un sosyal ya\u015fam\u0131, Beyo\u011flu meyhanelerindeki hovarda hayatlar gibi bir\u00e7ok renkli konuya da de\u011finilir. \u0130kinci b\u00f6l\u00fcm ise Murat\u2019\u0131n geri d\u00f6nmek zorunda kald\u0131\u011f\u0131 k\u00f6y hayat\u0131na uyum sa\u011flayamamas\u0131, \u0130stanbul\u2019a gitmeden \u00f6nce \u00e2\u015f\u0131k oldu\u011fu Esma\u2019yla kavu\u015fmas\u0131n\u0131n \u00f6n\u00fcndeki engeller, t\u00fct\u00fcn ka\u00e7ak\u00e7\u0131lar\u0131, kent-k\u00f6y farkl\u0131l\u0131\u011f\u0131 gibi \u00e7at\u0131\u015fmalar ger\u00e7ek\u00e7i bir yakla\u015f\u0131mla i\u015flenir. T\u00fcrk edebiyat\u0131nda ilk i\u015f\u00e7i roman\u0131 kabul edilen \u00c7ulluk, Cumhuriyet\u2019in ilk y\u0131llar\u0131ndaki modernle\u015fmenin k\u00f6yden kente uzanan yans\u0131malar\u0131n\u0131, toplumsal adaletsizli\u011fi, \u00e7al\u0131\u015fma ko\u015fullar\u0131n\u0131n \u00e7etinli\u011fini, kad\u0131n-erkek ekseninde insani ili\u015fkileri i\u015flemesiyle de \u00f6ne \u00e7\u0131kan bir yap\u0131tt\u0131r. <\/p>\n","protected":false},"excerpt":{"rendered":"<p>Mahmut Yesari\u2019nin en \u00fcnl\u00fc roman\u0131 olan \u00c7ulluk, 1927\u2019de Milliyet gazetesinde tefrika edildikten sonra 1928\u2019de kitapla\u015ft\u0131r\u0131lm\u0131\u015ft\u0131r. Mahmut Yesari, \u00c7ulluk\u2019u yazabilmek i\u00e7in bir hafta Cibali T\u00fct\u00fcn Fabrikas\u0131\u2019nda \u00e7al\u0131\u015fm\u0131\u015f,<span class=\"excerpt-hellip\"> [\u2026]<\/span><\/p>\n","protected":false},"featured_media":0,"template":"","meta":{"_monsterinsights_skip_tracking":false,"_monsterinsights_sitenote_active":false,"_monsterinsights_sitenote_note":"","_monsterinsights_sitenote_category":0},"product_brand":[],"product_cat":[12291,13872],"product_tag":[],"class_list":{"0":"post-768078","1":"product","2":"type-product","3":"status-publish","5":"product_cat-edebiyat","6":"product_cat-klasikler","7":"pa_cilt-ciltsiz","8":"pa_tur-kitap","9":"pa_yayinevi-is-bankasi-kultur-yayinlari","10":"pa_yazar-mahmut-yesari","12":"first","13":"instock","14":"sale","15":"shipping-taxable","16":"purchasable","17":"product-type-simple"},"_links":{"self":[{"href":"https:\/\/roveyayinevi.com.tr\/index.php\/wp-json\/wp\/v2\/product\/768078","targetHints":{"allow":["GET"]}}],"collection":[{"href":"https:\/\/roveyayinevi.com.tr\/index.php\/wp-json\/wp\/v2\/product"}],"about":[{"href":"https:\/\/roveyayinevi.com.tr\/index.php\/wp-json\/wp\/v2\/types\/product"}],"wp:attachment":[{"href":"https:\/\/roveyayinevi.com.tr\/index.php\/wp-json\/wp\/v2\/media?parent=768078"}],"wp:term":[{"taxonomy":"product_brand","embeddable":true,"href":"https:\/\/roveyayinevi.com.tr\/index.php\/wp-json\/wp\/v2\/product_brand?post=768078"},{"taxonomy":"product_cat","embeddable":true,"href":"https:\/\/roveyayinevi.com.tr\/index.php\/wp-json\/wp\/v2\/product_cat?post=768078"},{"taxonomy":"product_tag","embeddable":true,"href":"https:\/\/roveyayinevi.com.tr\/index.php\/wp-json\/wp\/v2\/product_tag?post=768078"}],"curies":[{"name":"wp","href":"https:\/\/api.w.org\/{rel}","templated":true}]}}