{"id":768071,"date":"2025-08-28T13:08:34","date_gmt":"2025-08-28T10:08:34","guid":{"rendered":"https:\/\/roveyayinevi.com.tr\/index.php\/urun\/bizans-cumhuriyeti\/"},"modified":"2026-04-15T03:33:59","modified_gmt":"2026-04-15T00:33:59","slug":"bizans-cumhuriyeti","status":"publish","type":"product","link":"https:\/\/roveyayinevi.com.tr\/index.php\/urun\/bizans-cumhuriyeti\/","title":{"rendered":"Bizans Cumhuriyeti"},"content":{"rendered":"<p>Bat\u0131 kanonu d\u0131\u015f\u0131nda bir demokrasi tarihi yazmak m\u00fcmk\u00fcn m\u00fc? Cumhuriyet\u00e7i y\u00f6netim sistemlerinin on dokuzuncu y\u00fczy\u0131l ortalar\u0131na kadar geriledi\u011fi ve g\u00f6lgede kald\u0131\u011f\u0131 d\u00fc\u015f\u00fcn\u00fcl\u00fcrken, Bizans \u0130mparatorlu\u011fu olarak adland\u0131rd\u0131\u011f\u0131m\u0131z olu\u015fumu cumhuriyet\u00e7i bir perspektiften okuyabilir miyiz? Ulusalc\u0131l\u0131\u011f\u0131n k\u00fcresel bir trend haline geldi\u011fi bir d\u00f6nemde demokrasiyi bir y\u00f6netim sistemi olarak de\u011fil de pratikler b\u00fct\u00fcn\u00fc olarak de\u011ferlendiren Anthony Kaldellis, Bizans siyaseti ve toplumuna dair devrim niteli\u011findeki bu \u00e7al\u0131\u015fmas\u0131nda, MS be\u015finci y\u00fczy\u0131ldan on ikinci y\u00fczy\u0131la kadar Do\u011fu Roma \u0130mparatorlu\u011fu\u2019nun asl\u0131nda bir cumhuriyet oldu\u011funu, iktidar\u0131n halk ad\u0131na ve bazen de bizzat halk taraf\u0131ndan y\u00fcr\u00fct\u00fcld\u00fc\u011f\u00fcn\u00fc savunuyor. Bizans\u2019\u0131 Romal\u0131 k\u00f6kenleriyle yeniden bulu\u015fturan Kaldellis, Bizans Cumhuriyeti\u2019nin Yunanca konu\u015fan yurtta\u015flar\u0131n\u0131n kendilerini Latince konu\u015fan \u201catalar\u0131\u201d kadar Romal\u0131 g\u00f6rd\u00fcklerini, iddia edildi\u011finden daha az otokratik, daha halk\u00e7\u0131 bir y\u00f6netim sisteminin alt\u0131nda ya\u015fad\u0131klar\u0131n\u0131 iddia ediyor.   \u201cSiyaset bilimiyle ilgilenen her \u00f6\u011frenci hem kuram hem de belirli tarihsel belgelerle ilgili tart\u0131\u015fmalar nedeniyle bu \u00e7al\u0131\u015fmay\u0131 ilgi \u00e7ekici bulacak&#8230; Bizans uzmanlar\u0131, yazar\u0131n s\u00fcreklilikle ilgili a\u00e7\u0131klamalar\u0131n\u0131 ilgiyle takip edecek, uzman olmayanlar ise Orta \u00c7a\u011f ba\u011flam\u0131nda iktidar\u0131n me\u015fruiyetiyle ilgili tart\u0131\u015fmalar\u0131n\u0131 hayranl\u0131kla kar\u015f\u0131layacak.\u201d   \u2014J. W. Nesbitt, Choice<\/p>\n","protected":false},"excerpt":{"rendered":"<p>Bat\u0131 kanonu d\u0131\u015f\u0131nda bir demokrasi tarihi yazmak m\u00fcmk\u00fcn m\u00fc? Cumhuriyet\u00e7i y\u00f6netim sistemlerinin on dokuzuncu y\u00fczy\u0131l ortalar\u0131na kadar geriledi\u011fi ve g\u00f6lgede kald\u0131\u011f\u0131 d\u00fc\u015f\u00fcn\u00fcl\u00fcrken, Bizans \u0130mparatorlu\u011fu olarak adland\u0131rd\u0131\u011f\u0131m\u0131z<span class=\"excerpt-hellip\"> [\u2026]<\/span><\/p>\n","protected":false},"featured_media":0,"template":"","meta":{"_monsterinsights_skip_tracking":false,"_monsterinsights_sitenote_active":false,"_monsterinsights_sitenote_note":"","_monsterinsights_sitenote_category":0},"product_brand":[],"product_cat":[12304],"product_tag":[],"class_list":{"0":"post-768071","1":"product","2":"type-product","3":"status-publish","5":"product_cat-tarih","6":"pa_cilt-ciltsiz","7":"pa_tur-kitap","8":"pa_yayinevi-pinhan-yayincilik","9":"pa_yazar-anthony-kaldellis","11":"first","12":"instock","13":"sale","14":"shipping-taxable","15":"purchasable","16":"product-type-simple"},"_links":{"self":[{"href":"https:\/\/roveyayinevi.com.tr\/index.php\/wp-json\/wp\/v2\/product\/768071","targetHints":{"allow":["GET"]}}],"collection":[{"href":"https:\/\/roveyayinevi.com.tr\/index.php\/wp-json\/wp\/v2\/product"}],"about":[{"href":"https:\/\/roveyayinevi.com.tr\/index.php\/wp-json\/wp\/v2\/types\/product"}],"wp:attachment":[{"href":"https:\/\/roveyayinevi.com.tr\/index.php\/wp-json\/wp\/v2\/media?parent=768071"}],"wp:term":[{"taxonomy":"product_brand","embeddable":true,"href":"https:\/\/roveyayinevi.com.tr\/index.php\/wp-json\/wp\/v2\/product_brand?post=768071"},{"taxonomy":"product_cat","embeddable":true,"href":"https:\/\/roveyayinevi.com.tr\/index.php\/wp-json\/wp\/v2\/product_cat?post=768071"},{"taxonomy":"product_tag","embeddable":true,"href":"https:\/\/roveyayinevi.com.tr\/index.php\/wp-json\/wp\/v2\/product_tag?post=768071"}],"curies":[{"name":"wp","href":"https:\/\/api.w.org\/{rel}","templated":true}]}}