{"id":768070,"date":"2025-08-28T13:08:33","date_gmt":"2025-08-28T10:08:33","guid":{"rendered":"https:\/\/roveyayinevi.com.tr\/index.php\/urun\/koy-kanunu-isiginda\/"},"modified":"2026-04-15T03:33:59","modified_gmt":"2026-04-15T00:33:59","slug":"koy-kanunu-isiginda","status":"publish","type":"product","link":"https:\/\/roveyayinevi.com.tr\/index.php\/urun\/koy-kanunu-isiginda\/","title":{"rendered":"K\u00f6y Kanunu I\u015f\u0131\u011f\u0131nda"},"content":{"rendered":"<p>442 say\u0131l\u0131 K\u00f6y Kanunu Cumhuriyet D\u00f6nemi\u2019nin en \u00f6nemli kanunlar\u0131ndan biridir. Baz\u0131 de\u011fi\u015fikliklere u\u011framas\u0131na ra\u011fmen g\u00fcn\u00fcm\u00fcze kadar varl\u0131\u011f\u0131n\u0131 koruyup gelmi\u015ftir. K\u00f6y Kanunu\u2019nda muhtarlara ve K\u00f6y \u0130htiyar Heyetine \u00e7ok \u00f6zel yetkiler verilmi\u015ftir. Bunlar\u0131 d\u00f6rt ana ba\u015fl\u0131k alt\u0131nda toplarsak:   a-Salma ad\u0131 alt\u0131nda k\u00f6yl\u00fcden vergi toplama yetkisi b-\u0130mece ad\u0131 alt\u0131nda k\u00f6y i\u015flerinde insanlar\u0131 \u00fccretsiz \u00e7al\u0131\u015ft\u0131rma yetkisi c-K\u00f6yde huzur ve g\u00fcven ortam\u0131n\u0131 sa\u011flamak, k\u00f6yde devleti temsil etmek d-Adli mercilerin ya da \u015fehirlerde di\u011fer kamu birimlerinin yapmas\u0131 gereken baz\u0131 g\u00f6revlerin ifa edilmesi \u015feklinde \u00f6zetlemek m\u00fcmk\u00fcnd\u00fcr.   G\u00fcn\u00fcm\u00fcz, teknoloji \u00e7a\u011f\u0131d\u0131r. Bu \u00e7a\u011fda, tar\u0131m toplumu olma \u00f6zelli\u011fini kaybetmemiz sebebiyle k\u00f6yler bo\u015falm\u0131\u015ft\u0131r. Buna ra\u011fmen direnen k\u00f6ylere selam olsun. Yararl\u0131 olmas\u0131 dile\u011fi ile. <\/p>\n","protected":false},"excerpt":{"rendered":"<p>442 say\u0131l\u0131 K\u00f6y Kanunu Cumhuriyet D\u00f6nemi\u2019nin en \u00f6nemli kanunlar\u0131ndan biridir. Baz\u0131 de\u011fi\u015fikliklere u\u011framas\u0131na ra\u011fmen g\u00fcn\u00fcm\u00fcze kadar varl\u0131\u011f\u0131n\u0131 koruyup gelmi\u015ftir. K\u00f6y Kanunu\u2019nda muhtarlara ve K\u00f6y \u0130htiyar Heyetine<span class=\"excerpt-hellip\"> [\u2026]<\/span><\/p>\n","protected":false},"featured_media":0,"template":"","meta":{"_monsterinsights_skip_tracking":false,"_monsterinsights_sitenote_active":false,"_monsterinsights_sitenote_note":"","_monsterinsights_sitenote_category":0},"product_brand":[],"product_cat":[15350,17583],"product_tag":[],"class_list":{"0":"post-768070","1":"product","2":"type-product","3":"status-publish","5":"product_cat-hukuk","6":"product_cat-kanun-ve-uygulama-kitaplari","7":"pa_cilt-ciltsiz","8":"pa_tur-kitap","9":"pa_yayinevi-muhtar-yayincilik","10":"pa_yazar-faruk-guclu-hasan-ali-guclu","12":"first","13":"instock","14":"sale","15":"shipping-taxable","16":"purchasable","17":"product-type-simple"},"_links":{"self":[{"href":"https:\/\/roveyayinevi.com.tr\/index.php\/wp-json\/wp\/v2\/product\/768070","targetHints":{"allow":["GET"]}}],"collection":[{"href":"https:\/\/roveyayinevi.com.tr\/index.php\/wp-json\/wp\/v2\/product"}],"about":[{"href":"https:\/\/roveyayinevi.com.tr\/index.php\/wp-json\/wp\/v2\/types\/product"}],"wp:attachment":[{"href":"https:\/\/roveyayinevi.com.tr\/index.php\/wp-json\/wp\/v2\/media?parent=768070"}],"wp:term":[{"taxonomy":"product_brand","embeddable":true,"href":"https:\/\/roveyayinevi.com.tr\/index.php\/wp-json\/wp\/v2\/product_brand?post=768070"},{"taxonomy":"product_cat","embeddable":true,"href":"https:\/\/roveyayinevi.com.tr\/index.php\/wp-json\/wp\/v2\/product_cat?post=768070"},{"taxonomy":"product_tag","embeddable":true,"href":"https:\/\/roveyayinevi.com.tr\/index.php\/wp-json\/wp\/v2\/product_tag?post=768070"}],"curies":[{"name":"wp","href":"https:\/\/api.w.org\/{rel}","templated":true}]}}