{"id":768062,"date":"2025-08-28T13:08:19","date_gmt":"2025-08-28T10:08:19","guid":{"rendered":"https:\/\/roveyayinevi.com.tr\/index.php\/urun\/travmanin-ic-dunyasi\/"},"modified":"2026-04-15T03:33:59","modified_gmt":"2026-04-15T00:33:59","slug":"travmanin-ic-dunyasi","status":"publish","type":"product","link":"https:\/\/roveyayinevi.com.tr\/index.php\/urun\/travmanin-ic-dunyasi\/","title":{"rendered":"Travman\u0131n \u0130\u00e7 D\u00fcnyas\u0131"},"content":{"rendered":"<p>Hem Koruyucunuz Hem de Hapishaneniz: Travmadan \u0130yile\u015fmenin Yollar\u0131n\u0131 Arayan Herkese!Travman\u0131n \u0130\u00e7 D\u00fcnyas\u0131: Ruhun Arketipsel Savunmalar\u0131, travma ve onun bireyin i\u00e7sel d\u00fcnyas\u0131nda nas\u0131l i\u015flendi\u011fiyle ilgili \u00f6nemli bir eser. Donald Kalsched, Jungyen (analitik) psikoloji perspektifiyle, \u00f6zellikle \u00e7ocukluk travmalar\u0131n\u0131n i\u00e7sel d\u00fcnyada nas\u0131l savunma mekanizmalar\u0131na yol a\u00e7t\u0131\u011f\u0131n\u0131 ve bu mekanizmalar\u0131n ruhsal geli\u015fimi nas\u0131l etkiledi\u011fini ele al\u0131yor.Kitapta, arketipsel savunma mekanizmalar\u0131 ve bilin\u00e7d\u0131\u015f\u0131 s\u00fcre\u00e7ler, r\u00fcya analizi ve klinik vaka \u00f6rnekleri \u00fczerinden a\u00e7\u0131klan\u0131yor. Ayr\u0131ca, travman\u0131n insan\u0131n \u201cki\u015fisel ruhu\u201d \u00fczerindeki etkilerini derinlemesine inceleyerek iyile\u015fme s\u00fcrecine dair yollar sunuyor. Jungyen psikolojisinin \u0131\u015f\u0131\u011f\u0131nda, \u00e7ocukluk travmalar\u0131n\u0131n bireyin ruhsal d\u00fcnyas\u0131nda nas\u0131l \u015fekillendi\u011fini ve bu travmalar\u0131n ki\u015fisel geli\u015fimi nas\u0131l engelleyebilece\u011fini ustal\u0131kla a\u00e7\u0131kl\u0131yor. \u00d6zellikle, derin i\u00e7sel \u00e7at\u0131\u015fmalar\u0131 olan dan\u0131\u015fanlarla \u00e7al\u0131\u015fan terapistler i\u00e7in bir ba\u015fucu kayna\u011f\u0131.Ruhsal Savunma Mekanizmalar\u0131: Kalsched, travmaya kar\u015f\u0131 geli\u015fen i\u00e7sel savunmalar\u0131 arketipsel sembollerle a\u00e7\u0131kl\u0131yor ve bu savunmalar\u0131n bireyin hem koruyucusu hem de hapishanesi olabilece\u011fini g\u00f6steriyor.\u0130yile\u015fme S\u00fcreci: Travmadan iyile\u015fmenin yollar\u0131n\u0131 arayanlar i\u00e7in cesaret ve ilham verici bir rehber.Evrensel Bir Rehber: Kitap sadece terapistler i\u00e7in de\u011fil, kendi i\u00e7sel d\u00fcnyas\u0131n\u0131 anlamak ve iyile\u015ftirmek isteyen herkese y\u00f6nelik.Okuyucular Neler S\u00f6yl\u00fcyorlar?&#8221;Travma hakk\u0131nda yaz\u0131lm\u0131\u015f en iyi kitaplardan biri.&#8221; \u2013Nihan Kaya, yazarBu kitap, Jungcu analiz (ve genel olarak psikanaliz) prati\u011fine dair son birka\u00e7 y\u0131lda kar\u015f\u0131la\u015ft\u0131\u011f\u0131m en se\u00e7kin ve \u00f6nemli katk\u0131lardan biri. \u2013Mario Jacoby, C. G. Jung Enstit\u00fcs\u00fc\u201cKalsched, travma literat\u00fcr\u00fcne e\u015fsiz bir katk\u0131 sunuyor. Hem akademik hem de insani a\u00e7\u0131dan derinlemesine etkileyici bir kitap.\u201d \u2013Dr. Robert Romanyshyn\u201cBu kitap, travmayla \u00e7al\u0131\u015fan bir terapist olarak meslek hayat\u0131mda bir d\u00f6n\u00fcm noktas\u0131 oldu. \u0130\u00e7sel d\u00fcnyay\u0131 anlamak isteyen herkes mutlaka okumal\u0131.\u201d \u2013Bir Klinik Psikolog\u201cDonald Kalsched, bilin\u00e7d\u0131\u015f\u0131n\u0131n karma\u015f\u0131kl\u0131\u011f\u0131n\u0131 hayranl\u0131k uyand\u0131r\u0131c\u0131 bir netlik ve duyarl\u0131l\u0131kla a\u00e7\u0131kl\u0131yor. Daha \u00f6nce hi\u00e7bir kitap beni b\u00f6yle derinden etkilemedi.\u201d \u2013Goodreads YorumuBu Kitab\u0131 Neden Okumal\u0131s\u0131n\u0131z?Travman\u0131n derinliklerini anlamak:Donald Kalsched, \u00e7ocukluk travmalar\u0131n\u0131n bilin\u00e7d\u0131\u015f\u0131 d\u00fcnyada nas\u0131l savunma mekanizmalar\u0131na yol a\u00e7t\u0131\u011f\u0131n\u0131 ve bu mekanizmalar\u0131n ruhsal geli\u015fimi nas\u0131l etkiledi\u011fini etkileyici bir \u015fekilde a\u00e7\u0131kl\u0131yor.Arketipsel savunmalar\u0131 ke\u015ffetmek:Jungyen psikoloji yakla\u015f\u0131m\u0131yla, bireyin travma sonras\u0131 geli\u015ftirdi\u011fi arketipsel savunmalar\u0131n hem koruyucu hem de k\u0131s\u0131tlay\u0131c\u0131 y\u00f6nlerini \u00f6\u011frenme f\u0131rsat\u0131 sunuyor.Ruhsal iyile\u015fme i\u00e7in rehberlik:Kitap, travman\u0131n insan ruhunda yaratt\u0131\u011f\u0131 derin yaralar\u0131 iyile\u015ftirmek i\u00e7in bilin\u00e7d\u0131\u015f\u0131 s\u00fcre\u00e7leri nas\u0131l kullanabilece\u011finizi g\u00f6steriyor.R\u00fcya analizi ve vaka \u00f6rnekleri:Ger\u00e7ek vaka incelemeleri ve r\u00fcya analizleriyle, travman\u0131n i\u00e7sel d\u00fcnyadaki izlerini anlaman\u0131z\u0131 kolayla\u015ft\u0131r\u0131yor.Psikoterapiye yeni bir bak\u0131\u015f a\u00e7\u0131s\u0131:Psikoterapistlerin, dan\u0131\u015fanlar\u0131n\u0131n i\u00e7sel d\u00fcnyalar\u0131na daha derinlemesine n\u00fcfuz etmeleri i\u00e7in vazge\u00e7ilmez bir kaynak.Kendini anlamak:Kitap, yaln\u0131zca terapistler i\u00e7in de\u011fil, kendi travmalar\u0131yla y\u00fczle\u015fmek ve bilin\u00e7d\u0131\u015f\u0131 s\u00fcre\u00e7lerini anlamak isteyen bireyler i\u00e7in de etkili bir rehber.Jungyen psikolojiye giri\u015f:Analitik psikolojiyle ilgilenenler i\u00e7in hem teorik hem de pratik bilgiler sunarak arketipler ve bilin\u00e7d\u0131\u015f\u0131na dair \u00f6nemli kavramlar\u0131 eri\u015filebilir bir dille a\u00e7\u0131kl\u0131yor.\u0130yile\u015fme ve umut kayna\u011f\u0131:Travman\u0131n ard\u0131ndan iyile\u015fmenin m\u00fcmk\u00fcn oldu\u011funu ve bu s\u00fcrecin i\u00e7sel savunmalar\u0131m\u0131z\u0131 anlamakla ba\u015flayaca\u011f\u0131n\u0131 g\u00fc\u00e7l\u00fc bir \u015fekilde vurguluyor.Evrensel ve zamans\u0131z bir eser:Hem akademik hem de ki\u015fisel geli\u015fim a\u00e7\u0131s\u0131ndan travma literat\u00fcr\u00fcnde \u00f6nemli bir yere sahip olan bu kitap, y\u0131llar ge\u00e7se de de\u011ferinden bir \u015fey kaybetmiyor.\u0130\u00e7sel yolculuk:Kendi bilin\u00e7d\u0131\u015f\u0131n\u0131za do\u011fru bir yolculu\u011fa \u00e7\u0131kmak ve ki\u015fisel ruhunuzu daha iyi tan\u0131mak i\u00e7in ideal bir rehber.Travman\u0131n \u0130\u00e7 D\u00fcnyas\u0131: Ruhun Arketipsel Savunmalar\u0131, travman\u0131n birey \u00fczerindeki derin etkilerini anlamak ve bu s\u00fcre\u00e7le y\u00fczle\u015fmek isteyen herkes i\u00e7in mutlaka okunmas\u0131 gereken bir eser.  <\/p>\n","protected":false},"excerpt":{"rendered":"<p>Hem Koruyucunuz Hem de Hapishaneniz: Travmadan \u0130yile\u015fmenin Yollar\u0131n\u0131 Arayan Herkese!Travman\u0131n \u0130\u00e7 D\u00fcnyas\u0131: Ruhun Arketipsel Savunmalar\u0131, travma ve onun bireyin i\u00e7sel d\u00fcnyas\u0131nda nas\u0131l i\u015flendi\u011fiyle ilgili \u00f6nemli bir<span class=\"excerpt-hellip\"> [\u2026]<\/span><\/p>\n","protected":false},"featured_media":0,"template":"","meta":{"_monsterinsights_skip_tracking":false,"_monsterinsights_sitenote_active":false,"_monsterinsights_sitenote_note":"","_monsterinsights_sitenote_category":0},"product_brand":[],"product_cat":[20502,12357],"product_tag":[],"class_list":{"0":"post-768062","1":"product","2":"type-product","3":"status-publish","5":"product_cat-basvuru-kitaplari-psikoloji","6":"product_cat-psikoloji","7":"pa_cilt-ciltsiz","8":"pa_tur-kitap","9":"pa_yayinevi-okuyan-us-yayin","10":"pa_yazar-donald-kalsched","12":"first","13":"instock","14":"sale","15":"shipping-taxable","16":"purchasable","17":"product-type-simple"},"_links":{"self":[{"href":"https:\/\/roveyayinevi.com.tr\/index.php\/wp-json\/wp\/v2\/product\/768062","targetHints":{"allow":["GET"]}}],"collection":[{"href":"https:\/\/roveyayinevi.com.tr\/index.php\/wp-json\/wp\/v2\/product"}],"about":[{"href":"https:\/\/roveyayinevi.com.tr\/index.php\/wp-json\/wp\/v2\/types\/product"}],"wp:attachment":[{"href":"https:\/\/roveyayinevi.com.tr\/index.php\/wp-json\/wp\/v2\/media?parent=768062"}],"wp:term":[{"taxonomy":"product_brand","embeddable":true,"href":"https:\/\/roveyayinevi.com.tr\/index.php\/wp-json\/wp\/v2\/product_brand?post=768062"},{"taxonomy":"product_cat","embeddable":true,"href":"https:\/\/roveyayinevi.com.tr\/index.php\/wp-json\/wp\/v2\/product_cat?post=768062"},{"taxonomy":"product_tag","embeddable":true,"href":"https:\/\/roveyayinevi.com.tr\/index.php\/wp-json\/wp\/v2\/product_tag?post=768062"}],"curies":[{"name":"wp","href":"https:\/\/api.w.org\/{rel}","templated":true}]}}