{"id":768060,"date":"2025-08-28T13:08:14","date_gmt":"2025-08-28T10:08:14","guid":{"rendered":"https:\/\/roveyayinevi.com.tr\/index.php\/urun\/raven-suikastcisi-ciltli\/"},"modified":"2026-04-15T03:33:59","modified_gmt":"2026-04-15T00:33:59","slug":"raven-suikastcisi-ciltli","status":"publish","type":"product","link":"https:\/\/roveyayinevi.com.tr\/index.php\/urun\/raven-suikastcisi-ciltli\/","title":{"rendered":"Raven Suikast\u00e7isi (Ciltli)"},"content":{"rendered":"<p>RAVEN  AKADEM\u0130S\u0130  SER\u0130S\u0130-1   E\u011eER B\u0130R \u00d6L\u00dcM \u0130\u015eARET\u0130N VARSA, ARTIK KELLEN PARA ED\u0130YOR.   Raven Suikast\u00e7\u0131 Akademisi\u2019nde sessizlik bir silah, g\u00f6lgeler ise birer m\u00fcttefikti. Rowenan bu \u00f6l\u00fcmc\u00fcl akademide hayatta kalmay\u0131 \u00f6\u011frenirken silah kullan\u0131m\u0131 e\u011fitmeni Kant Tenebris ile kar\u015f\u0131 kar\u015f\u0131ya gelmi\u015fti. Kant\u2019\u0131n ac\u0131mas\u0131z e\u011fitimi ve karanl\u0131k cazibesi Rowenan i\u00e7in yaln\u0131zca bir meydan okuma de\u011fildi, ayn\u0131 zamanda tehlikeli bir s\u0131navd\u0131. Akademinin kurallar\u0131 keskin, hayatta kalma m\u00fccadelesi ac\u0131mas\u0131zd\u0131. Ancak en b\u00fcy\u00fck tehlike Rowenan ve Kant aras\u0131ndaki s\u0131rlard\u0131.<\/p>\n","protected":false},"excerpt":{"rendered":"<p>RAVEN AKADEM\u0130S\u0130 SER\u0130S\u0130-1 E\u011eER B\u0130R \u00d6L\u00dcM \u0130\u015eARET\u0130N VARSA, ARTIK KELLEN PARA ED\u0130YOR. Raven Suikast\u00e7\u0131 Akademisi\u2019nde sessizlik bir silah, g\u00f6lgeler ise birer m\u00fcttefikti. Rowenan bu \u00f6l\u00fcmc\u00fcl akademide<span class=\"excerpt-hellip\"> [\u2026]<\/span><\/p>\n","protected":false},"featured_media":0,"template":"","meta":{"_monsterinsights_skip_tracking":false,"_monsterinsights_sitenote_active":false,"_monsterinsights_sitenote_note":"","_monsterinsights_sitenote_category":0},"product_brand":[],"product_cat":[12291,12711],"product_tag":[],"class_list":{"0":"post-768060","1":"product","2":"type-product","3":"status-publish","5":"product_cat-edebiyat","6":"product_cat-roman-oyku","7":"pa_cilt-ciltli","8":"pa_tur-kitap","9":"pa_yayinevi-marti-yayinlari","10":"pa_yazar-selin-solaris","12":"first","13":"instock","14":"sale","15":"shipping-taxable","16":"purchasable","17":"product-type-simple"},"_links":{"self":[{"href":"https:\/\/roveyayinevi.com.tr\/index.php\/wp-json\/wp\/v2\/product\/768060","targetHints":{"allow":["GET"]}}],"collection":[{"href":"https:\/\/roveyayinevi.com.tr\/index.php\/wp-json\/wp\/v2\/product"}],"about":[{"href":"https:\/\/roveyayinevi.com.tr\/index.php\/wp-json\/wp\/v2\/types\/product"}],"wp:attachment":[{"href":"https:\/\/roveyayinevi.com.tr\/index.php\/wp-json\/wp\/v2\/media?parent=768060"}],"wp:term":[{"taxonomy":"product_brand","embeddable":true,"href":"https:\/\/roveyayinevi.com.tr\/index.php\/wp-json\/wp\/v2\/product_brand?post=768060"},{"taxonomy":"product_cat","embeddable":true,"href":"https:\/\/roveyayinevi.com.tr\/index.php\/wp-json\/wp\/v2\/product_cat?post=768060"},{"taxonomy":"product_tag","embeddable":true,"href":"https:\/\/roveyayinevi.com.tr\/index.php\/wp-json\/wp\/v2\/product_tag?post=768060"}],"curies":[{"name":"wp","href":"https:\/\/api.w.org\/{rel}","templated":true}]}}