{"id":768059,"date":"2025-08-28T13:08:12","date_gmt":"2025-08-28T10:08:12","guid":{"rendered":"https:\/\/roveyayinevi.com.tr\/index.php\/urun\/bu-kitap-benim-kopegimi-yedi\/"},"modified":"2026-04-08T03:30:35","modified_gmt":"2026-04-08T00:30:35","slug":"bu-kitap-benim-kopegimi-yedi","status":"publish","type":"product","link":"https:\/\/roveyayinevi.com.tr\/index.php\/urun\/bu-kitap-benim-kopegimi-yedi\/","title":{"rendered":"Bu Kitap Benim K\u00f6pe\u011fimi Yedi"},"content":{"rendered":"<p>\u201cHayal g\u00fcc\u00fcn\u00fcz\u00fc zorlayan, ne\u015feli ve e\u011flenceli bir okuma deneyimi!Richard Byrne\u2019in kitab\u0131 hem \u00e7ocuklar\u0131 hem de yeti\u015fkinleri b\u00fcy\u00fcl\u00fcyor.\u201dRichard Byrne, Bu Kitap Benim K\u00f6pe\u011fimi Yediadl\u0131 eserinde \u00e7ocuklar\u0131 e\u011flenceli ve d\u00fc\u015f\u00fcnd\u00fcr\u00fcc\u00fc bir ser\u00fcvene davet ediyor.Mizahi bir \u00fcslupla yaz\u0131lm\u0131\u015f bu kitap, okurlara s\u0131radanbir hik\u00e2yeden \u00e7ok daha fazlas\u0131n\u0131 vaat ediyor.Hem komik hem de dikkat \u00e7ekici bir yakla\u015f\u0131msergileyerek, \u00e7ocuklarda bulunan kitap okuma al\u0131\u015fkanl\u0131\u011f\u0131ylailgili al\u0131\u015f\u0131ld\u0131k d\u00fc\u015f\u00fcnceleri tersy\u00fcz ediyor. \u00d6zellikler: E\u011flenceli ve yarat\u0131c\u0131 hik\u00e2ye: Her sayfada yeni bir s\u00fcrpriz ve komik bir geli\u015fme! Okuma iste\u011fini art\u0131r\u0131r: \u00d6zellikle \u00e7ocuklar\u0131n kitaplara kar\u015f\u0131 ilgisini uyand\u0131rmak i\u00e7i m\u00fckemmel bir kitap.Mizahi dil: Hem \u00e7ocuklar\u0131 hem de yeti\u015fkinleri g\u00fcld\u00fcrebilecek bir \u00fcslup.Hayal g\u00fcc\u00fcn\u00fc harekete ge\u00e7irir: S\u0131ra d\u0131\u015f\u0131 olaylar ve farkl\u0131 bir anlat\u0131m tarz\u0131 ile \u00e7ocuklar\u0131 \u00f6zg\u00fcr d\u00fc\u015f\u00fcnmeye te\u015fvik eder.<\/p>\n","protected":false},"excerpt":{"rendered":"<p>\u201cHayal g\u00fcc\u00fcn\u00fcz\u00fc zorlayan, ne\u015feli ve e\u011flenceli bir okuma deneyimi!Richard Byrne\u2019in kitab\u0131 hem \u00e7ocuklar\u0131 hem de yeti\u015fkinleri b\u00fcy\u00fcl\u00fcyor.\u201dRichard Byrne, Bu Kitap Benim K\u00f6pe\u011fimi Yediadl\u0131 eserinde \u00e7ocuklar\u0131 e\u011flenceli<span class=\"excerpt-hellip\"> [\u2026]<\/span><\/p>\n","protected":false},"featured_media":0,"template":"","meta":{"_monsterinsights_skip_tracking":false,"_monsterinsights_sitenote_active":false,"_monsterinsights_sitenote_note":"","_monsterinsights_sitenote_category":0},"product_brand":[],"product_cat":[12274,12284],"product_tag":[],"class_list":{"0":"post-768059","1":"product","2":"type-product","3":"status-publish","5":"product_cat-cocuk-ve-genclik-kitaplari","6":"product_cat-hikayeler","7":"pa_cilt-ciltsiz","8":"pa_tur-kitap","9":"pa_yayinevi-ucan-fil-yayinlari","10":"pa_yazar-richard-byrne","12":"first","13":"instock","14":"sale","15":"shipping-taxable","16":"purchasable","17":"product-type-simple"},"_links":{"self":[{"href":"https:\/\/roveyayinevi.com.tr\/index.php\/wp-json\/wp\/v2\/product\/768059","targetHints":{"allow":["GET"]}}],"collection":[{"href":"https:\/\/roveyayinevi.com.tr\/index.php\/wp-json\/wp\/v2\/product"}],"about":[{"href":"https:\/\/roveyayinevi.com.tr\/index.php\/wp-json\/wp\/v2\/types\/product"}],"wp:attachment":[{"href":"https:\/\/roveyayinevi.com.tr\/index.php\/wp-json\/wp\/v2\/media?parent=768059"}],"wp:term":[{"taxonomy":"product_brand","embeddable":true,"href":"https:\/\/roveyayinevi.com.tr\/index.php\/wp-json\/wp\/v2\/product_brand?post=768059"},{"taxonomy":"product_cat","embeddable":true,"href":"https:\/\/roveyayinevi.com.tr\/index.php\/wp-json\/wp\/v2\/product_cat?post=768059"},{"taxonomy":"product_tag","embeddable":true,"href":"https:\/\/roveyayinevi.com.tr\/index.php\/wp-json\/wp\/v2\/product_tag?post=768059"}],"curies":[{"name":"wp","href":"https:\/\/api.w.org\/{rel}","templated":true}]}}