{"id":768057,"date":"2025-08-28T13:08:10","date_gmt":"2025-08-28T10:08:10","guid":{"rendered":"https:\/\/roveyayinevi.com.tr\/index.php\/urun\/yillik-2024-ingilizce-ciltli\/"},"modified":"2026-04-15T03:33:59","modified_gmt":"2026-04-15T00:33:59","slug":"yillik-2024-ingilizce-ciltli","status":"publish","type":"product","link":"https:\/\/roveyayinevi.com.tr\/index.php\/urun\/yillik-2024-ingilizce-ciltli\/","title":{"rendered":"Y\u0131ll\u0131k 2024 &#8211; \u0130ngilizce (Ciltli)"},"content":{"rendered":"<p>6 Nisan 1920\u2019de Halide Edip Ad\u0131var ve Yunus Nadi\u2019nin \u00f6nerisi, Gazi Mustafa Kemal Atat\u00fcrk\u2019\u00fcn talimat\u0131yla kurulan Anadolu Ajans\u0131, T\u00fcrk milletinin ba\u011f\u0131ms\u0131zl\u0131k m\u00fccadelesini d\u00fcnyaya duyurdu. Bug\u00fcn ulusal ve uluslararas\u0131 arenada g\u00fcvenilir bir haber kayna\u011f\u0131 olarak k\u00f6kl\u00fc gelene\u011fini s\u00fcrd\u00fcren Anadolu Ajans\u0131, \u201cdo\u011fru, tarafs\u0131z, h\u0131zl\u0131 habercilik\u201d ilkesiyle habercilik faaliyetlerine devam ediyor. D\u00fcnyan\u0131n d\u00f6rt bir yan\u0131ndan 13 farkl\u0131 dilde yay\u0131n yaparak d\u00fcnya g\u00fcndemini belirliyor ve d\u00fcnyan\u0131n de\u011fi\u015fen dinamiklerine uyum sa\u011flayan misyonunu kararl\u0131l\u0131kla s\u00fcrd\u00fcr\u00fcyor. Bu misyon \u00e7er\u00e7evesinde haz\u0131rlanan \u201cY\u0131ll\u0131k 2024\u201d, haber metinlerinden derinlemesine analizlere, \u00f6d\u00fcll\u00fc foto\u011fraflardan kapsaml\u0131 infografiklere kadar zengin bir i\u00e7eri\u011fi bir araya getirerek, ge\u00e7mi\u015f y\u0131l\u0131 gelece\u011fe ta\u015f\u0131yan \u00f6nemli bir belge niteli\u011fi ta\u015f\u0131yor. AA olarak \u201cDe\u011fi\u015fen d\u00fcnyan\u0131n habercisi\u201d anlay\u0131\u015f\u0131yla, yenilik\u00e7i yay\u0131nc\u0131l\u0131k yakla\u015f\u0131m\u0131m\u0131zla do\u011fru ve g\u00fcvenilir bilgiye eri\u015fimi kolayla\u015ft\u0131rmay\u0131 hedefliyoruz. Bu y\u0131ll\u0131k, gazetecili\u011fin haf\u0131zas\u0131 olma amac\u0131n\u0131 s\u00fcrd\u00fcr\u00fcrken, dijital \u00e7a\u011f\u0131n gerekliliklerini g\u00f6z \u00f6n\u00fcnde bulundurarak QR kod entegrasyonu ile okurlara daha h\u0131zl\u0131 ve kapsaml\u0131 eri\u015fim imk\u00e2n\u0131 sunuyor.<\/p>\n","protected":false},"excerpt":{"rendered":"<p>6 Nisan 1920\u2019de Halide Edip Ad\u0131var ve Yunus Nadi\u2019nin \u00f6nerisi, Gazi Mustafa Kemal Atat\u00fcrk\u2019\u00fcn talimat\u0131yla kurulan Anadolu Ajans\u0131, T\u00fcrk milletinin ba\u011f\u0131ms\u0131zl\u0131k m\u00fccadelesini d\u00fcnyaya duyurdu. Bug\u00fcn ulusal<span class=\"excerpt-hellip\"> [\u2026]<\/span><\/p>\n","protected":false},"featured_media":0,"template":"","meta":{"_monsterinsights_skip_tracking":false,"_monsterinsights_sitenote_active":false,"_monsterinsights_sitenote_note":"","_monsterinsights_sitenote_category":0},"product_brand":[],"product_cat":[12304,13650],"product_tag":[],"class_list":{"0":"post-768057","1":"product","2":"type-product","3":"status-publish","5":"product_cat-tarih","6":"product_cat-turk-tarihi-arastirmalari","7":"pa_cilt-ciltli","8":"pa_tur-kitap","9":"pa_yayinevi-anadolu-ajansi-yayinevi","10":"pa_yazar-kolektif","12":"first","13":"instock","14":"sale","15":"shipping-taxable","16":"purchasable","17":"product-type-simple"},"_links":{"self":[{"href":"https:\/\/roveyayinevi.com.tr\/index.php\/wp-json\/wp\/v2\/product\/768057","targetHints":{"allow":["GET"]}}],"collection":[{"href":"https:\/\/roveyayinevi.com.tr\/index.php\/wp-json\/wp\/v2\/product"}],"about":[{"href":"https:\/\/roveyayinevi.com.tr\/index.php\/wp-json\/wp\/v2\/types\/product"}],"wp:attachment":[{"href":"https:\/\/roveyayinevi.com.tr\/index.php\/wp-json\/wp\/v2\/media?parent=768057"}],"wp:term":[{"taxonomy":"product_brand","embeddable":true,"href":"https:\/\/roveyayinevi.com.tr\/index.php\/wp-json\/wp\/v2\/product_brand?post=768057"},{"taxonomy":"product_cat","embeddable":true,"href":"https:\/\/roveyayinevi.com.tr\/index.php\/wp-json\/wp\/v2\/product_cat?post=768057"},{"taxonomy":"product_tag","embeddable":true,"href":"https:\/\/roveyayinevi.com.tr\/index.php\/wp-json\/wp\/v2\/product_tag?post=768057"}],"curies":[{"name":"wp","href":"https:\/\/api.w.org\/{rel}","templated":true}]}}