{"id":768054,"date":"2025-08-28T13:08:03","date_gmt":"2025-08-28T10:08:03","guid":{"rendered":"https:\/\/roveyayinevi.com.tr\/index.php\/urun\/minikler-akademisi-5-noktalar\/"},"modified":"2026-04-15T03:33:59","modified_gmt":"2026-04-15T00:33:59","slug":"minikler-akademisi-5-noktalar","status":"publish","type":"product","link":"https:\/\/roveyayinevi.com.tr\/index.php\/urun\/minikler-akademisi-5-noktalar\/","title":{"rendered":"Minikler Akademisi 5 &#8211; Noktalar"},"content":{"rendered":"<p>Sevgili anne babalar, \u00e7ocu\u011funuza bu kitab\u0131 verin ve masan\u0131n u\u0308stu\u0308ne bir deste renkli kalem koyun. Sayfan\u0131n alt k\u0131sm\u0131ndaki y\u00f6nergeleri kullan\u0131n. Bu y\u00f6nergeler noktalar\u0131 daha kolay birle\u015ftirmesine yard\u0131mc\u0131 olacakt\u0131r. Bu kitaptaki aktiviteleri tamamlad\u0131ktan sonra, \u201cNoktay\u0131 Yakala\u201d metodunu kullanmaya devam edin. Bu aktivitede ustala\u015f\u0131nca, \u00e7ocu\u011funuz hem noktal\u0131 harfleri ve say\u0131lar\u0131 yazabilecek hem de daha zor \u00e7izimleri yapabilecektir. <\/p>\n","protected":false},"excerpt":{"rendered":"<p>Sevgili anne babalar, \u00e7ocu\u011funuza bu kitab\u0131 verin ve masan\u0131n u\u0308stu\u0308ne bir deste renkli kalem koyun. Sayfan\u0131n alt k\u0131sm\u0131ndaki y\u00f6nergeleri kullan\u0131n. Bu y\u00f6nergeler noktalar\u0131 daha kolay birle\u015ftirmesine<span class=\"excerpt-hellip\"> [\u2026]<\/span><\/p>\n","protected":false},"featured_media":0,"template":"","meta":{"_monsterinsights_skip_tracking":false,"_monsterinsights_sitenote_active":false,"_monsterinsights_sitenote_note":"","_monsterinsights_sitenote_category":0},"product_brand":[],"product_cat":[12274,15842],"product_tag":[],"class_list":{"0":"post-768054","1":"product","2":"type-product","3":"status-publish","5":"product_cat-cocuk-ve-genclik-kitaplari","6":"product_cat-egitici-kitaplar","7":"pa_cilt-ciltsiz","8":"pa_tur-kitap","9":"pa_yayinevi-eksik-parca-yayinlari","10":"pa_yazar-ilona-bakse","12":"first","13":"instock","14":"sale","15":"shipping-taxable","16":"purchasable","17":"product-type-simple"},"_links":{"self":[{"href":"https:\/\/roveyayinevi.com.tr\/index.php\/wp-json\/wp\/v2\/product\/768054","targetHints":{"allow":["GET"]}}],"collection":[{"href":"https:\/\/roveyayinevi.com.tr\/index.php\/wp-json\/wp\/v2\/product"}],"about":[{"href":"https:\/\/roveyayinevi.com.tr\/index.php\/wp-json\/wp\/v2\/types\/product"}],"wp:attachment":[{"href":"https:\/\/roveyayinevi.com.tr\/index.php\/wp-json\/wp\/v2\/media?parent=768054"}],"wp:term":[{"taxonomy":"product_brand","embeddable":true,"href":"https:\/\/roveyayinevi.com.tr\/index.php\/wp-json\/wp\/v2\/product_brand?post=768054"},{"taxonomy":"product_cat","embeddable":true,"href":"https:\/\/roveyayinevi.com.tr\/index.php\/wp-json\/wp\/v2\/product_cat?post=768054"},{"taxonomy":"product_tag","embeddable":true,"href":"https:\/\/roveyayinevi.com.tr\/index.php\/wp-json\/wp\/v2\/product_tag?post=768054"}],"curies":[{"name":"wp","href":"https:\/\/api.w.org\/{rel}","templated":true}]}}