{"id":768053,"date":"2025-08-28T13:08:02","date_gmt":"2025-08-28T10:08:02","guid":{"rendered":"https:\/\/roveyayinevi.com.tr\/index.php\/urun\/minikler-akademisi-6-cizimler\/"},"modified":"2026-04-15T03:33:59","modified_gmt":"2026-04-15T00:33:59","slug":"minikler-akademisi-6-cizimler","status":"publish","type":"product","link":"https:\/\/roveyayinevi.com.tr\/index.php\/urun\/minikler-akademisi-6-cizimler\/","title":{"rendered":"Minikler Akademisi 6 &#8211; \u00c7izimler"},"content":{"rendered":"<p>Sevgili anne babalar, \u00e7ocu\u011funuza bu kitab\u0131 verin ve masan\u0131n u\u0308zerine bir deste renkli kalem b\u0131rak\u0131n. Sayfan\u0131n alt\u0131ndaki y\u00f6nergeleri kullan\u0131n. Bu y\u00f6nergeler, \u00e7ocuklar\u0131n \u201cNoktay\u0131 Sakla\u201d ad\u0131 verilen yarat\u0131c\u0131 aktiviteyi daha kolay tamamlamalar\u0131na yard\u0131mc\u0131 olur. Ellerini \u00e7izerken, \u00e7ocuklar el hareketlerini geli\u015ftirir ve beyin etkinliklerini uyar\u0131r. \u00c7ocuklar ayn\u0131 anda iki \u015feyi yapm\u0131\u015f olur: Bir ellerini ka\u011f\u0131d\u0131n u\u0308zerine koyarken di\u011fer elleriyle \u00e7izerler. Bu aktivitede ustala\u015fmak i\u00e7in, \u00e7ocuklar bunu kendi kendine yapabilene kadar tekrar etmelidirler. \u0130yi \u015fanslar! <\/p>\n","protected":false},"excerpt":{"rendered":"<p>Sevgili anne babalar, \u00e7ocu\u011funuza bu kitab\u0131 verin ve masan\u0131n u\u0308zerine bir deste renkli kalem b\u0131rak\u0131n. Sayfan\u0131n alt\u0131ndaki y\u00f6nergeleri kullan\u0131n. Bu y\u00f6nergeler, \u00e7ocuklar\u0131n \u201cNoktay\u0131 Sakla\u201d ad\u0131 verilen<span class=\"excerpt-hellip\"> [\u2026]<\/span><\/p>\n","protected":false},"featured_media":0,"template":"","meta":{"_monsterinsights_skip_tracking":false,"_monsterinsights_sitenote_active":false,"_monsterinsights_sitenote_note":"","_monsterinsights_sitenote_category":0},"product_brand":[],"product_cat":[12274,15842],"product_tag":[],"class_list":{"0":"post-768053","1":"product","2":"type-product","3":"status-publish","5":"product_cat-cocuk-ve-genclik-kitaplari","6":"product_cat-egitici-kitaplar","7":"pa_cilt-ciltsiz","8":"pa_tur-kitap","9":"pa_yayinevi-eksik-parca-yayinlari","10":"pa_yazar-ilona-bakse","12":"first","13":"instock","14":"sale","15":"shipping-taxable","16":"purchasable","17":"product-type-simple"},"_links":{"self":[{"href":"https:\/\/roveyayinevi.com.tr\/index.php\/wp-json\/wp\/v2\/product\/768053","targetHints":{"allow":["GET"]}}],"collection":[{"href":"https:\/\/roveyayinevi.com.tr\/index.php\/wp-json\/wp\/v2\/product"}],"about":[{"href":"https:\/\/roveyayinevi.com.tr\/index.php\/wp-json\/wp\/v2\/types\/product"}],"wp:attachment":[{"href":"https:\/\/roveyayinevi.com.tr\/index.php\/wp-json\/wp\/v2\/media?parent=768053"}],"wp:term":[{"taxonomy":"product_brand","embeddable":true,"href":"https:\/\/roveyayinevi.com.tr\/index.php\/wp-json\/wp\/v2\/product_brand?post=768053"},{"taxonomy":"product_cat","embeddable":true,"href":"https:\/\/roveyayinevi.com.tr\/index.php\/wp-json\/wp\/v2\/product_cat?post=768053"},{"taxonomy":"product_tag","embeddable":true,"href":"https:\/\/roveyayinevi.com.tr\/index.php\/wp-json\/wp\/v2\/product_tag?post=768053"}],"curies":[{"name":"wp","href":"https:\/\/api.w.org\/{rel}","templated":true}]}}