{"id":768052,"date":"2025-08-28T13:08:00","date_gmt":"2025-08-28T10:08:00","guid":{"rendered":"https:\/\/roveyayinevi.com.tr\/index.php\/urun\/minikler-akademisi-4-cizgiler\/"},"modified":"2026-04-15T03:33:59","modified_gmt":"2026-04-15T00:33:59","slug":"minikler-akademisi-4-cizgiler","status":"publish","type":"product","link":"https:\/\/roveyayinevi.com.tr\/index.php\/urun\/minikler-akademisi-4-cizgiler\/","title":{"rendered":"Minikler Akademisi 4 &#8211; \u00c7izgiler"},"content":{"rendered":"<p>Sevgili anne babalar, \u00e7ocu\u011funuza bu kitab\u0131 ve bir deste renkli kalem verin. Sayfalar\u0131n alt\u0131ndaki y\u00f6nergeleri kullan\u0131n. B\u00f6ylece, \u00e7ocu\u011funuzun farkl\u0131 uzunluktaki \u00e7izgileri \u00e7izmesi kolayla\u015facak. Bu, \u00e7ocu\u011funuzun e\u011fitiminde \u00e7ok \u00f6nemli bir ad\u0131md\u0131r. \u00c7ocuk \u00e7izgi \u00e7izmeye al\u0131\u015ft\u0131\u011f\u0131 zaman, \u00e7izgilerden olu\u015fan A,E, F,H,I,J,K,L,M,N,Y,V,W,X,Z gibi harfleri ve 1,2,4,5,7 gibi say\u0131lar\u0131 daha kolay yazacakt\u0131r. \u0130yi \u015fanslar! <\/p>\n","protected":false},"excerpt":{"rendered":"<p>Sevgili anne babalar, \u00e7ocu\u011funuza bu kitab\u0131 ve bir deste renkli kalem verin. Sayfalar\u0131n alt\u0131ndaki y\u00f6nergeleri kullan\u0131n. B\u00f6ylece, \u00e7ocu\u011funuzun farkl\u0131 uzunluktaki \u00e7izgileri \u00e7izmesi kolayla\u015facak. Bu, \u00e7ocu\u011funuzun e\u011fitiminde<span class=\"excerpt-hellip\"> [\u2026]<\/span><\/p>\n","protected":false},"featured_media":0,"template":"","meta":{"_monsterinsights_skip_tracking":false,"_monsterinsights_sitenote_active":false,"_monsterinsights_sitenote_note":"","_monsterinsights_sitenote_category":0},"product_brand":[],"product_cat":[12274,15842],"product_tag":[],"class_list":{"0":"post-768052","1":"product","2":"type-product","3":"status-publish","5":"product_cat-cocuk-ve-genclik-kitaplari","6":"product_cat-egitici-kitaplar","7":"pa_cilt-ciltsiz","8":"pa_tur-kitap","9":"pa_yayinevi-eksik-parca-yayinlari","10":"pa_yazar-ilona-bakse","12":"first","13":"instock","14":"sale","15":"shipping-taxable","16":"purchasable","17":"product-type-simple"},"_links":{"self":[{"href":"https:\/\/roveyayinevi.com.tr\/index.php\/wp-json\/wp\/v2\/product\/768052","targetHints":{"allow":["GET"]}}],"collection":[{"href":"https:\/\/roveyayinevi.com.tr\/index.php\/wp-json\/wp\/v2\/product"}],"about":[{"href":"https:\/\/roveyayinevi.com.tr\/index.php\/wp-json\/wp\/v2\/types\/product"}],"wp:attachment":[{"href":"https:\/\/roveyayinevi.com.tr\/index.php\/wp-json\/wp\/v2\/media?parent=768052"}],"wp:term":[{"taxonomy":"product_brand","embeddable":true,"href":"https:\/\/roveyayinevi.com.tr\/index.php\/wp-json\/wp\/v2\/product_brand?post=768052"},{"taxonomy":"product_cat","embeddable":true,"href":"https:\/\/roveyayinevi.com.tr\/index.php\/wp-json\/wp\/v2\/product_cat?post=768052"},{"taxonomy":"product_tag","embeddable":true,"href":"https:\/\/roveyayinevi.com.tr\/index.php\/wp-json\/wp\/v2\/product_tag?post=768052"}],"curies":[{"name":"wp","href":"https:\/\/api.w.org\/{rel}","templated":true}]}}