{"id":768050,"date":"2025-08-28T13:07:56","date_gmt":"2025-08-28T10:07:56","guid":{"rendered":"https:\/\/roveyayinevi.com.tr\/index.php\/urun\/minikler-akademisi-3-daireler\/"},"modified":"2026-04-15T03:33:59","modified_gmt":"2026-04-15T00:33:59","slug":"minikler-akademisi-3-daireler","status":"publish","type":"product","link":"https:\/\/roveyayinevi.com.tr\/index.php\/urun\/minikler-akademisi-3-daireler\/","title":{"rendered":"Minikler Akademisi 3 &#8211; Daireler"},"content":{"rendered":"<p>Sevgili anne babalar, \u00e7ocu\u011funuza bu kitab\u0131 ve bir deste renkli kalem verin. Sayfan\u0131n alt\u0131ndaki y\u00f6nergeleri uygulay\u0131n. B\u00f6ylece, \u00e7ocuklar farkl\u0131 \u00f6l\u00e7u\u0308lerde daireler \u00e7izmenin kolay yolunu \u00f6\u011frenecekler. Daire \u00e7izmek bilek hareketlerini ve esnekli\u011fi geli\u015ftirir. E\u011fri \u00e7izgiler \u00e7izmek i\u00e7in buna ihtiya\u00e7 vard\u0131r. \u00c7ocuk e\u011fri \u00e7izgiler \u00e7izmeye al\u0131\u015f\u0131nca, B,C, D, G, O, P, R, S, U gibi harfleri yazmas\u0131 kolayla\u015facakt\u0131r. \u0130yi \u015fanslar! <\/p>\n","protected":false},"excerpt":{"rendered":"<p>Sevgili anne babalar, \u00e7ocu\u011funuza bu kitab\u0131 ve bir deste renkli kalem verin. Sayfan\u0131n alt\u0131ndaki y\u00f6nergeleri uygulay\u0131n. B\u00f6ylece, \u00e7ocuklar farkl\u0131 \u00f6l\u00e7u\u0308lerde daireler \u00e7izmenin kolay yolunu \u00f6\u011frenecekler. Daire<span class=\"excerpt-hellip\"> [\u2026]<\/span><\/p>\n","protected":false},"featured_media":0,"template":"","meta":{"_monsterinsights_skip_tracking":false,"_monsterinsights_sitenote_active":false,"_monsterinsights_sitenote_note":"","_monsterinsights_sitenote_category":0},"product_brand":[],"product_cat":[12274,15842],"product_tag":[],"class_list":{"0":"post-768050","1":"product","2":"type-product","3":"status-publish","5":"product_cat-cocuk-ve-genclik-kitaplari","6":"product_cat-egitici-kitaplar","7":"pa_cilt-ciltsiz","8":"pa_tur-kitap","9":"pa_yayinevi-eksik-parca-yayinlari","10":"pa_yazar-ilona-bakse","12":"first","13":"instock","14":"sale","15":"shipping-taxable","16":"purchasable","17":"product-type-simple"},"_links":{"self":[{"href":"https:\/\/roveyayinevi.com.tr\/index.php\/wp-json\/wp\/v2\/product\/768050","targetHints":{"allow":["GET"]}}],"collection":[{"href":"https:\/\/roveyayinevi.com.tr\/index.php\/wp-json\/wp\/v2\/product"}],"about":[{"href":"https:\/\/roveyayinevi.com.tr\/index.php\/wp-json\/wp\/v2\/types\/product"}],"wp:attachment":[{"href":"https:\/\/roveyayinevi.com.tr\/index.php\/wp-json\/wp\/v2\/media?parent=768050"}],"wp:term":[{"taxonomy":"product_brand","embeddable":true,"href":"https:\/\/roveyayinevi.com.tr\/index.php\/wp-json\/wp\/v2\/product_brand?post=768050"},{"taxonomy":"product_cat","embeddable":true,"href":"https:\/\/roveyayinevi.com.tr\/index.php\/wp-json\/wp\/v2\/product_cat?post=768050"},{"taxonomy":"product_tag","embeddable":true,"href":"https:\/\/roveyayinevi.com.tr\/index.php\/wp-json\/wp\/v2\/product_tag?post=768050"}],"curies":[{"name":"wp","href":"https:\/\/api.w.org\/{rel}","templated":true}]}}