{"id":768049,"date":"2025-08-28T13:07:54","date_gmt":"2025-08-28T10:07:54","guid":{"rendered":"https:\/\/roveyayinevi.com.tr\/index.php\/urun\/minikler-akademisi-1-kalem\/"},"modified":"2026-04-15T03:33:59","modified_gmt":"2026-04-15T00:33:59","slug":"minikler-akademisi-1-kalem","status":"publish","type":"product","link":"https:\/\/roveyayinevi.com.tr\/index.php\/urun\/minikler-akademisi-1-kalem\/","title":{"rendered":"Minikler Akademisi 1 &#8211; Kalem"},"content":{"rendered":"<p>Sevgili anne-babalar, \u00e7ocu\u011funuza bu kitab\u0131 ve bir kalem verin. Onu, bu\u0308tu\u0308n aktiviteleri s\u0131ras\u0131yla tamamlamas\u0131 i\u00e7in cesaretlendirin. Her aktivite bir \u00f6ncekinden biraz daha zordur. Her sayfan\u0131n alt\u0131nda y\u00f6nergeler bulacaks\u0131n\u0131z. Onlar\u0131 kullanarak, \u00e7ocu\u011funuza kalem tutman\u0131n en kolay yolunu bulmas\u0131 i\u00e7in yard\u0131mc\u0131 olun. \u201cKalemin kuyru\u011fu\u201d metodunu deneyin. Bu metodu, \u00e7ocu\u011funuz kalemi rahat\u00e7a tutmaya al\u0131\u015f\u0131ncaya kadar ileriki su\u0308re\u00e7lerde de kullan\u0131n. \u0130yi \u015fanslar! <\/p>\n","protected":false},"excerpt":{"rendered":"<p>Sevgili anne-babalar, \u00e7ocu\u011funuza bu kitab\u0131 ve bir kalem verin. Onu, bu\u0308tu\u0308n aktiviteleri s\u0131ras\u0131yla tamamlamas\u0131 i\u00e7in cesaretlendirin. Her aktivite bir \u00f6ncekinden biraz daha zordur. Her sayfan\u0131n alt\u0131nda<span class=\"excerpt-hellip\"> [\u2026]<\/span><\/p>\n","protected":false},"featured_media":0,"template":"","meta":{"_monsterinsights_skip_tracking":false,"_monsterinsights_sitenote_active":false,"_monsterinsights_sitenote_note":"","_monsterinsights_sitenote_category":0},"product_brand":[],"product_cat":[12274,15842],"product_tag":[],"class_list":{"0":"post-768049","1":"product","2":"type-product","3":"status-publish","5":"product_cat-cocuk-ve-genclik-kitaplari","6":"product_cat-egitici-kitaplar","7":"pa_cilt-ciltsiz","8":"pa_tur-kitap","9":"pa_yayinevi-eksik-parca-yayinlari","10":"pa_yazar-ilona-bakse","12":"first","13":"instock","14":"sale","15":"shipping-taxable","16":"purchasable","17":"product-type-simple"},"_links":{"self":[{"href":"https:\/\/roveyayinevi.com.tr\/index.php\/wp-json\/wp\/v2\/product\/768049","targetHints":{"allow":["GET"]}}],"collection":[{"href":"https:\/\/roveyayinevi.com.tr\/index.php\/wp-json\/wp\/v2\/product"}],"about":[{"href":"https:\/\/roveyayinevi.com.tr\/index.php\/wp-json\/wp\/v2\/types\/product"}],"wp:attachment":[{"href":"https:\/\/roveyayinevi.com.tr\/index.php\/wp-json\/wp\/v2\/media?parent=768049"}],"wp:term":[{"taxonomy":"product_brand","embeddable":true,"href":"https:\/\/roveyayinevi.com.tr\/index.php\/wp-json\/wp\/v2\/product_brand?post=768049"},{"taxonomy":"product_cat","embeddable":true,"href":"https:\/\/roveyayinevi.com.tr\/index.php\/wp-json\/wp\/v2\/product_cat?post=768049"},{"taxonomy":"product_tag","embeddable":true,"href":"https:\/\/roveyayinevi.com.tr\/index.php\/wp-json\/wp\/v2\/product_tag?post=768049"}],"curies":[{"name":"wp","href":"https:\/\/api.w.org\/{rel}","templated":true}]}}