{"id":768048,"date":"2025-08-28T13:07:52","date_gmt":"2025-08-28T10:07:52","guid":{"rendered":"https:\/\/roveyayinevi.com.tr\/index.php\/urun\/edison-kayip-fare-hazinesinin-gizemi\/"},"modified":"2026-04-15T03:33:59","modified_gmt":"2026-04-15T00:33:59","slug":"edison-kayip-fare-hazinesinin-gizemi","status":"publish","type":"product","link":"https:\/\/roveyayinevi.com.tr\/index.php\/urun\/edison-kayip-fare-hazinesinin-gizemi\/","title":{"rendered":"Edison: Kay\u0131p Fare Hazinesinin Gizemi"},"content":{"rendered":"<p>Atlantik\u2018in derinliklerinde sakl\u0131 bir s\u0131r!\u0130ki fare, kay\u0131p bir hazine ve b\u00fcy\u00fck bir ke\u015fif&#8230;  Merakl\u0131 bir fare olan Pete, atalar\u0131n\u0131n izini s\u00fcrerek unutulmu\u015f bir s\u0131rr\u0131 ortaya \u00e7\u0131karmak i\u00e7inProfes\u00f6r\u2018den yard\u0131m ister. \u0130ki fare ipu\u00e7lar\u0131n\u0131 takip ederek okyanusun gizemli d\u00fcnyas\u0131ndaheyecan dolu bir yolculu\u011fa \u00e7\u0131kar. Hazineyi bulurlar ancak bu sadece bir ba\u015flang\u0131\u00e7t\u0131r.Ke\u015ffettikleri s\u0131r onlara daha b\u00fcy\u00fck bir maceran\u0131n kap\u0131lar\u0131n\u0131 aralar.Peki, bu macera nereye varacak? Cevab\u0131 bulmak i\u00e7in okumaya devam et! Bu etkileyici hik\u00e2yede; arkada\u015fl\u0131k, cesaret,bilim ve hayal g\u00fcc\u00fc bir araya geliyor.<\/p>\n","protected":false},"excerpt":{"rendered":"<p>Atlantik\u2018in derinliklerinde sakl\u0131 bir s\u0131r!\u0130ki fare, kay\u0131p bir hazine ve b\u00fcy\u00fck bir ke\u015fif&#8230; Merakl\u0131 bir fare olan Pete, atalar\u0131n\u0131n izini s\u00fcrerek unutulmu\u015f bir s\u0131rr\u0131 ortaya \u00e7\u0131karmak<span class=\"excerpt-hellip\"> [\u2026]<\/span><\/p>\n","protected":false},"featured_media":0,"template":"","meta":{"_monsterinsights_skip_tracking":false,"_monsterinsights_sitenote_active":false,"_monsterinsights_sitenote_note":"","_monsterinsights_sitenote_category":0},"product_brand":[],"product_cat":[12274,12284],"product_tag":[],"class_list":{"0":"post-768048","1":"product","2":"type-product","3":"status-publish","5":"product_cat-cocuk-ve-genclik-kitaplari","6":"product_cat-hikayeler","7":"pa_cilt-ciltsiz","8":"pa_tur-kitap","9":"pa_yayinevi-ucanfil-ozel-urun","10":"pa_yazar-torben-kuhlmann","12":"first","13":"instock","14":"sale","15":"shipping-taxable","16":"purchasable","17":"product-type-simple"},"_links":{"self":[{"href":"https:\/\/roveyayinevi.com.tr\/index.php\/wp-json\/wp\/v2\/product\/768048","targetHints":{"allow":["GET"]}}],"collection":[{"href":"https:\/\/roveyayinevi.com.tr\/index.php\/wp-json\/wp\/v2\/product"}],"about":[{"href":"https:\/\/roveyayinevi.com.tr\/index.php\/wp-json\/wp\/v2\/types\/product"}],"wp:attachment":[{"href":"https:\/\/roveyayinevi.com.tr\/index.php\/wp-json\/wp\/v2\/media?parent=768048"}],"wp:term":[{"taxonomy":"product_brand","embeddable":true,"href":"https:\/\/roveyayinevi.com.tr\/index.php\/wp-json\/wp\/v2\/product_brand?post=768048"},{"taxonomy":"product_cat","embeddable":true,"href":"https:\/\/roveyayinevi.com.tr\/index.php\/wp-json\/wp\/v2\/product_cat?post=768048"},{"taxonomy":"product_tag","embeddable":true,"href":"https:\/\/roveyayinevi.com.tr\/index.php\/wp-json\/wp\/v2\/product_tag?post=768048"}],"curies":[{"name":"wp","href":"https:\/\/api.w.org\/{rel}","templated":true}]}}