{"id":768047,"date":"2025-08-28T13:07:51","date_gmt":"2025-08-28T10:07:51","guid":{"rendered":"https:\/\/roveyayinevi.com.tr\/index.php\/urun\/koyden-sehre-dogal-receteler\/"},"modified":"2026-04-15T03:33:59","modified_gmt":"2026-04-15T00:33:59","slug":"koyden-sehre-dogal-receteler","status":"publish","type":"product","link":"https:\/\/roveyayinevi.com.tr\/index.php\/urun\/koyden-sehre-dogal-receteler\/","title":{"rendered":"K\u00f6yden \u015eehre Do\u011fal Re\u00e7eteler"},"content":{"rendered":"<p>K\u00f6y\u00fcnde \u015falvar\u0131, ofiste tak\u0131m elbisesiyle hepimizin kalbini kazand\u0131. T\u00fcrkiye onu g\u00fc\u00e7l\u00fc ve etkili diyet re\u00e7eteleriyle tan\u0131d\u0131 ama ayn\u0131 zamanda do\u011fall\u0131\u011f\u0131n\u0131, i\u00e7tenli\u011fini sevdi ve ille de nenesini. Yoksul bir k\u00f6yde do\u011fup b\u00fcy\u00fcd\u00fc. \u00c7ocuk haliyle yevmiyeye gitti, tarlada t\u00fct\u00fcn k\u0131rd\u0131, zeytin toplad\u0131, \u00e7apa yapt\u0131, ot yoldu. Babas\u0131na, k\u0131z evlad\u0131 okutma, evlenir gider, sana faydas\u0131 olmaz, dediler ama babas\u0131 onu, devletin de yard\u0131m\u0131yla okuttu. Hatice Nur Ege, ailesine, ona verilenlere lay\u0131k olmak i\u00e7in \u00e7ok \u00e7al\u0131\u015ft\u0131 ve nihayet beyaz \u00f6nl\u00fc\u011f\u00fcn\u00fc giydi. Onunki bir ba\u015far\u0131 hik\u00e2yesi. Onun manevi temeli anne babas\u0131ndan, a\u011fabeyinden ve nenesinden \u00f6\u011frendikleri \u00fczerine kurulu. Ruhu \u00fc\u00e7 \u015feyle besleniyor: Ailesi, \u00fclkesinin insan\u0131 ve vatan\u0131n\u0131n topra\u011f\u0131. O, bah\u00e7ede, tarlada da \u00e7ok \u00e7al\u0131\u015ft\u0131, masa ba\u015f\u0131nda da \u0130\u015fte Hatice Nur Ege bu kitapla, hayat\u0131n\u0131n \u00f6nemli bir b\u00f6l\u00fcm\u00fcn\u00fc ge\u00e7irdi\u011fi k\u00f6y\u00fcn\u00fcn zenginli\u011fiyle mesle\u011finin niteliklerini birle\u015ftiriyor ve okura hem do\u011fal y\u00f6ntemlerle beslenmenin hem de zay\u0131flaman\u0131n yollar\u0131n\u0131 g\u00f6steriyor. Siz de her t\u00fcrl\u00fc diyeti deneyip yine de kilo verememi\u015fseniz, a\u00e7 kalmadan h\u0131zla kilo vermek i\u00e7in bu kitab\u0131 okumal\u0131s\u0131n\u0131z.<\/p>\n","protected":false},"excerpt":{"rendered":"<p>K\u00f6y\u00fcnde \u015falvar\u0131, ofiste tak\u0131m elbisesiyle hepimizin kalbini kazand\u0131. T\u00fcrkiye onu g\u00fc\u00e7l\u00fc ve etkili diyet re\u00e7eteleriyle tan\u0131d\u0131 ama ayn\u0131 zamanda do\u011fall\u0131\u011f\u0131n\u0131, i\u00e7tenli\u011fini sevdi ve ille de nenesini.<span class=\"excerpt-hellip\"> [\u2026]<\/span><\/p>\n","protected":false},"featured_media":0,"template":"","meta":{"_monsterinsights_skip_tracking":false,"_monsterinsights_sitenote_active":false,"_monsterinsights_sitenote_note":"","_monsterinsights_sitenote_category":0},"product_brand":[],"product_cat":[13402,13365],"product_tag":[],"class_list":{"0":"post-768047","1":"product","2":"type-product","3":"status-publish","5":"product_cat-beslenme-ve-diyet","6":"product_cat-saglik","7":"pa_cilt-ciltsiz","8":"pa_tur-kitap","9":"pa_yayinevi-hayykitap","10":"pa_yazar-hatice-nur-ege","12":"first","13":"instock","14":"sale","15":"shipping-taxable","16":"purchasable","17":"product-type-simple"},"_links":{"self":[{"href":"https:\/\/roveyayinevi.com.tr\/index.php\/wp-json\/wp\/v2\/product\/768047","targetHints":{"allow":["GET"]}}],"collection":[{"href":"https:\/\/roveyayinevi.com.tr\/index.php\/wp-json\/wp\/v2\/product"}],"about":[{"href":"https:\/\/roveyayinevi.com.tr\/index.php\/wp-json\/wp\/v2\/types\/product"}],"wp:attachment":[{"href":"https:\/\/roveyayinevi.com.tr\/index.php\/wp-json\/wp\/v2\/media?parent=768047"}],"wp:term":[{"taxonomy":"product_brand","embeddable":true,"href":"https:\/\/roveyayinevi.com.tr\/index.php\/wp-json\/wp\/v2\/product_brand?post=768047"},{"taxonomy":"product_cat","embeddable":true,"href":"https:\/\/roveyayinevi.com.tr\/index.php\/wp-json\/wp\/v2\/product_cat?post=768047"},{"taxonomy":"product_tag","embeddable":true,"href":"https:\/\/roveyayinevi.com.tr\/index.php\/wp-json\/wp\/v2\/product_tag?post=768047"}],"curies":[{"name":"wp","href":"https:\/\/api.w.org\/{rel}","templated":true}]}}