{"id":768046,"date":"2025-08-28T13:07:49","date_gmt":"2025-08-28T10:07:49","guid":{"rendered":"https:\/\/roveyayinevi.com.tr\/index.php\/urun\/yitik-gelecek\/"},"modified":"2026-04-15T03:33:59","modified_gmt":"2026-04-15T00:33:59","slug":"yitik-gelecek","status":"publish","type":"product","link":"https:\/\/roveyayinevi.com.tr\/index.php\/urun\/yitik-gelecek\/","title":{"rendered":"Yitik Gelecek"},"content":{"rendered":"<p>Darmaduman olmu\u015f bir d\u00fcnyada Vi\u2019nin s\u0131\u011f\u0131nabilece\u011fi tek liman, belki de kendi y\u00fcre\u011fiydi.    Ailesini ve d\u00fcnyay\u0131 kurtarmak u\u011fruna taht\u0131ndan vazge\u00e7en Vi Solaris, kendini Meru k\u0131y\u0131lar\u0131nda bulmu\u015ftu. Yaral\u0131 ve \u00f6l\u00fcmle burun burunayd\u0131. Fakat Vi\u2019nin hayatta kalma m\u00fccadelesi daha yeni ba\u015fl\u0131yordu.     Yabanc\u0131 bir diyar\u0131n prensesi olarak her ad\u0131m\u0131 izleniyor, her hamlesi bir tehdit h\u00e2line geliyordu.    Korsan krali\u00e7esi Adela, onu \u015feytani elfin\u2019ralara satmak istiyor; Alacakaranl\u0131k Kral\u0131, kendisini eski bir hesab\u0131 kapatmak i\u00e7in kullanmay\u0131 planl\u0131yordu. Ama belki de en tehlikelisi; Vi\u2019yi, g\u00fcc\u00fcn\u00fc daha da peki\u015ftirmek i\u00e7in bir f\u0131rsat olarak g\u00f6ren \u0130nananlar\u2019\u0131n Lordu\u2019ydu.     Vi i\u00e7in tek yol \u00f6n\u00fcne bakmakt\u0131. Ancak hen\u00fcz kurtulu\u015fa m\u0131 yoksa sevdi\u011fi her \u015feyin korkun\u00e7 sonuna m\u0131 do\u011fru ko\u015ftu\u011funu bilmiyordu.  <\/p>\n","protected":false},"excerpt":{"rendered":"<p>Darmaduman olmu\u015f bir d\u00fcnyada Vi\u2019nin s\u0131\u011f\u0131nabilece\u011fi tek liman, belki de kendi y\u00fcre\u011fiydi. Ailesini ve d\u00fcnyay\u0131 kurtarmak u\u011fruna taht\u0131ndan vazge\u00e7en Vi Solaris, kendini Meru k\u0131y\u0131lar\u0131nda bulmu\u015ftu. Yaral\u0131<span class=\"excerpt-hellip\"> [\u2026]<\/span><\/p>\n","protected":false},"featured_media":0,"template":"","meta":{"_monsterinsights_skip_tracking":false,"_monsterinsights_sitenote_active":false,"_monsterinsights_sitenote_note":"","_monsterinsights_sitenote_category":0},"product_brand":[],"product_cat":[12291,14777],"product_tag":[],"class_list":{"0":"post-768046","1":"product","2":"type-product","3":"status-publish","5":"product_cat-edebiyat","6":"product_cat-fantastik","7":"pa_cilt-ciltsiz","8":"pa_tur-kitap","9":"pa_yayinevi-yabanci-yayinevi","10":"pa_yazar-elise-kova","12":"first","13":"instock","14":"sale","15":"shipping-taxable","16":"purchasable","17":"product-type-simple"},"_links":{"self":[{"href":"https:\/\/roveyayinevi.com.tr\/index.php\/wp-json\/wp\/v2\/product\/768046","targetHints":{"allow":["GET"]}}],"collection":[{"href":"https:\/\/roveyayinevi.com.tr\/index.php\/wp-json\/wp\/v2\/product"}],"about":[{"href":"https:\/\/roveyayinevi.com.tr\/index.php\/wp-json\/wp\/v2\/types\/product"}],"wp:attachment":[{"href":"https:\/\/roveyayinevi.com.tr\/index.php\/wp-json\/wp\/v2\/media?parent=768046"}],"wp:term":[{"taxonomy":"product_brand","embeddable":true,"href":"https:\/\/roveyayinevi.com.tr\/index.php\/wp-json\/wp\/v2\/product_brand?post=768046"},{"taxonomy":"product_cat","embeddable":true,"href":"https:\/\/roveyayinevi.com.tr\/index.php\/wp-json\/wp\/v2\/product_cat?post=768046"},{"taxonomy":"product_tag","embeddable":true,"href":"https:\/\/roveyayinevi.com.tr\/index.php\/wp-json\/wp\/v2\/product_tag?post=768046"}],"curies":[{"name":"wp","href":"https:\/\/api.w.org\/{rel}","templated":true}]}}