{"id":768045,"date":"2025-08-28T13:07:48","date_gmt":"2025-08-28T10:07:48","guid":{"rendered":"https:\/\/roveyayinevi.com.tr\/index.php\/urun\/ekibini-nasil-yonetirsin-hizli-etkin-ve-odakli-yonetim-rehberi\/"},"modified":"2026-04-15T03:33:59","modified_gmt":"2026-04-15T00:33:59","slug":"ekibini-nasil-yonetirsin-hizli-etkin-ve-odakli-yonetim-rehberi","status":"publish","type":"product","link":"https:\/\/roveyayinevi.com.tr\/index.php\/urun\/ekibini-nasil-yonetirsin-hizli-etkin-ve-odakli-yonetim-rehberi\/","title":{"rendered":"Ekibini Nas\u0131l Y\u00f6netirsin? H\u0131zl\u0131, Etkin ve Odakl\u0131 Y\u00f6netim Rehberi"},"content":{"rendered":"<p>Michael Armstrong\u2019dan, ekibini en iyi \u015fekilde y\u00f6neterek ba\u015far\u0131ya ula\u015fmak isteyen liderler i\u00e7in bir temel okuma.  \u0130nsan y\u00f6netimi alan\u0131nda bir klasik h\u00e2line gelen Ekibini Nas\u0131l Y\u00f6netirsin?, yay\u0131mland\u0131\u011f\u0131 2008 y\u0131l\u0131ndan bu yana bilgi birikimi ve deneyimini kapsaml\u0131 bir \u015fekilde pek \u00e7ok lider aday\u0131 ve liderle payla\u015ft\u0131. Y\u00f6netim becerilerinin geli\u015ftirilmesi ve ekiplerden en y\u00fcksek verimin al\u0131nmas\u0131 i\u00e7in ihtiya\u00e7 duyulan t\u00fcm ara\u00e7lar\u0131 sunan bu kitap, motivasyon, \u00f6d\u00fcllendirme ve liderlik gibi temel konularda yol g\u00f6sterici oldu.  2019 y\u0131l\u0131nda g\u00fcncellenmi\u015f yeni bask\u0131s\u0131yla pratik al\u0131\u015ft\u0131rmalar, kullan\u0131\u015fl\u0131 \u015fablonlar ve g\u00fcncel ipu\u00e7lar\u0131yla zenginle\u015ftirilmi\u015f bir i\u00e7erikle okurunu yeniden selamlayan Ekibini Nas\u0131l Y\u00f6netirsin?, sanal ekip y\u00f6netimi, \u00e7al\u0131\u015fan sadakatini art\u0131rma ve sorun \u00e7\u00f6zme gibi bug\u00fcn\u00fcn modern i\u015f d\u00fcnyas\u0131n\u0131n temel meselelerine dair \u00e7\u00f6z\u00fcmler de \u00fcretiyor.  Etkili y\u00f6netim politikalar\u0131n\u0131n sahada hayat bulmas\u0131 gerekti\u011fini vurgulayan bu rehber, y\u00f6neticilerin hem mevcut zorluklarla ba\u015fa \u00e7\u0131kmas\u0131na hem de uzun vadeli ba\u015far\u0131lar elde etmesine yard\u0131mc\u0131 oluyor.  Lider olarak y\u00fcr\u00fcd\u00fc\u011f\u00fcn\u00fcz bu yolda kar\u015f\u0131la\u015ft\u0131\u011f\u0131n\u0131z her soruna bir \u00e7\u00f6z\u00fcm sunan Ekibini Nas\u0131l Y\u00f6netirsin?, i\u015f d\u00fcnyas\u0131nda ba\u015far\u0131ya ula\u015fman\u0131n anahtar\u0131n\u0131 elinizde tutman\u0131z\u0131 sa\u011flayacak.  <\/p>\n","protected":false},"excerpt":{"rendered":"<p>Michael Armstrong\u2019dan, ekibini en iyi \u015fekilde y\u00f6neterek ba\u015far\u0131ya ula\u015fmak isteyen liderler i\u00e7in bir temel okuma. \u0130nsan y\u00f6netimi alan\u0131nda bir klasik h\u00e2line gelen Ekibini Nas\u0131l Y\u00f6netirsin?, yay\u0131mland\u0131\u011f\u0131<span class=\"excerpt-hellip\"> [\u2026]<\/span><\/p>\n","protected":false},"featured_media":0,"template":"","meta":{"_monsterinsights_skip_tracking":false,"_monsterinsights_sitenote_active":false,"_monsterinsights_sitenote_note":"","_monsterinsights_sitenote_category":0},"product_brand":[],"product_cat":[13043,17647],"product_tag":[],"class_list":{"0":"post-768045","1":"product","2":"type-product","3":"status-publish","5":"product_cat-ekonomi","6":"product_cat-is-dunyasi","7":"pa_cilt-ciltsiz","8":"pa_tur-kitap","9":"pa_yayinevi-nova-kitap","10":"pa_yazar-michael-armstrong","12":"first","13":"instock","14":"sale","15":"shipping-taxable","16":"purchasable","17":"product-type-simple"},"_links":{"self":[{"href":"https:\/\/roveyayinevi.com.tr\/index.php\/wp-json\/wp\/v2\/product\/768045","targetHints":{"allow":["GET"]}}],"collection":[{"href":"https:\/\/roveyayinevi.com.tr\/index.php\/wp-json\/wp\/v2\/product"}],"about":[{"href":"https:\/\/roveyayinevi.com.tr\/index.php\/wp-json\/wp\/v2\/types\/product"}],"wp:attachment":[{"href":"https:\/\/roveyayinevi.com.tr\/index.php\/wp-json\/wp\/v2\/media?parent=768045"}],"wp:term":[{"taxonomy":"product_brand","embeddable":true,"href":"https:\/\/roveyayinevi.com.tr\/index.php\/wp-json\/wp\/v2\/product_brand?post=768045"},{"taxonomy":"product_cat","embeddable":true,"href":"https:\/\/roveyayinevi.com.tr\/index.php\/wp-json\/wp\/v2\/product_cat?post=768045"},{"taxonomy":"product_tag","embeddable":true,"href":"https:\/\/roveyayinevi.com.tr\/index.php\/wp-json\/wp\/v2\/product_tag?post=768045"}],"curies":[{"name":"wp","href":"https:\/\/api.w.org\/{rel}","templated":true}]}}