{"id":768037,"date":"2025-08-28T13:07:31","date_gmt":"2025-08-28T10:07:31","guid":{"rendered":"https:\/\/roveyayinevi.com.tr\/index.php\/urun\/krallarin-devrilisi-troya-3-kitap\/"},"modified":"2026-04-15T03:33:59","modified_gmt":"2026-04-15T00:33:59","slug":"krallarin-devrilisi-troya-3-kitap","status":"publish","type":"product","link":"https:\/\/roveyayinevi.com.tr\/index.php\/urun\/krallarin-devrilisi-troya-3-kitap\/","title":{"rendered":"Krallar\u0131n Devrili\u015fi \/ Troya 3. Kitap"},"content":{"rendered":"<p>FANTAST\u0130K EDEB\u0130YATIN EN B\u00dcY\u00dcK \u0130S\u0130MLER\u0130NDEN DAVID GEMMELL, TROYA SER\u0130S\u0130N\u0130N \u00dc\u00c7\u00dcNC\u00dc K\u0130TABI KRALLARIN DEVR\u0130L\u0130\u015e\u0130 \u0130LE ANT\u0130K D\u00dcNYAYI \u015e\u0130DDETL\u0130 B\u0130R SAVA\u015eLA PAR\u00c7ALIYOR VE EP\u0130K YOLCULU\u011eUNU SONA ERD\u0130R\u0130YOR.   Alt\u0131n \u015fehir Truva\u2019n\u0131n d\u0131\u015f\u0131ndaki kanl\u0131 sava\u015f alan\u0131nda, Miken Kral\u0131 Agamemnon\u2019a ba\u011fl\u0131 gu\u0308\u00e7ler toplan\u0131yordu. Bu gu\u0308\u00e7lerin aras\u0131nda, efsanevi hik\u00e2ye anlat\u0131c\u0131s\u0131 ve Miken\u2019in isteksiz mu\u0308ttefiki Odysseus da vard\u0131. Odysseus, Agamemnon\u2019un \u015fehir surlar\u0131n\u0131n ard\u0131ndaki hazinenin pe\u015finden gitmek i\u00e7in hi\u00e7bir \u015feyden vazge\u00e7meyece\u011fini biliyordu. Yak\u0131nda eski dostlar\u0131na kar\u015f\u0131 \u00f6lu\u0308mcu\u0308l bir sava\u015f vermek zorunda kalaca\u011f\u0131ndan emindi.   Hasta ve h\u0131r\u00e7\u0131n bir h\u00e2lde bekleyen Truva kral\u0131n\u0131n tu\u0308m umudu iki kahramana ba\u011fl\u0131yd\u0131: \u00c7a\u011f\u0131n\u0131n en kudretli sava\u015f\u00e7\u0131s\u0131 olan sevgili o\u011flu Hektor ile e\u015finin Mikenlilerin ellerinde \u00f6lmesiyle korkun\u00e7 bir \u00f6fkeye kap\u0131lan ve onun intikam\u0131n\u0131 almak isteyen Helikaon.   Krallar\u0131n Devrili\u015fi, yu\u0308zy\u0131llar boyunca yank\u0131lanacak bir hik\u00e2yeyi sona erdirse de kahramanlar\u0131 sonsuza dek ya\u015fayacak.   \u201cSa\u011flam bir kahramanl\u0131k hik\u00e2yesini takdir eden herkes, David Gemmell\u2019\u0131n eserlerini mutlaka okumal\u0131.\u201d \u2013Time Out London <\/p>\n","protected":false},"excerpt":{"rendered":"<p>FANTAST\u0130K EDEB\u0130YATIN EN B\u00dcY\u00dcK \u0130S\u0130MLER\u0130NDEN DAVID GEMMELL, TROYA SER\u0130S\u0130N\u0130N \u00dc\u00c7\u00dcNC\u00dc K\u0130TABI KRALLARIN DEVR\u0130L\u0130\u015e\u0130 \u0130LE ANT\u0130K D\u00dcNYAYI \u015e\u0130DDETL\u0130 B\u0130R SAVA\u015eLA PAR\u00c7ALIYOR VE EP\u0130K YOLCULU\u011eUNU SONA ERD\u0130R\u0130YOR. Alt\u0131n<span class=\"excerpt-hellip\"> [\u2026]<\/span><\/p>\n","protected":false},"featured_media":0,"template":"","meta":{"_monsterinsights_skip_tracking":false,"_monsterinsights_sitenote_active":false,"_monsterinsights_sitenote_note":"","_monsterinsights_sitenote_category":0},"product_brand":[],"product_cat":[12291,14777],"product_tag":[],"class_list":{"0":"post-768037","1":"product","2":"type-product","3":"status-publish","5":"product_cat-edebiyat","6":"product_cat-fantastik","7":"pa_cilt-ciltsiz","8":"pa_tur-kitap","9":"pa_yayinevi-ithaki-yayinlari","10":"pa_yazar-david-gemmell-stella-gemmell","12":"first","13":"instock","14":"sale","15":"shipping-taxable","16":"purchasable","17":"product-type-simple"},"_links":{"self":[{"href":"https:\/\/roveyayinevi.com.tr\/index.php\/wp-json\/wp\/v2\/product\/768037","targetHints":{"allow":["GET"]}}],"collection":[{"href":"https:\/\/roveyayinevi.com.tr\/index.php\/wp-json\/wp\/v2\/product"}],"about":[{"href":"https:\/\/roveyayinevi.com.tr\/index.php\/wp-json\/wp\/v2\/types\/product"}],"wp:attachment":[{"href":"https:\/\/roveyayinevi.com.tr\/index.php\/wp-json\/wp\/v2\/media?parent=768037"}],"wp:term":[{"taxonomy":"product_brand","embeddable":true,"href":"https:\/\/roveyayinevi.com.tr\/index.php\/wp-json\/wp\/v2\/product_brand?post=768037"},{"taxonomy":"product_cat","embeddable":true,"href":"https:\/\/roveyayinevi.com.tr\/index.php\/wp-json\/wp\/v2\/product_cat?post=768037"},{"taxonomy":"product_tag","embeddable":true,"href":"https:\/\/roveyayinevi.com.tr\/index.php\/wp-json\/wp\/v2\/product_tag?post=768037"}],"curies":[{"name":"wp","href":"https:\/\/api.w.org\/{rel}","templated":true}]}}