{"id":768036,"date":"2025-08-28T13:07:29","date_gmt":"2025-08-28T10:07:29","guid":{"rendered":"https:\/\/roveyayinevi.com.tr\/index.php\/urun\/kasirga-mevsimi\/"},"modified":"2026-04-15T03:33:59","modified_gmt":"2026-04-15T00:33:59","slug":"kasirga-mevsimi","status":"publish","type":"product","link":"https:\/\/roveyayinevi.com.tr\/index.php\/urun\/kasirga-mevsimi\/","title":{"rendered":"Kas\u0131rga Mevsimi"},"content":{"rendered":"<p>Meksika\u2019n\u0131n en ilgi \u00e7eken yazarlar\u0131ndan Fernanda Melchor, Kas\u0131rga Mevsimi roman\u0131yla hem kendi memleketinde hem de \u00e7evrildi\u011fi pek \u00e7ok dilde bu\u0308yu\u0308k ba\u015far\u0131lar elde etti: Almanya\u2019da Anna Seghers \u00d6du\u0308lu\u0308 ile Haus de Kulturen Uluslararas\u0131 Edebiyat \u00d6du\u0308lu\u0308\u2019nu\u0308 kazand\u0131, \u0130ngiltere\u2019de Uluslararas\u0131 Booker \u00d6du\u0308lu\u0308\u2019ne aday g\u00f6sterildi ve The New York Times\u2019\u0131n 21. Yu\u0308zy\u0131l\u0131n En \u0130yi 100 Kitab\u0131 listesinde yer ald\u0131.   S\u0131ca\u011f\u0131n insanlar\u0131 delirtti\u011fi, tek bir damlan\u0131n du\u0308\u015fmedi\u011fi, kas\u0131rga mevsiminin yakla\u015ft\u0131\u011f\u0131 gu\u0308nler&#8230; Ba\u015flar\u0131 kesilenler, g\u00f6vdesi par\u00e7alara ayr\u0131lanlar, bedeni bir battaniyeye sar\u0131l\u0131p at\u0131lanlar, plasti\u011fe sar\u0131lm\u0131\u015f cesetler&#8230; Bu cesetlerden biri de, sadece petrokimya endu\u0308strisi \u00e7al\u0131\u015fanlar\u0131na hizmet veren yol kenar\u0131 k\u00f6ylerinden birinde bulunuyor: K\u00f6yu\u0308n kad\u0131nlar\u0131n\u0131n mahrem dertlerini \u00e7\u00f6zen, erkeklerin gizli tutkular\u0131n\u0131 tatmin eden, hem korkulan hem de a\u015fa\u011f\u0131lanan gizemli Cad\u0131\u2019n\u0131nki.   Roberto Bola\u00f1o\u2019nun 2666\u2019s\u0131n\u0131 ya da Faulkner\u2019\u0131 aratmayan modernist bir u\u0308slup ve cu\u0308retk\u00e2r bir ger\u00e7ek\u00e7ilikle anlat\u0131lan, kan dondurucu bir cinayetin arkas\u0131ndaki insan h\u00e2lleri&#8230; E\u015fsiz bir anlat\u0131n\u0131n labirentinde k\u00f6yu\u0308n s\u0131rlar\u0131, ahalinin yalanlar\u0131, du\u0308nyan\u0131n a\u011fr\u0131lar\u0131&#8230;     \u201cKas\u0131rga Mevsimi, fiziksel \u015fiddetin ve ta\u015fran\u0131n bar\u0131nd\u0131rd\u0131\u011f\u0131 du\u0308\u015fmanl\u0131klar\u0131n \u00e7aresizli\u011fin mikrokozmosunu olu\u015fturdu\u011fu, yo\u011fun ve bu\u0308yu\u0308leyici bir edebi deneyim.\u201d -MARIANA ENRIQUEZ \u201cFernanda Melchor\u2019un \u00e7ok kuvvetli bir sesi var, kuvvetliden kast\u0131m kimseyi affetmeyen, yerle bir eden, \u00f6fkeyle yazan birinin sesi ve her \u015feyin alt\u0131ndan kalkacak yetene\u011fi var.\u201d -SAMANTA SCHWEBLIN \u201cGaddar, insafs\u0131z, harikulade, Kas\u0131rga Mevsimi bir Meksika k\u00f6yu\u0308nu\u0308n \u015fiddetli mitolojilerini soru\u015fturuyor ve kapitalist h\u0131rs\u0131n global elektri\u011fine nas\u0131l temas etti\u011fini ortaya koyuyor. Cinsel ter\u00f6rizme ve \u00f6rselenmi\u015f erkeklerin ter\u00f6ru\u0308ne dair bir inceleme. Hem s\u0131r hem de ele\u015ftiri dolu bir \u00e7al\u0131\u015fma.\u201d -BEN LERNER <\/p>\n","protected":false},"excerpt":{"rendered":"<p>Meksika\u2019n\u0131n en ilgi \u00e7eken yazarlar\u0131ndan Fernanda Melchor, Kas\u0131rga Mevsimi roman\u0131yla hem kendi memleketinde hem de \u00e7evrildi\u011fi pek \u00e7ok dilde bu\u0308yu\u0308k ba\u015far\u0131lar elde etti: Almanya\u2019da Anna Seghers<span class=\"excerpt-hellip\"> [\u2026]<\/span><\/p>\n","protected":false},"featured_media":0,"template":"","meta":{"_monsterinsights_skip_tracking":false,"_monsterinsights_sitenote_active":false,"_monsterinsights_sitenote_note":"","_monsterinsights_sitenote_category":0},"product_brand":[],"product_cat":[12291,12711],"product_tag":[],"class_list":{"0":"post-768036","1":"product","2":"type-product","3":"status-publish","5":"product_cat-edebiyat","6":"product_cat-roman-oyku","7":"pa_cilt-ciltsiz","8":"pa_tur-kitap","9":"pa_yayinevi-ithaki-yayinlari","10":"pa_yazar-fernanda-melchor","12":"first","13":"instock","14":"sale","15":"shipping-taxable","16":"purchasable","17":"product-type-simple"},"_links":{"self":[{"href":"https:\/\/roveyayinevi.com.tr\/index.php\/wp-json\/wp\/v2\/product\/768036","targetHints":{"allow":["GET"]}}],"collection":[{"href":"https:\/\/roveyayinevi.com.tr\/index.php\/wp-json\/wp\/v2\/product"}],"about":[{"href":"https:\/\/roveyayinevi.com.tr\/index.php\/wp-json\/wp\/v2\/types\/product"}],"wp:attachment":[{"href":"https:\/\/roveyayinevi.com.tr\/index.php\/wp-json\/wp\/v2\/media?parent=768036"}],"wp:term":[{"taxonomy":"product_brand","embeddable":true,"href":"https:\/\/roveyayinevi.com.tr\/index.php\/wp-json\/wp\/v2\/product_brand?post=768036"},{"taxonomy":"product_cat","embeddable":true,"href":"https:\/\/roveyayinevi.com.tr\/index.php\/wp-json\/wp\/v2\/product_cat?post=768036"},{"taxonomy":"product_tag","embeddable":true,"href":"https:\/\/roveyayinevi.com.tr\/index.php\/wp-json\/wp\/v2\/product_tag?post=768036"}],"curies":[{"name":"wp","href":"https:\/\/api.w.org\/{rel}","templated":true}]}}