{"id":768035,"date":"2025-08-28T13:07:26","date_gmt":"2025-08-28T10:07:26","guid":{"rendered":"https:\/\/roveyayinevi.com.tr\/index.php\/urun\/melankolinin-ilaci\/"},"modified":"2026-04-14T03:30:48","modified_gmt":"2026-04-14T00:30:48","slug":"melankolinin-ilaci","status":"publish","type":"product","link":"https:\/\/roveyayinevi.com.tr\/index.php\/urun\/melankolinin-ilaci\/","title":{"rendered":"Melankolinin \u0130lac\u0131"},"content":{"rendered":"<p>\u201cBradbury\u2019yi bu kadar ge\u00e7 ke\u015ffetti\u011fime inanam\u0131yorum. Yazd\u0131klar\u0131n\u0131 ilk defa okuyor olmak ise bu\u0308yu\u0308k bir heyecan!\u201d \u2014R. F. Kuang   \u201cAYLARDIR SU\u0308REN UZAY YOLCULU\u011eU, NOSTALJ\u0130, YALNIZLIK&#8230;\u201d   Ray Bradbury sadece bilimkurgunun de\u011fil, fantastik edebiyat\u0131n ve korkunun da yirminci yu\u0308zy\u0131ldaki ustalar\u0131ndan biri. Bilimkurgunun \u201ciyi edebiyat\u201d da olabilece\u011fini kan\u0131tlayan belki de ilk yazar. Melankolinin \u0130lac\u0131 ise melankoliyi, yaln\u0131zl\u0131\u011f\u0131 ve kayb\u0131 derinlemesine i\u015flerken ayn\u0131 zamanda umut ve ne\u015fe a\u015f\u0131l\u0131yor.   Sonu gelmeyen bir uzay yolculu\u011fu, uzak bir gezegenden gelen ziyaret\u00e7iler, bir \u00e7ocu\u011fun tak\u0131nt\u0131 h\u00e2line getirdi\u011fi bir ejderha, kimsenin inmedi\u011fi bir tren istasyonu, Venu\u0308s\u2019te tuhaf bir gu\u0308n, durmadan ya\u011fmur ya\u011fan u\u0308cra bir kasaba\u2026 Bradbury Melankolinin \u0130lac\u0131\u2019nda \u015fairane u\u0308slubuyla birbirinden zarif ve sert \u00f6yku\u0308ler anlat\u0131yor yine.   Ola\u011fan durumlardaki ola\u011fanu\u0308stu\u0308 ayr\u0131nt\u0131lar\u0131 g\u00f6stererek okurlar\u0131 ruhsal bir yolculu\u011fa \u00e7\u0131kar\u0131yor Bradbury, hayat\u0131n basit anlar\u0131nda sakl\u0131 mucizeleri ve kaybolmu\u015f gibi g\u00f6ru\u0308nen hislerin yeniden bulunma ihtimalini ar\u0131yor.   Hi\u00e7lik de varl\u0131k kadar normal de\u011fil mi? Peki ya hu\u0308znu\u0308n i\u00e7inde mutluluk varl\u0131\u011f\u0131n\u0131 su\u0308rdu\u0308rebilir mi?   Melankolinin \u0130lac\u0131, s\u0131radan hayatlar\u0131n s\u0131rad\u0131\u015f\u0131 hik\u00e2yeleri. <\/p>\n","protected":false},"excerpt":{"rendered":"<p>\u201cBradbury\u2019yi bu kadar ge\u00e7 ke\u015ffetti\u011fime inanam\u0131yorum. Yazd\u0131klar\u0131n\u0131 ilk defa okuyor olmak ise bu\u0308yu\u0308k bir heyecan!\u201d \u2014R. F. Kuang \u201cAYLARDIR SU\u0308REN UZAY YOLCULU\u011eU, NOSTALJ\u0130, YALNIZLIK&#8230;\u201d Ray Bradbury<span class=\"excerpt-hellip\"> [\u2026]<\/span><\/p>\n","protected":false},"featured_media":0,"template":"","meta":{"_monsterinsights_skip_tracking":false,"_monsterinsights_sitenote_active":false,"_monsterinsights_sitenote_note":"","_monsterinsights_sitenote_category":0},"product_brand":[],"product_cat":[12540,12291],"product_tag":[],"class_list":{"0":"post-768035","1":"product","2":"type-product","3":"status-publish","5":"product_cat-bilim-kurgu","6":"product_cat-edebiyat","7":"pa_cilt-ciltsiz","8":"pa_tur-kitap","9":"pa_yayinevi-ithaki-yayinlari","10":"pa_yazar-ray-bradbury","12":"first","13":"instock","14":"sale","15":"shipping-taxable","16":"purchasable","17":"product-type-simple"},"_links":{"self":[{"href":"https:\/\/roveyayinevi.com.tr\/index.php\/wp-json\/wp\/v2\/product\/768035","targetHints":{"allow":["GET"]}}],"collection":[{"href":"https:\/\/roveyayinevi.com.tr\/index.php\/wp-json\/wp\/v2\/product"}],"about":[{"href":"https:\/\/roveyayinevi.com.tr\/index.php\/wp-json\/wp\/v2\/types\/product"}],"wp:attachment":[{"href":"https:\/\/roveyayinevi.com.tr\/index.php\/wp-json\/wp\/v2\/media?parent=768035"}],"wp:term":[{"taxonomy":"product_brand","embeddable":true,"href":"https:\/\/roveyayinevi.com.tr\/index.php\/wp-json\/wp\/v2\/product_brand?post=768035"},{"taxonomy":"product_cat","embeddable":true,"href":"https:\/\/roveyayinevi.com.tr\/index.php\/wp-json\/wp\/v2\/product_cat?post=768035"},{"taxonomy":"product_tag","embeddable":true,"href":"https:\/\/roveyayinevi.com.tr\/index.php\/wp-json\/wp\/v2\/product_tag?post=768035"}],"curies":[{"name":"wp","href":"https:\/\/api.w.org\/{rel}","templated":true}]}}