{"id":768034,"date":"2025-08-28T13:07:25","date_gmt":"2025-08-28T10:07:25","guid":{"rendered":"https:\/\/roveyayinevi.com.tr\/index.php\/urun\/sanatsal-yaraticilik-ve-duygudurum-bozuklugu\/"},"modified":"2026-04-13T03:30:16","modified_gmt":"2026-04-13T00:30:16","slug":"sanatsal-yaraticilik-ve-duygudurum-bozuklugu","status":"publish","type":"product","link":"https:\/\/roveyayinevi.com.tr\/index.php\/urun\/sanatsal-yaraticilik-ve-duygudurum-bozuklugu\/","title":{"rendered":"Sanatsal Yarat\u0131c\u0131l\u0131k ve Duygudurum Bozuklu\u011fu"},"content":{"rendered":"<p>\u201cKom\u015fudurlar delili\u011fe t\u00fcm b\u00fcy\u00fck dehalarBir fiskede y\u0131k\u0131l\u0131verir aradaki duvarlar.\u201d Cem Mumcu, son derece kapsaml\u0131 bir vaka-kontrol \u00e7al\u0131\u015fmas\u0131yla yarat\u0131c\u0131l\u0131k ate\u015finin duygu dalgalanmalar\u0131yla olan ba\u011f\u0131n\u0131 titizlikle inceledi. G\u00fcc\u00fcn\u00fc ampirik bulgulardan alan; felsefenin, edebiyat\u0131n ve modern psikiyatrik yakla\u015f\u0131mlar\u0131n harmanland\u0131\u011f\u0131 bu ayd\u0131nlat\u0131c\u0131 eser b\u00f6ylece ortaya \u00e7\u0131km\u0131\u015f oldu.Sanat \u00fcretimi ile ruh sa\u011fl\u0131\u011f\u0131 aras\u0131ndaki karma\u015f\u0131k ili\u015fkiyi b\u00fct\u00fcnl\u00fckl\u00fc bir perspektiften g\u00f6rmek isteyenler i\u00e7in, e\u015fine az rastlan\u0131r bir kaynak. Bu kitapta sizi neler bekliyor?Ampirik Veriler ve Psikiyatrik Bulgular: Sanat\u00e7\u0131lar ve kontrol gruplar\u0131 \u00fczerinde yap\u0131lan kapsaml\u0131 ara\u015ft\u0131rmalar, yarat\u0131c\u0131 bireylerin duygu d\u00fcnyas\u0131n\u0131n s\u0131rlar\u0131n\u0131 bilimsel bir bak\u0131\u015f a\u00e7\u0131s\u0131yla ele al\u0131nmas\u0131.Tarihsel ve Mitolojik Ba\u011flam: Dionysos\u2019tan Virginia Woolf\u2019e, yarat\u0131c\u0131l\u0131kla delilik aras\u0131ndaki ince \u00e7izginin \u00f6rneklerle zenginle\u015ftirilmesi.Psikiyatri ve Felsefenin Harman\u0131: Platon, Aristoteles ve Romantik ak\u0131m\u0131n b\u00fcy\u00fck isimlerinden ilhamla; melankoli, mani ve esin s\u00fcre\u00e7leri aras\u0131nda bir yolculuk.Yaln\u0131zca akademik \u00e7evreler i\u00e7in de\u011fil, yarat\u0131c\u0131 s\u00fcrecin ini\u015fli \u00e7\u0131k\u0131\u015fl\u0131 d\u00fcnyas\u0131n\u0131 anlamak isteyen t\u00fcm okurlar i\u00e7in kaleme al\u0131nm\u0131\u015f bu eser, sanat\u0131 ve bilimi bir araya getiren derin bir yol g\u00f6sterici niteli\u011finde.<\/p>\n","protected":false},"excerpt":{"rendered":"<p>\u201cKom\u015fudurlar delili\u011fe t\u00fcm b\u00fcy\u00fck dehalarBir fiskede y\u0131k\u0131l\u0131verir aradaki duvarlar.\u201d Cem Mumcu, son derece kapsaml\u0131 bir vaka-kontrol \u00e7al\u0131\u015fmas\u0131yla yarat\u0131c\u0131l\u0131k ate\u015finin duygu dalgalanmalar\u0131yla olan ba\u011f\u0131n\u0131 titizlikle inceledi. G\u00fcc\u00fcn\u00fc<span class=\"excerpt-hellip\"> [\u2026]<\/span><\/p>\n","protected":false},"featured_media":0,"template":"","meta":{"_monsterinsights_skip_tracking":false,"_monsterinsights_sitenote_active":false,"_monsterinsights_sitenote_note":"","_monsterinsights_sitenote_category":0},"product_brand":[],"product_cat":[12357],"product_tag":[],"class_list":{"0":"post-768034","1":"product","2":"type-product","3":"status-publish","5":"product_cat-psikoloji","6":"pa_cilt-ciltsiz","7":"pa_tur-kitap","8":"pa_yayinevi-okuyan-us-yayin","9":"pa_yazar-cem-mumcu","11":"first","12":"instock","13":"sale","14":"shipping-taxable","15":"purchasable","16":"product-type-simple"},"_links":{"self":[{"href":"https:\/\/roveyayinevi.com.tr\/index.php\/wp-json\/wp\/v2\/product\/768034","targetHints":{"allow":["GET"]}}],"collection":[{"href":"https:\/\/roveyayinevi.com.tr\/index.php\/wp-json\/wp\/v2\/product"}],"about":[{"href":"https:\/\/roveyayinevi.com.tr\/index.php\/wp-json\/wp\/v2\/types\/product"}],"wp:attachment":[{"href":"https:\/\/roveyayinevi.com.tr\/index.php\/wp-json\/wp\/v2\/media?parent=768034"}],"wp:term":[{"taxonomy":"product_brand","embeddable":true,"href":"https:\/\/roveyayinevi.com.tr\/index.php\/wp-json\/wp\/v2\/product_brand?post=768034"},{"taxonomy":"product_cat","embeddable":true,"href":"https:\/\/roveyayinevi.com.tr\/index.php\/wp-json\/wp\/v2\/product_cat?post=768034"},{"taxonomy":"product_tag","embeddable":true,"href":"https:\/\/roveyayinevi.com.tr\/index.php\/wp-json\/wp\/v2\/product_tag?post=768034"}],"curies":[{"name":"wp","href":"https:\/\/api.w.org\/{rel}","templated":true}]}}