{"id":768032,"date":"2025-08-28T13:07:21","date_gmt":"2025-08-28T10:07:21","guid":{"rendered":"https:\/\/roveyayinevi.com.tr\/index.php\/urun\/cok-uzak-cok-yakin\/"},"modified":"2026-04-15T03:33:59","modified_gmt":"2026-04-15T00:33:59","slug":"cok-uzak-cok-yakin","status":"publish","type":"product","link":"https:\/\/roveyayinevi.com.tr\/index.php\/urun\/cok-uzak-cok-yakin\/","title":{"rendered":"\u00c7ok Uzak \u00c7ok Yak\u0131n"},"content":{"rendered":"<p>Mehmet Fatih Uslu\u2019nun 2011-2023 y\u0131llar\u0131 aras\u0131nda farkl\u0131 mecralarda yay\u0131mlanm\u0131\u015f yaz\u0131lar\u0131n\u0131n yan\u0131 s\u0131ra ilk defa g\u00fcn \u0131\u015f\u0131\u011f\u0131na \u00e7\u0131kan incelemelerinden olu\u015fan bu derleme, Ermenice edebiyat\u0131n ana meselelerine, geli\u015fim s\u00fcrecindeki duraklar\u0131na, \u00f6ne \u00e7\u0131kan edebiyat\u00e7\u0131lar\u0131na ve yap\u0131tlar\u0131na odaklan\u0131yor ve 1850\u2019den 2020\u2019ye uzanan geni\u015f bir zaman dilimini kaps\u0131yor. Bat\u0131 Ermenice edebiyatla tan\u0131\u015fmak isteyen okur i\u00e7in genel anlamda bilgilendirici ve merak uyand\u0131r\u0131c\u0131 nitelikte ve giri\u015f d\u00fczeyinde bir temel olu\u015fturuyor. <\/p>\n","protected":false},"excerpt":{"rendered":"<p>Mehmet Fatih Uslu\u2019nun 2011-2023 y\u0131llar\u0131 aras\u0131nda farkl\u0131 mecralarda yay\u0131mlanm\u0131\u015f yaz\u0131lar\u0131n\u0131n yan\u0131 s\u0131ra ilk defa g\u00fcn \u0131\u015f\u0131\u011f\u0131na \u00e7\u0131kan incelemelerinden olu\u015fan bu derleme, Ermenice edebiyat\u0131n ana meselelerine, geli\u015fim<span class=\"excerpt-hellip\"> [\u2026]<\/span><\/p>\n","protected":false},"featured_media":0,"template":"","meta":{"_monsterinsights_skip_tracking":false,"_monsterinsights_sitenote_active":false,"_monsterinsights_sitenote_note":"","_monsterinsights_sitenote_category":0},"product_brand":[],"product_cat":[13072,12291],"product_tag":[],"class_list":{"0":"post-768032","1":"product","2":"type-product","3":"status-publish","5":"product_cat-arastirma-inceleme-referans","6":"product_cat-edebiyat","7":"pa_cilt-ciltsiz","8":"pa_tur-kitap","9":"pa_yayinevi-aras-yayinlari","10":"pa_yazar-mehmet-fatih-uslu","12":"first","13":"instock","14":"sale","15":"shipping-taxable","16":"purchasable","17":"product-type-simple"},"_links":{"self":[{"href":"https:\/\/roveyayinevi.com.tr\/index.php\/wp-json\/wp\/v2\/product\/768032","targetHints":{"allow":["GET"]}}],"collection":[{"href":"https:\/\/roveyayinevi.com.tr\/index.php\/wp-json\/wp\/v2\/product"}],"about":[{"href":"https:\/\/roveyayinevi.com.tr\/index.php\/wp-json\/wp\/v2\/types\/product"}],"wp:attachment":[{"href":"https:\/\/roveyayinevi.com.tr\/index.php\/wp-json\/wp\/v2\/media?parent=768032"}],"wp:term":[{"taxonomy":"product_brand","embeddable":true,"href":"https:\/\/roveyayinevi.com.tr\/index.php\/wp-json\/wp\/v2\/product_brand?post=768032"},{"taxonomy":"product_cat","embeddable":true,"href":"https:\/\/roveyayinevi.com.tr\/index.php\/wp-json\/wp\/v2\/product_cat?post=768032"},{"taxonomy":"product_tag","embeddable":true,"href":"https:\/\/roveyayinevi.com.tr\/index.php\/wp-json\/wp\/v2\/product_tag?post=768032"}],"curies":[{"name":"wp","href":"https:\/\/api.w.org\/{rel}","templated":true}]}}