{"id":768031,"date":"2025-08-28T13:07:18","date_gmt":"2025-08-28T10:07:18","guid":{"rendered":"https:\/\/roveyayinevi.com.tr\/index.php\/urun\/metamorfoz-2\/"},"modified":"2026-03-12T03:31:27","modified_gmt":"2026-03-12T00:31:27","slug":"metamorfoz-2","status":"publish","type":"product","link":"https:\/\/roveyayinevi.com.tr\/index.php\/urun\/metamorfoz-2\/","title":{"rendered":"Metamorfoz"},"content":{"rendered":"<p>Ge\u00e7mi\u015fte ya\u015fad\u0131\u011f\u0131 trajik bir laboratuvar kazas\u0131n\u0131n etkisinden kurtulamayan bilim insan\u0131 bir yabanc\u0131n\u0131n geli\u015fiyle kaz\u00e2n\u0131n ard\u0131ndaki deh\u015fet verici ger\u00e7e\u011fi ortaya \u00e7\u0131karmaya \u00e7al\u0131\u015f\u0131r. Ancak bu ger\u00e7ekleri a\u00e7\u0131\u011fa \u00e7\u0131karmak, onu daha derin bir bilinmezli\u011fe s\u00fcr\u00fckleyerek, bilimsel inan\u00e7lar\u0131n\u0131 ve insan do\u011fas\u0131na dair bildiklerini sarsan bir yolculu\u011fa \u00e7\u0131kar\u0131r. <\/p>\n","protected":false},"excerpt":{"rendered":"<p>Ge\u00e7mi\u015fte ya\u015fad\u0131\u011f\u0131 trajik bir laboratuvar kazas\u0131n\u0131n etkisinden kurtulamayan bilim insan\u0131 bir yabanc\u0131n\u0131n geli\u015fiyle kaz\u00e2n\u0131n ard\u0131ndaki deh\u015fet verici ger\u00e7e\u011fi ortaya \u00e7\u0131karmaya \u00e7al\u0131\u015f\u0131r. Ancak bu ger\u00e7ekleri a\u00e7\u0131\u011fa \u00e7\u0131karmak,<span class=\"excerpt-hellip\"> [\u2026]<\/span><\/p>\n","protected":false},"featured_media":0,"template":"","meta":{"_monsterinsights_skip_tracking":false,"_monsterinsights_sitenote_active":false,"_monsterinsights_sitenote_note":"","_monsterinsights_sitenote_category":0},"product_brand":[],"product_cat":[12291,12332],"product_tag":[],"class_list":{"0":"post-768031","1":"product","2":"type-product","3":"status-publish","5":"product_cat-edebiyat","6":"product_cat-senaryo","7":"pa_cilt-ciltsiz","8":"pa_tur-kitap","9":"pa_yayinevi-kirmizi-cati-yayinlari","10":"pa_yazar-tulun-kabacaoglu","12":"first","13":"instock","14":"sale","15":"shipping-taxable","16":"purchasable","17":"product-type-simple"},"_links":{"self":[{"href":"https:\/\/roveyayinevi.com.tr\/index.php\/wp-json\/wp\/v2\/product\/768031","targetHints":{"allow":["GET"]}}],"collection":[{"href":"https:\/\/roveyayinevi.com.tr\/index.php\/wp-json\/wp\/v2\/product"}],"about":[{"href":"https:\/\/roveyayinevi.com.tr\/index.php\/wp-json\/wp\/v2\/types\/product"}],"wp:attachment":[{"href":"https:\/\/roveyayinevi.com.tr\/index.php\/wp-json\/wp\/v2\/media?parent=768031"}],"wp:term":[{"taxonomy":"product_brand","embeddable":true,"href":"https:\/\/roveyayinevi.com.tr\/index.php\/wp-json\/wp\/v2\/product_brand?post=768031"},{"taxonomy":"product_cat","embeddable":true,"href":"https:\/\/roveyayinevi.com.tr\/index.php\/wp-json\/wp\/v2\/product_cat?post=768031"},{"taxonomy":"product_tag","embeddable":true,"href":"https:\/\/roveyayinevi.com.tr\/index.php\/wp-json\/wp\/v2\/product_tag?post=768031"}],"curies":[{"name":"wp","href":"https:\/\/api.w.org\/{rel}","templated":true}]}}