{"id":768028,"date":"2025-08-28T13:07:07","date_gmt":"2025-08-28T10:07:07","guid":{"rendered":"https:\/\/roveyayinevi.com.tr\/index.php\/urun\/hepimiz-yildiz-tozuyuz\/"},"modified":"2026-04-15T03:33:58","modified_gmt":"2026-04-15T00:33:58","slug":"hepimiz-yildiz-tozuyuz","status":"publish","type":"product","link":"https:\/\/roveyayinevi.com.tr\/index.php\/urun\/hepimiz-yildiz-tozuyuz\/","title":{"rendered":"Hepimiz Y\u0131ld\u0131z Tozuyuz"},"content":{"rendered":"<p>Cans\u0131z nesnelerden tamamen farkl\u0131 oldu\u011funuzu d\u00fc\u015f\u00fcnebilirsiniz, ama sonu\u00e7ta bizim bedenlerimiz de evrende var olan elementlerden olu\u015fuyor. E\u011fer 70 kg iseniz, 10 kg k\u00f6m\u00fcr olu\u015fturacak kadar karbon, bir tuzlu\u011fu dolduracak miktarda tuz, birka\u00e7 y\u00fczme havuzunu dezenfekte edecek \u00f6l\u00e7\u00fcde klor ve 7,5 santimlik bir \u00e7ivi \u00fcretmeye yetecek kadar demir ta\u015f\u0131yorsunuz demektir. Peki bu elementler nereden geldi ve bizi nas\u0131l olu\u015fturdu?   Evrendeki t\u00fcm maddenin \u2013\u00e7evremizdeki ve i\u00e7imizdeki her \u015feyin\u2013 nihai bir do\u011fum g\u00fcn\u00fc var: B\u00fcy\u00fck Patlama. Dan Levitt, atomlar\u0131m\u0131z\u0131n B\u00fcy\u00fck Patlama ile ba\u015flayan uzun yolculuklar\u0131 s\u0131ras\u0131nda nas\u0131l y\u0131ld\u0131zlara d\u00f6n\u00fc\u015ft\u00fcklerini, gezegenimizin bi\u00e7imlenmesini sa\u011flad\u0131klar\u0131n\u0131, ard\u0131ndan bu cans\u0131z atomlar\u0131n hayret verici \u015fekillerde birle\u015ferek nas\u0131l canl\u0131l\u0131\u011f\u0131 yaratt\u0131\u011f\u0131n\u0131 ve nihayetinde bizim ortaya \u00e7\u0131kmam\u0131z\u0131 m\u00fcmk\u00fcn k\u0131ld\u0131\u011f\u0131n\u0131, dahas\u0131 bedenlerimizin h\u00fccrelerimizdeki muazzam mekanizmalarla tabaklar\u0131m\u0131zdaki yiyecekleri nas\u0131l bize d\u00f6n\u00fc\u015ft\u00fcrd\u00fc\u011f\u00fcn\u00fc anlat\u0131yor.   Ama ya\u015fam\u0131n hik\u00e2yesi oldu\u011fu kadar, onun s\u0131rlar\u0131n\u0131 \u00e7\u00f6zme yolunda \u00f6nemli ad\u0131mlar atmam\u0131z\u0131 sa\u011flayan biliminsanlar\u0131n\u0131n da hik\u00e2yesi bu \u2013 k\u0131ran k\u0131rana rekabetlerin, tak\u0131nt\u0131lar\u0131n, hayal k\u0131r\u0131kl\u0131klar\u0131n\u0131n, ani ayd\u0131nlanmalar\u0131n ve elbette safi tesad\u00fcflerin \u00f6nemli bir yer tuttu\u011fu heyecanl\u0131 bir bilim tarihi anlat\u0131s\u0131.   Usta bir hik\u00e2ye anlat\u0131c\u0131s\u0131 olan Levitt\u2019in ak\u0131c\u0131 bir dille kaleme ald\u0131\u011f\u0131 bu kitab\u0131 bilime ve bilim tarihine merakl\u0131 t\u00fcm okurlar\u0131m\u0131z\u0131n severek okuyaca\u011f\u0131n\u0131 umuyoruz.     <\/p>\n","protected":false},"excerpt":{"rendered":"<p>Cans\u0131z nesnelerden tamamen farkl\u0131 oldu\u011funuzu d\u00fc\u015f\u00fcnebilirsiniz, ama sonu\u00e7ta bizim bedenlerimiz de evrende var olan elementlerden olu\u015fuyor. E\u011fer 70 kg iseniz, 10 kg k\u00f6m\u00fcr olu\u015fturacak kadar karbon,<span class=\"excerpt-hellip\"> [\u2026]<\/span><\/p>\n","protected":false},"featured_media":0,"template":"","meta":{"_monsterinsights_skip_tracking":false,"_monsterinsights_sitenote_active":false,"_monsterinsights_sitenote_note":"","_monsterinsights_sitenote_category":0},"product_brand":[],"product_cat":[13005,13006],"product_tag":[],"class_list":{"0":"post-768028","1":"product","2":"type-product","3":"status-publish","5":"product_cat-bilim-muhendislik","6":"product_cat-populer-bilim","7":"pa_cilt-ciltsiz","8":"pa_tur-kitap","9":"pa_yayinevi-metis-yayinlari","10":"pa_yazar-dan-levitt","12":"first","13":"instock","14":"sale","15":"shipping-taxable","16":"purchasable","17":"product-type-simple"},"_links":{"self":[{"href":"https:\/\/roveyayinevi.com.tr\/index.php\/wp-json\/wp\/v2\/product\/768028","targetHints":{"allow":["GET"]}}],"collection":[{"href":"https:\/\/roveyayinevi.com.tr\/index.php\/wp-json\/wp\/v2\/product"}],"about":[{"href":"https:\/\/roveyayinevi.com.tr\/index.php\/wp-json\/wp\/v2\/types\/product"}],"wp:attachment":[{"href":"https:\/\/roveyayinevi.com.tr\/index.php\/wp-json\/wp\/v2\/media?parent=768028"}],"wp:term":[{"taxonomy":"product_brand","embeddable":true,"href":"https:\/\/roveyayinevi.com.tr\/index.php\/wp-json\/wp\/v2\/product_brand?post=768028"},{"taxonomy":"product_cat","embeddable":true,"href":"https:\/\/roveyayinevi.com.tr\/index.php\/wp-json\/wp\/v2\/product_cat?post=768028"},{"taxonomy":"product_tag","embeddable":true,"href":"https:\/\/roveyayinevi.com.tr\/index.php\/wp-json\/wp\/v2\/product_tag?post=768028"}],"curies":[{"name":"wp","href":"https:\/\/api.w.org\/{rel}","templated":true}]}}