{"id":768024,"date":"2025-08-28T13:07:00","date_gmt":"2025-08-28T10:07:00","guid":{"rendered":"https:\/\/roveyayinevi.com.tr\/index.php\/urun\/dusundugun-kadar-zor-degil\/"},"modified":"2026-04-03T03:25:09","modified_gmt":"2026-04-03T00:25:09","slug":"dusundugun-kadar-zor-degil","status":"publish","type":"product","link":"https:\/\/roveyayinevi.com.tr\/index.php\/urun\/dusundugun-kadar-zor-degil\/","title":{"rendered":"D\u00fc\u015f\u00fcnd\u00fc\u011f\u00fcn Kadar Zor De\u011fil"},"content":{"rendered":"<p>Ge\u00e7mi\u015finizin G\u00f6lgesiyle Y\u00fczle\u015fmeye Haz\u0131r m\u0131s\u0131n\u0131z?   Zihninizin derinliklerinde yank\u0131lanan sorular, size ne anlatmaya \u00e7al\u0131\u015f\u0131yor? Kayg\u0131lar\u0131n\u0131z\u0131n k\u00f6keni, \u00e7ocuklu\u011funuzun sessiz \u00e7\u0131\u011fl\u0131klar\u0131nda m\u0131 gizli? Hatalar\u0131n\u0131z\u0131 neden tekrar ediyor, \u00f6fkenizi neden bast\u0131ram\u0131yorsunuz? Bu kitap, i\u00e7inizdeki yaral\u0131 \u00e7ocu\u011fa \u0131\u015f\u0131k tutarak, ge\u00e7mi\u015fin karanl\u0131k izlerini anlaman\u0131za ve onarman\u0131za rehberlik edecek. Ebeveynlerinizin miras b\u0131rakt\u0131\u011f\u0131 travmalarla y\u00fczle\u015fmek, bedeninizde saklanan duygular\u0131 serbest b\u0131rakmak ve zihninizdeki ac\u0131mas\u0131z yarg\u0131c\u0131 susturmak m\u00fcmk\u00fcn m\u00fc? Cevaplar bu sayfalarda sizi bekliyor. Kendinizi yeniden tan\u0131maya cesaret edin. Bu yolculuk, ruhunuzun derinliklerine at\u0131lan ilk ad\u0131m olacak. <\/p>\n","protected":false},"excerpt":{"rendered":"<p>Ge\u00e7mi\u015finizin G\u00f6lgesiyle Y\u00fczle\u015fmeye Haz\u0131r m\u0131s\u0131n\u0131z? Zihninizin derinliklerinde yank\u0131lanan sorular, size ne anlatmaya \u00e7al\u0131\u015f\u0131yor? Kayg\u0131lar\u0131n\u0131z\u0131n k\u00f6keni, \u00e7ocuklu\u011funuzun sessiz \u00e7\u0131\u011fl\u0131klar\u0131nda m\u0131 gizli? Hatalar\u0131n\u0131z\u0131 neden tekrar ediyor, \u00f6fkenizi neden<span class=\"excerpt-hellip\"> [\u2026]<\/span><\/p>\n","protected":false},"featured_media":0,"template":"","meta":{"_monsterinsights_skip_tracking":false,"_monsterinsights_sitenote_active":false,"_monsterinsights_sitenote_note":"","_monsterinsights_sitenote_category":0},"product_brand":[],"product_cat":[12364,12376],"product_tag":[],"class_list":{"0":"post-768024","1":"product","2":"type-product","3":"status-publish","5":"product_cat-genel-konular","6":"product_cat-kisisel-gelisim","7":"pa_cilt-ciltsiz","8":"pa_tur-kitap","9":"pa_yayinevi-destek-yayinlari","10":"pa_yazar-mehmet-ozturk","12":"first","13":"instock","14":"sale","15":"shipping-taxable","16":"purchasable","17":"product-type-simple"},"_links":{"self":[{"href":"https:\/\/roveyayinevi.com.tr\/index.php\/wp-json\/wp\/v2\/product\/768024","targetHints":{"allow":["GET"]}}],"collection":[{"href":"https:\/\/roveyayinevi.com.tr\/index.php\/wp-json\/wp\/v2\/product"}],"about":[{"href":"https:\/\/roveyayinevi.com.tr\/index.php\/wp-json\/wp\/v2\/types\/product"}],"wp:attachment":[{"href":"https:\/\/roveyayinevi.com.tr\/index.php\/wp-json\/wp\/v2\/media?parent=768024"}],"wp:term":[{"taxonomy":"product_brand","embeddable":true,"href":"https:\/\/roveyayinevi.com.tr\/index.php\/wp-json\/wp\/v2\/product_brand?post=768024"},{"taxonomy":"product_cat","embeddable":true,"href":"https:\/\/roveyayinevi.com.tr\/index.php\/wp-json\/wp\/v2\/product_cat?post=768024"},{"taxonomy":"product_tag","embeddable":true,"href":"https:\/\/roveyayinevi.com.tr\/index.php\/wp-json\/wp\/v2\/product_tag?post=768024"}],"curies":[{"name":"wp","href":"https:\/\/api.w.org\/{rel}","templated":true}]}}